{"id":110905,"date":"2026-05-05T05:49:07","date_gmt":"2026-05-05T08:49:07","guid":{"rendered":"https:\/\/www.hediyepazar.com\/?product=p9-plus-kulaklik-siyah"},"modified":"2026-05-05T05:49:07","modified_gmt":"2026-05-05T08:49:07","slug":"p9-plus-kulaklik-siyah","status":"publish","type":"product","link":"https:\/\/www.hediyepazar.com\/?product=p9-plus-kulaklik-siyah","title":{"rendered":"P9 PLUS KULAKLIK S\u0130YAH"},"content":{"rendered":"<p>Bluetooth Kulak \u00dcst\u00fc Kulakl\u0131k P9 Pro Plus Dinamik kafa izleme \u00f6zellikli uzamsal ses Optik sens\u00f6r (kulakl\u0131\u011f\u0131n her iki taraf\u0131nda) Pozisyon sens\u00f6r\u00fc (kulakl\u0131\u011f\u0131n her iki taraf\u0131nda) K\u0131l\u0131f alg\u0131lama sens\u00f6r\u00fc (kulakl\u0131\u011f\u0131n her iki taraf\u0131nda) \u0130vme\u00f6l\u00e7er (kulakl\u0131\u011f\u0131n her iki taraf\u0131nda) Jiroskop (sol kulakl\u0131kta) Ses yakalama i\u00e7in \u00fc\u00e7 adet mikrofon H1 kulakl\u0131k \u00e7ipi (kulakl\u0131\u011f\u0131n her iki taraf\u0131nda A\u011f\u0131rl\u0131k: 134,5 gram Aktif G\u00fcr\u00fclt\u00fc Engelleme veya \u015eeffaf Mod a\u00e7\u0131kken tek \u015farjla 5 saate kadar dinleme s\u00fcresi Uzamsal ses a\u00e7\u0131kken tek \u015farjla 5 saate kadar film oynatma Tek \u015farjla 4 saate kadar konu\u015fma s\u00fcresi 5 dakika \u015farjla 1,5 saate kadar dinleme s\u00fcresi Bluetooth 5.0<\/p>\n","protected":false},"excerpt":{"rendered":"<p>Bluetooth Kulak \u00dcst\u00fc Kulakl\u0131k P9 Pro Plus Dinamik kafa izleme \u00f6zellikli uzamsal ses Optik sens\u00f6r (kulakl\u0131\u011f\u0131n her iki taraf\u0131nda) Pozisyon sens\u00f6r\u00fc (kulakl\u0131\u011f\u0131n her iki taraf\u0131nda) K\u0131l\u0131f alg\u0131lama sens\u00f6r\u00fc (kulakl\u0131\u011f\u0131n her iki taraf\u0131nda) \u0130vme\u00f6l\u00e7er (kulakl\u0131\u011f\u0131n her iki taraf\u0131nda) Jiroskop (sol kulakl\u0131kta) Ses yakalama i\u00e7in \u00fc\u00e7 adet mikrofon H1 kulakl\u0131k \u00e7ipi (kulakl\u0131\u011f\u0131n her iki taraf\u0131nda A\u011f\u0131rl\u0131k: 134,5&#8230;<\/p>\n","protected":false},"featured_media":110904,"comment_status":"open","ping_status":"closed","template":"","meta":{"_kad_post_transparent":"","_kad_post_title":"","_kad_post_layout":"","_kad_post_sidebar_id":"","_kad_post_content_style":"","_kad_post_vertical_padding":"","_kad_post_feature":"","_kad_post_feature_position":"","_kad_post_header":false,"_kad_post_footer":false,"_kad_post_classname":""},"product_brand":[],"product_cat":[14957],"product_tag":[],"class_list":{"0":"post-110905","1":"product","2":"type-product","3":"status-publish","4":"has-post-thumbnail","6":"product_cat-kablosuz-kulaklik-kablosuz-kulaklik","8":"first","9":"instock","10":"purchasable","11":"product-type-simple","12":"entry","13":"content-bg","14":"loop-entry"},"_links":{"self":[{"href":"https:\/\/www.hediyepazar.com\/index.php?rest_route=\/wp\/v2\/product\/110905","targetHints":{"allow":["GET"]}}],"collection":[{"href":"https:\/\/www.hediyepazar.com\/index.php?rest_route=\/wp\/v2\/product"}],"about":[{"href":"https:\/\/www.hediyepazar.com\/index.php?rest_route=\/wp\/v2\/types\/product"}],"replies":[{"embeddable":true,"href":"https:\/\/www.hediyepazar.com\/index.php?rest_route=%2Fwp%2Fv2%2Fcomments&post=110905"}],"wp:featuredmedia":[{"embeddable":true,"href":"https:\/\/www.hediyepazar.com\/index.php?rest_route=\/wp\/v2\/media\/110904"}],"wp:attachment":[{"href":"https:\/\/www.hediyepazar.com\/index.php?rest_route=%2Fwp%2Fv2%2Fmedia&parent=110905"}],"wp:term":[{"taxonomy":"product_brand","embeddable":true,"href":"https:\/\/www.hediyepazar.com\/index.php?rest_route=%2Fwp%2Fv2%2Fproduct_brand&post=110905"},{"taxonomy":"product_cat","embeddable":true,"href":"https:\/\/www.hediyepazar.com\/index.php?rest_route=%2Fwp%2Fv2%2Fproduct_cat&post=110905"},{"taxonomy":"product_tag","embeddable":true,"href":"https:\/\/www.hediyepazar.com\/index.php?rest_route=%2Fwp%2Fv2%2Fproduct_tag&post=110905"}],"curies":[{"name":"wp","href":"https:\/\/api.w.org\/{rel}","templated":true}]}}