{"id":110911,"date":"2026-05-05T05:49:17","date_gmt":"2026-05-05T08:49:17","guid":{"rendered":"https:\/\/www.hediyepazar.com\/?product=3-bardakli-termos-seti"},"modified":"2026-05-05T05:49:17","modified_gmt":"2026-05-05T08:49:17","slug":"3-bardakli-termos-seti","status":"publish","type":"product","link":"https:\/\/www.hediyepazar.com\/?product=3-bardakli-termos-seti","title":{"rendered":"3 BARDAKLI TERMOS SET\u0130"},"content":{"rendered":"<p>3 BARDAKLI TERMOS SET\u0130 12 saat boyunca i\u00e7eceklerinizi s\u0131cak ya da so\u011fuk tutma \u00f6zelli\u011fi ile g\u00fcn boyu ideal s\u0131cakl\u0131kta i\u00e7eceklerinizi keyifle yudumlay\u0131n \u0130\u00e7eceklerinizi g\u00fcvenle ta\u015f\u0131yabilece\u011finiz, dayan\u0131kl\u0131 ve uzun \u00f6m\u00fcrl\u00fc paslanmaz \u00e7elik materyalden \u00fcretilmi\u015ftir \u015e\u0131k ve modern tasar\u0131m\u0131yla dikkat \u00e7eken bu termos seti, 4 farkl\u0131 renk se\u00e7ene\u011fiyle ki\u015fisel zevkinize uygun bir g\u00f6r\u00fcn\u00fcm sunar Pratik kullan\u0131m i\u00e7in tasarlanm\u0131\u015f vakumlu kapaklar\u0131 sayesinde i\u00e7ecekleriniz d\u00f6k\u00fclmez ve her zaman taze kal\u0131r Hediye olarak tercih edebilece\u011finiz bu termos seti, \u00e7anta hediyeli olarak sunulur ve sevdiklerinize \u015f\u0131k bir hediye alternatifi olu\u015fturur<\/p>\n","protected":false},"excerpt":{"rendered":"<p>3 BARDAKLI TERMOS SET\u0130 12 saat boyunca i\u00e7eceklerinizi s\u0131cak ya da so\u011fuk tutma \u00f6zelli\u011fi ile g\u00fcn boyu ideal s\u0131cakl\u0131kta i\u00e7eceklerinizi keyifle yudumlay\u0131n \u0130\u00e7eceklerinizi g\u00fcvenle ta\u015f\u0131yabilece\u011finiz, dayan\u0131kl\u0131 ve uzun \u00f6m\u00fcrl\u00fc paslanmaz \u00e7elik materyalden \u00fcretilmi\u015ftir \u015e\u0131k ve modern tasar\u0131m\u0131yla dikkat \u00e7eken bu termos seti, 4 farkl\u0131 renk se\u00e7ene\u011fiyle ki\u015fisel zevkinize uygun bir g\u00f6r\u00fcn\u00fcm sunar Pratik kullan\u0131m i\u00e7in&#8230;<\/p>\n","protected":false},"featured_media":110910,"comment_status":"open","ping_status":"closed","template":"","meta":{"_kad_post_transparent":"","_kad_post_title":"","_kad_post_layout":"","_kad_post_sidebar_id":"","_kad_post_content_style":"","_kad_post_vertical_padding":"","_kad_post_feature":"","_kad_post_feature_position":"","_kad_post_header":false,"_kad_post_footer":false,"_kad_post_classname":""},"product_brand":[],"product_cat":[14909],"product_tag":[],"class_list":{"0":"post-110911","1":"product","2":"type-product","3":"status-publish","4":"has-post-thumbnail","6":"product_cat-termos-termos","8":"first","9":"instock","10":"purchasable","11":"product-type-simple","12":"entry","13":"content-bg","14":"loop-entry"},"_links":{"self":[{"href":"https:\/\/www.hediyepazar.com\/index.php?rest_route=\/wp\/v2\/product\/110911","targetHints":{"allow":["GET"]}}],"collection":[{"href":"https:\/\/www.hediyepazar.com\/index.php?rest_route=\/wp\/v2\/product"}],"about":[{"href":"https:\/\/www.hediyepazar.com\/index.php?rest_route=\/wp\/v2\/types\/product"}],"replies":[{"embeddable":true,"href":"https:\/\/www.hediyepazar.com\/index.php?rest_route=%2Fwp%2Fv2%2Fcomments&post=110911"}],"wp:featuredmedia":[{"embeddable":true,"href":"https:\/\/www.hediyepazar.com\/index.php?rest_route=\/wp\/v2\/media\/110910"}],"wp:attachment":[{"href":"https:\/\/www.hediyepazar.com\/index.php?rest_route=%2Fwp%2Fv2%2Fmedia&parent=110911"}],"wp:term":[{"taxonomy":"product_brand","embeddable":true,"href":"https:\/\/www.hediyepazar.com\/index.php?rest_route=%2Fwp%2Fv2%2Fproduct_brand&post=110911"},{"taxonomy":"product_cat","embeddable":true,"href":"https:\/\/www.hediyepazar.com\/index.php?rest_route=%2Fwp%2Fv2%2Fproduct_cat&post=110911"},{"taxonomy":"product_tag","embeddable":true,"href":"https:\/\/www.hediyepazar.com\/index.php?rest_route=%2Fwp%2Fv2%2Fproduct_tag&post=110911"}],"curies":[{"name":"wp","href":"https:\/\/api.w.org\/{rel}","templated":true}]}}