{"id":110917,"date":"2026-05-05T05:50:08","date_gmt":"2026-05-05T08:50:08","guid":{"rendered":"https:\/\/www.hediyepazar.com\/?product=5-metre-serit-led"},"modified":"2026-05-05T05:50:08","modified_gmt":"2026-05-05T08:50:08","slug":"5-metre-serit-led","status":"publish","type":"product","link":"https:\/\/www.hediyepazar.com\/?product=5-metre-serit-led","title":{"rendered":"5 Metre \u015eerit Led"},"content":{"rendered":"<p>5 Metre \u015eerit LedSilikonlu \u015eerit Led\u00a04 mod (strobe, fade, smooth, flash) kumanda ile renkleri de\u011fi\u015ftirebilir, istedi\u011finiz moda ge\u00e7ebilir, a\u00e7ma\/kapama yapabilirsiniz.G\u00fc\u00e7l\u00fc ve parlak ayd\u0131nlatmaya enerji s\u0131n\u0131f\u0131 ile d\u00fc\u015f\u00fck elektrik t\u00fcketimi \u00e7al\u0131\u015fma g\u00fcc\u00fc 12volt yap\u0131\u015fkanl\u0131 bant\u0131 ile istedi\u011finiz y\u00fczeye uygulayabilirsiniz.\u0130\u00e7 ve d\u0131\u015f mekanlarda ayd\u0131nlatma ve dekor ama\u00e7l\u0131 kullan\u0131ma uygundur.Su ge\u00e7irmez tozlanmaz kirlenmez.\u00a0Paket \u0130\u00e7eri\u011fi:\u015eerit led kumanda adapt\u00f6r kontrol kutusu<\/p>\n","protected":false},"excerpt":{"rendered":"<p>5 Metre \u015eerit LedSilikonlu \u015eerit Led\u00a04 mod (strobe, fade, smooth, flash) kumanda ile renkleri de\u011fi\u015ftirebilir, istedi\u011finiz moda ge\u00e7ebilir, a\u00e7ma\/kapama yapabilirsiniz.G\u00fc\u00e7l\u00fc ve parlak ayd\u0131nlatmaya enerji s\u0131n\u0131f\u0131 ile d\u00fc\u015f\u00fck elektrik t\u00fcketimi \u00e7al\u0131\u015fma g\u00fcc\u00fc 12volt yap\u0131\u015fkanl\u0131 bant\u0131 ile istedi\u011finiz y\u00fczeye uygulayabilirsiniz.\u0130\u00e7 ve d\u0131\u015f mekanlarda ayd\u0131nlatma ve dekor ama\u00e7l\u0131 kullan\u0131ma uygundur.Su ge\u00e7irmez tozlanmaz kirlenmez.\u00a0Paket \u0130\u00e7eri\u011fi:\u015eerit led kumanda adapt\u00f6r kontrol&#8230;<\/p>\n","protected":false},"featured_media":110916,"comment_status":"open","ping_status":"closed","template":"","meta":{"_kad_post_transparent":"","_kad_post_title":"","_kad_post_layout":"","_kad_post_sidebar_id":"","_kad_post_content_style":"","_kad_post_vertical_padding":"","_kad_post_feature":"","_kad_post_feature_position":"","_kad_post_header":false,"_kad_post_footer":false,"_kad_post_classname":""},"product_brand":[],"product_cat":[14933],"product_tag":[],"class_list":{"0":"post-110917","1":"product","2":"type-product","3":"status-publish","4":"has-post-thumbnail","6":"product_cat-led-isik-led-isik","8":"first","9":"instock","10":"purchasable","11":"product-type-simple","12":"entry","13":"content-bg","14":"loop-entry"},"_links":{"self":[{"href":"https:\/\/www.hediyepazar.com\/index.php?rest_route=\/wp\/v2\/product\/110917","targetHints":{"allow":["GET"]}}],"collection":[{"href":"https:\/\/www.hediyepazar.com\/index.php?rest_route=\/wp\/v2\/product"}],"about":[{"href":"https:\/\/www.hediyepazar.com\/index.php?rest_route=\/wp\/v2\/types\/product"}],"replies":[{"embeddable":true,"href":"https:\/\/www.hediyepazar.com\/index.php?rest_route=%2Fwp%2Fv2%2Fcomments&post=110917"}],"wp:featuredmedia":[{"embeddable":true,"href":"https:\/\/www.hediyepazar.com\/index.php?rest_route=\/wp\/v2\/media\/110916"}],"wp:attachment":[{"href":"https:\/\/www.hediyepazar.com\/index.php?rest_route=%2Fwp%2Fv2%2Fmedia&parent=110917"}],"wp:term":[{"taxonomy":"product_brand","embeddable":true,"href":"https:\/\/www.hediyepazar.com\/index.php?rest_route=%2Fwp%2Fv2%2Fproduct_brand&post=110917"},{"taxonomy":"product_cat","embeddable":true,"href":"https:\/\/www.hediyepazar.com\/index.php?rest_route=%2Fwp%2Fv2%2Fproduct_cat&post=110917"},{"taxonomy":"product_tag","embeddable":true,"href":"https:\/\/www.hediyepazar.com\/index.php?rest_route=%2Fwp%2Fv2%2Fproduct_tag&post=110917"}],"curies":[{"name":"wp","href":"https:\/\/api.w.org\/{rel}","templated":true}]}}