{"id":110931,"date":"2026-05-05T05:51:14","date_gmt":"2026-05-05T08:51:14","guid":{"rendered":"https:\/\/www.hediyepazar.com\/?product=s05-kablosuz-bluetooth-5-3-spor-kulaklik-su-gecirmez"},"modified":"2026-05-05T05:51:14","modified_gmt":"2026-05-05T08:51:14","slug":"s05-kablosuz-bluetooth-5-3-spor-kulaklik-su-gecirmez","status":"publish","type":"product","link":"https:\/\/www.hediyepazar.com\/?product=s05-kablosuz-bluetooth-5-3-spor-kulaklik-su-gecirmez","title":{"rendered":"S05 Kablosuz Bluetooth 5.3 Spor Kulakl\u0131k \u2013 Su Ge\u00e7irmez"},"content":{"rendered":"<p>S05 kablosuz kulakl\u0131k, Bluetooth 5.3 teknolojisi sayesinde y\u00fcksek iletim h\u0131z\u0131 ve d\u00fc\u015f\u00fck gecikme sunar. IPX4 su ge\u00e7irmez yap\u0131s\u0131yla ter ve su s\u0131\u00e7ramalar\u0131na kar\u015f\u0131 dayan\u0131kl\u0131d\u0131r, bu da spor s\u0131ras\u0131nda g\u00fcvenli kullan\u0131m sa\u011flar. Otomatik ba\u011flant\u0131 \u00f6zelli\u011fi sayesinde kutudan \u00e7\u0131kard\u0131\u011f\u0131n\u0131z anda cihaz\u0131n\u0131zla e\u015fle\u015fir. Hem m\u00fczik dinlemek hem de telefon g\u00f6r\u00fc\u015fmeleri i\u00e7in g\u00fc\u00e7l\u00fc stereo ses kalitesi sunar.<\/p>\n","protected":false},"excerpt":{"rendered":"<p>S05 kablosuz kulakl\u0131k, Bluetooth 5.3 teknolojisi sayesinde y\u00fcksek iletim h\u0131z\u0131 ve d\u00fc\u015f\u00fck gecikme sunar. IPX4 su ge\u00e7irmez yap\u0131s\u0131yla ter ve su s\u0131\u00e7ramalar\u0131na kar\u015f\u0131 dayan\u0131kl\u0131d\u0131r, bu da spor s\u0131ras\u0131nda g\u00fcvenli kullan\u0131m sa\u011flar. Otomatik ba\u011flant\u0131 \u00f6zelli\u011fi sayesinde kutudan \u00e7\u0131kard\u0131\u011f\u0131n\u0131z anda cihaz\u0131n\u0131zla e\u015fle\u015fir. Hem m\u00fczik dinlemek hem de telefon g\u00f6r\u00fc\u015fmeleri i\u00e7in g\u00fc\u00e7l\u00fc stereo ses kalitesi sunar.<\/p>\n","protected":false},"featured_media":110930,"comment_status":"open","ping_status":"closed","template":"","meta":{"_kad_post_transparent":"","_kad_post_title":"","_kad_post_layout":"","_kad_post_sidebar_id":"","_kad_post_content_style":"","_kad_post_vertical_padding":"","_kad_post_feature":"","_kad_post_feature_position":"","_kad_post_header":false,"_kad_post_footer":false,"_kad_post_classname":""},"product_brand":[],"product_cat":[14957],"product_tag":[],"class_list":{"0":"post-110931","1":"product","2":"type-product","3":"status-publish","4":"has-post-thumbnail","6":"product_cat-kablosuz-kulaklik-kablosuz-kulaklik","8":"first","9":"instock","10":"purchasable","11":"product-type-simple","12":"entry","13":"content-bg","14":"loop-entry"},"_links":{"self":[{"href":"https:\/\/www.hediyepazar.com\/index.php?rest_route=\/wp\/v2\/product\/110931","targetHints":{"allow":["GET"]}}],"collection":[{"href":"https:\/\/www.hediyepazar.com\/index.php?rest_route=\/wp\/v2\/product"}],"about":[{"href":"https:\/\/www.hediyepazar.com\/index.php?rest_route=\/wp\/v2\/types\/product"}],"replies":[{"embeddable":true,"href":"https:\/\/www.hediyepazar.com\/index.php?rest_route=%2Fwp%2Fv2%2Fcomments&post=110931"}],"wp:featuredmedia":[{"embeddable":true,"href":"https:\/\/www.hediyepazar.com\/index.php?rest_route=\/wp\/v2\/media\/110930"}],"wp:attachment":[{"href":"https:\/\/www.hediyepazar.com\/index.php?rest_route=%2Fwp%2Fv2%2Fmedia&parent=110931"}],"wp:term":[{"taxonomy":"product_brand","embeddable":true,"href":"https:\/\/www.hediyepazar.com\/index.php?rest_route=%2Fwp%2Fv2%2Fproduct_brand&post=110931"},{"taxonomy":"product_cat","embeddable":true,"href":"https:\/\/www.hediyepazar.com\/index.php?rest_route=%2Fwp%2Fv2%2Fproduct_cat&post=110931"},{"taxonomy":"product_tag","embeddable":true,"href":"https:\/\/www.hediyepazar.com\/index.php?rest_route=%2Fwp%2Fv2%2Fproduct_tag&post=110931"}],"curies":[{"name":"wp","href":"https:\/\/api.w.org\/{rel}","templated":true}]}}