{"id":110935,"date":"2026-05-05T05:52:58","date_gmt":"2026-05-05T08:52:58","guid":{"rendered":"https:\/\/www.hediyepazar.com\/?product=s05-bluetooth-kulak-ici-spor-kulaklik-gurultu-azaltici-mikrofon-2"},"modified":"2026-05-05T05:52:58","modified_gmt":"2026-05-05T08:52:58","slug":"s05-bluetooth-kulak-ici-spor-kulaklik-gurultu-azaltici-mikrofon-2","status":"publish","type":"product","link":"https:\/\/www.hediyepazar.com\/?product=s05-bluetooth-kulak-ici-spor-kulaklik-gurultu-azaltici-mikrofon-2","title":{"rendered":"S05 Bluetooth Kulak \u0130\u00e7i Spor Kulakl\u0131k \u2013 G\u00fcr\u00fclt\u00fc Azalt\u0131c\u0131 Mikrofon"},"content":{"rendered":"<p>G\u00fcr\u00fclt\u00fc azalt\u0131c\u0131 \u00f6zelli\u011fe sahip S05 kulakl\u0131k, d\u0131\u015f sesleri minimuma indirerek daha net \u00e7a\u011fr\u0131lar ve daha kaliteli m\u00fczik deneyimi sa\u011flar. 16Hz\u2019e kadar inebilen g\u00fc\u00e7l\u00fc bas teknolojisi ile dinledi\u011finiz her \u015feyde netlik ve derinlik sunar. Kulak i\u00e7i tasar\u0131m\u0131, \u00e7e\u015fitli u\u00e7 boyutlar\u0131 sayesinde farkl\u0131 kulak yap\u0131s\u0131na uyum sa\u011flar. \u00c7ift tarafl\u0131 stereo kullan\u0131m i\u00e7in uygundur.<\/p>\n","protected":false},"excerpt":{"rendered":"<p>G\u00fcr\u00fclt\u00fc azalt\u0131c\u0131 \u00f6zelli\u011fe sahip S05 kulakl\u0131k, d\u0131\u015f sesleri minimuma indirerek daha net \u00e7a\u011fr\u0131lar ve daha kaliteli m\u00fczik deneyimi sa\u011flar. 16Hz\u2019e kadar inebilen g\u00fc\u00e7l\u00fc bas teknolojisi ile dinledi\u011finiz her \u015feyde netlik ve derinlik sunar. Kulak i\u00e7i tasar\u0131m\u0131, \u00e7e\u015fitli u\u00e7 boyutlar\u0131 sayesinde farkl\u0131 kulak yap\u0131s\u0131na uyum sa\u011flar. \u00c7ift tarafl\u0131 stereo kullan\u0131m i\u00e7in uygundur.<\/p>\n","protected":false},"featured_media":110934,"comment_status":"open","ping_status":"closed","template":"","meta":{"_kad_post_transparent":"","_kad_post_title":"","_kad_post_layout":"","_kad_post_sidebar_id":"","_kad_post_content_style":"","_kad_post_vertical_padding":"","_kad_post_feature":"","_kad_post_feature_position":"","_kad_post_header":false,"_kad_post_footer":false,"_kad_post_classname":""},"product_brand":[],"product_cat":[14957],"product_tag":[],"class_list":{"0":"post-110935","1":"product","2":"type-product","3":"status-publish","4":"has-post-thumbnail","6":"product_cat-kablosuz-kulaklik-kablosuz-kulaklik","8":"first","9":"instock","10":"purchasable","11":"product-type-simple","12":"entry","13":"content-bg","14":"loop-entry"},"_links":{"self":[{"href":"https:\/\/www.hediyepazar.com\/index.php?rest_route=\/wp\/v2\/product\/110935","targetHints":{"allow":["GET"]}}],"collection":[{"href":"https:\/\/www.hediyepazar.com\/index.php?rest_route=\/wp\/v2\/product"}],"about":[{"href":"https:\/\/www.hediyepazar.com\/index.php?rest_route=\/wp\/v2\/types\/product"}],"replies":[{"embeddable":true,"href":"https:\/\/www.hediyepazar.com\/index.php?rest_route=%2Fwp%2Fv2%2Fcomments&post=110935"}],"wp:featuredmedia":[{"embeddable":true,"href":"https:\/\/www.hediyepazar.com\/index.php?rest_route=\/wp\/v2\/media\/110934"}],"wp:attachment":[{"href":"https:\/\/www.hediyepazar.com\/index.php?rest_route=%2Fwp%2Fv2%2Fmedia&parent=110935"}],"wp:term":[{"taxonomy":"product_brand","embeddable":true,"href":"https:\/\/www.hediyepazar.com\/index.php?rest_route=%2Fwp%2Fv2%2Fproduct_brand&post=110935"},{"taxonomy":"product_cat","embeddable":true,"href":"https:\/\/www.hediyepazar.com\/index.php?rest_route=%2Fwp%2Fv2%2Fproduct_cat&post=110935"},{"taxonomy":"product_tag","embeddable":true,"href":"https:\/\/www.hediyepazar.com\/index.php?rest_route=%2Fwp%2Fv2%2Fproduct_tag&post=110935"}],"curies":[{"name":"wp","href":"https:\/\/api.w.org\/{rel}","templated":true}]}}