{"id":110963,"date":"2026-05-05T05:58:00","date_gmt":"2026-05-05T08:58:00","guid":{"rendered":"https:\/\/www.hediyepazar.com\/?product=g12-plus-akilli-saat"},"modified":"2026-05-05T05:58:00","modified_gmt":"2026-05-05T08:58:00","slug":"g12-plus-akilli-saat","status":"publish","type":"product","link":"https:\/\/www.hediyepazar.com\/?product=g12-plus-akilli-saat","title":{"rendered":"G12 PLUS AKILLI SAAT"},"content":{"rendered":"<p>G\u00fcnl\u00fck ya\u015fam\u0131n\u0131zda teknoloji ve sa\u011fl\u0131k takibini bir arada sunan bu ak\u0131ll\u0131 saat, aktif kullan\u0131c\u0131lar i\u00e7in ideal bir se\u00e7imdir. Kalp at\u0131\u015f h\u0131z\u0131 monit\u00f6r\u00fc, spor s\u0131ras\u0131nda ya da dinlenme halindeyken kalbinizin ne durumda oldu\u011funu anl\u0131k olarak g\u00f6sterir.GPS \u00f6zelli\u011fi, konum takibi ve harita \u00fczerinde rotan\u0131z\u0131 \u00e7izme konusunda olduk\u00e7a hassas \u00e7al\u0131\u015f\u0131r. \u00d6zellikle a\u00e7\u0131k hava aktiviteleri yapan kullan\u0131c\u0131lar i\u00e7in olmazsa olmaz bir detayd\u0131r.Uyku analizi, uykunuzun s\u00fcresini ve kalitesini takip ederek daha sa\u011fl\u0131kl\u0131 bir ya\u015fam s\u00fcrmenize destek olur. G\u00fcn boyunca att\u0131\u011f\u0131n\u0131z ad\u0131mlar, yakt\u0131\u011f\u0131n\u0131z kalori ve hareket seviyeniz ad\u0131msayar ile detayl\u0131 \u015fekilde kay\u0131t alt\u0131na al\u0131n\u0131r.300-400 mAh aras\u0131 batarya kapasitesi sayesinde g\u00fcnlerce \u015farj etmeden kullanabilirsiniz. \u015e\u0131k ve dayan\u0131kl\u0131 tasar\u0131m\u0131, hem spor giyimde hem g\u00fcnl\u00fck kombinlerinizde stilinize uyum sa\u011flar.<\/p>\n","protected":false},"excerpt":{"rendered":"<p>G\u00fcnl\u00fck ya\u015fam\u0131n\u0131zda teknoloji ve sa\u011fl\u0131k takibini bir arada sunan bu ak\u0131ll\u0131 saat, aktif kullan\u0131c\u0131lar i\u00e7in ideal bir se\u00e7imdir. Kalp at\u0131\u015f h\u0131z\u0131 monit\u00f6r\u00fc, spor s\u0131ras\u0131nda ya da dinlenme halindeyken kalbinizin ne durumda oldu\u011funu anl\u0131k olarak g\u00f6sterir.GPS \u00f6zelli\u011fi, konum takibi ve harita \u00fczerinde rotan\u0131z\u0131 \u00e7izme konusunda olduk\u00e7a hassas \u00e7al\u0131\u015f\u0131r. \u00d6zellikle a\u00e7\u0131k hava aktiviteleri yapan kullan\u0131c\u0131lar i\u00e7in olmazsa&#8230;<\/p>\n","protected":false},"featured_media":110962,"comment_status":"open","ping_status":"closed","template":"","meta":{"_kad_post_transparent":"","_kad_post_title":"","_kad_post_layout":"","_kad_post_sidebar_id":"","_kad_post_content_style":"","_kad_post_vertical_padding":"","_kad_post_feature":"","_kad_post_feature_position":"","_kad_post_header":false,"_kad_post_footer":false,"_kad_post_classname":""},"product_brand":[],"product_cat":[14935],"product_tag":[],"class_list":{"0":"post-110963","1":"product","2":"type-product","3":"status-publish","4":"has-post-thumbnail","6":"product_cat-akilli-saatler-akilli-saatler","8":"first","9":"instock","10":"purchasable","11":"product-type-simple","12":"entry","13":"content-bg","14":"loop-entry"},"_links":{"self":[{"href":"https:\/\/www.hediyepazar.com\/index.php?rest_route=\/wp\/v2\/product\/110963","targetHints":{"allow":["GET"]}}],"collection":[{"href":"https:\/\/www.hediyepazar.com\/index.php?rest_route=\/wp\/v2\/product"}],"about":[{"href":"https:\/\/www.hediyepazar.com\/index.php?rest_route=\/wp\/v2\/types\/product"}],"replies":[{"embeddable":true,"href":"https:\/\/www.hediyepazar.com\/index.php?rest_route=%2Fwp%2Fv2%2Fcomments&post=110963"}],"wp:featuredmedia":[{"embeddable":true,"href":"https:\/\/www.hediyepazar.com\/index.php?rest_route=\/wp\/v2\/media\/110962"}],"wp:attachment":[{"href":"https:\/\/www.hediyepazar.com\/index.php?rest_route=%2Fwp%2Fv2%2Fmedia&parent=110963"}],"wp:term":[{"taxonomy":"product_brand","embeddable":true,"href":"https:\/\/www.hediyepazar.com\/index.php?rest_route=%2Fwp%2Fv2%2Fproduct_brand&post=110963"},{"taxonomy":"product_cat","embeddable":true,"href":"https:\/\/www.hediyepazar.com\/index.php?rest_route=%2Fwp%2Fv2%2Fproduct_cat&post=110963"},{"taxonomy":"product_tag","embeddable":true,"href":"https:\/\/www.hediyepazar.com\/index.php?rest_route=%2Fwp%2Fv2%2Fproduct_tag&post=110963"}],"curies":[{"name":"wp","href":"https:\/\/api.w.org\/{rel}","templated":true}]}}