{"id":110975,"date":"2026-05-05T06:00:17","date_gmt":"2026-05-05T09:00:17","guid":{"rendered":"https:\/\/www.hediyepazar.com\/?product=qy-666-masaj-aleti"},"modified":"2026-05-05T06:00:17","modified_gmt":"2026-05-05T09:00:17","slug":"qy-666-masaj-aleti","status":"publish","type":"product","link":"https:\/\/www.hediyepazar.com\/?product=qy-666-masaj-aleti","title":{"rendered":"QY-666 MASAJ ALET\u0130"},"content":{"rendered":"<p>G\u00fcn\u00fcn t\u00fcm stresini ve yorgunlu\u011funu \u00fczerinizden atmaya haz\u0131r m\u0131s\u0131n\u0131z? Ovmal\u0131 Is\u0131tmal\u0131 Elektrikli Masaj Aleti, boyun, s\u0131rt, bel, omuz ve bacak b\u00f6lgelerinde etkili bir rahatlama sunarak size adeta profesyonel bir masaj terapisi ya\u015fat\u0131r. Geli\u015fmi\u015f ovmal\u0131 masaj teknolojisi, kaslar\u0131n\u0131za derinlemesine n\u00fcfuz ederek gerginlikleri azalt\u0131r, kan dola\u015f\u0131m\u0131n\u0131 h\u0131zland\u0131r\u0131r ve kas yorgunlu\u011funu en aza indirir.Is\u0131tmal\u0131 \u00f6zelli\u011fi sayesinde masaj esnas\u0131nda kaslar daha h\u0131zl\u0131 gev\u015fer, \u00f6zellikle so\u011fuk havalarda ya da uzun s\u00fcreli hareketsizlik sonras\u0131 ideal bir terapi sa\u011flar. Ergonomik ve ta\u015f\u0131nabilir tasar\u0131m\u0131 sayesinde evde, ofiste ya da seyahatte kolayca kullan\u0131labilir.<\/p>\n","protected":false},"excerpt":{"rendered":"<p>G\u00fcn\u00fcn t\u00fcm stresini ve yorgunlu\u011funu \u00fczerinizden atmaya haz\u0131r m\u0131s\u0131n\u0131z? Ovmal\u0131 Is\u0131tmal\u0131 Elektrikli Masaj Aleti, boyun, s\u0131rt, bel, omuz ve bacak b\u00f6lgelerinde etkili bir rahatlama sunarak size adeta profesyonel bir masaj terapisi ya\u015fat\u0131r. Geli\u015fmi\u015f ovmal\u0131 masaj teknolojisi, kaslar\u0131n\u0131za derinlemesine n\u00fcfuz ederek gerginlikleri azalt\u0131r, kan dola\u015f\u0131m\u0131n\u0131 h\u0131zland\u0131r\u0131r ve kas yorgunlu\u011funu en aza indirir.Is\u0131tmal\u0131 \u00f6zelli\u011fi sayesinde masaj esnas\u0131nda&#8230;<\/p>\n","protected":false},"featured_media":110974,"comment_status":"open","ping_status":"closed","template":"","meta":{"_kad_post_transparent":"","_kad_post_title":"","_kad_post_layout":"","_kad_post_sidebar_id":"","_kad_post_content_style":"","_kad_post_vertical_padding":"","_kad_post_feature":"","_kad_post_feature_position":"","_kad_post_header":false,"_kad_post_footer":false,"_kad_post_classname":""},"product_brand":[],"product_cat":[14939],"product_tag":[],"class_list":{"0":"post-110975","1":"product","2":"type-product","3":"status-publish","4":"has-post-thumbnail","6":"product_cat-masaj-cihazi-masaj-cihazi","8":"first","9":"instock","10":"purchasable","11":"product-type-simple","12":"entry","13":"content-bg","14":"loop-entry"},"_links":{"self":[{"href":"https:\/\/www.hediyepazar.com\/index.php?rest_route=\/wp\/v2\/product\/110975","targetHints":{"allow":["GET"]}}],"collection":[{"href":"https:\/\/www.hediyepazar.com\/index.php?rest_route=\/wp\/v2\/product"}],"about":[{"href":"https:\/\/www.hediyepazar.com\/index.php?rest_route=\/wp\/v2\/types\/product"}],"replies":[{"embeddable":true,"href":"https:\/\/www.hediyepazar.com\/index.php?rest_route=%2Fwp%2Fv2%2Fcomments&post=110975"}],"wp:featuredmedia":[{"embeddable":true,"href":"https:\/\/www.hediyepazar.com\/index.php?rest_route=\/wp\/v2\/media\/110974"}],"wp:attachment":[{"href":"https:\/\/www.hediyepazar.com\/index.php?rest_route=%2Fwp%2Fv2%2Fmedia&parent=110975"}],"wp:term":[{"taxonomy":"product_brand","embeddable":true,"href":"https:\/\/www.hediyepazar.com\/index.php?rest_route=%2Fwp%2Fv2%2Fproduct_brand&post=110975"},{"taxonomy":"product_cat","embeddable":true,"href":"https:\/\/www.hediyepazar.com\/index.php?rest_route=%2Fwp%2Fv2%2Fproduct_cat&post=110975"},{"taxonomy":"product_tag","embeddable":true,"href":"https:\/\/www.hediyepazar.com\/index.php?rest_route=%2Fwp%2Fv2%2Fproduct_tag&post=110975"}],"curies":[{"name":"wp","href":"https:\/\/api.w.org\/{rel}","templated":true}]}}