{"id":110985,"date":"2026-05-05T06:02:03","date_gmt":"2026-05-05T09:02:03","guid":{"rendered":"https:\/\/www.hediyepazar.com\/?product=dinazor-yumurta-gece-lambasi"},"modified":"2026-05-05T06:02:03","modified_gmt":"2026-05-05T09:02:03","slug":"dinazor-yumurta-gece-lambasi","status":"publish","type":"product","link":"https:\/\/www.hediyepazar.com\/?product=dinazor-yumurta-gece-lambasi","title":{"rendered":"Dinazor Yumurta Gece Lambas\u0131"},"content":{"rendered":"<p>Bu \u00fcr\u00fcn sadece bir \u0131\u015f\u0131k kayna\u011f\u0131 de\u011fil, ayn\u0131 zamanda dekoratif bir objedir. Dinozor yumurtas\u0131 formu sayesinde \u00e7ocuklar\u0131n ilgisini \u00e7ekerken, ev dekorasyonuna modern ve e\u011flenceli bir dokunu\u015f katar. Gece uykusuna ge\u00e7i\u015fi kolayla\u015ft\u0131r\u0131r, huzurlu bir atmosfer sunar. Partilerde, film gecelerinde ya da meditasyon zamanlar\u0131nda kullan\u0131larak \u00e7ok y\u00f6nl\u00fc bir kullan\u0131m sa\u011flar.<\/p>\n","protected":false},"excerpt":{"rendered":"<p>Bu \u00fcr\u00fcn sadece bir \u0131\u015f\u0131k kayna\u011f\u0131 de\u011fil, ayn\u0131 zamanda dekoratif bir objedir. Dinozor yumurtas\u0131 formu sayesinde \u00e7ocuklar\u0131n ilgisini \u00e7ekerken, ev dekorasyonuna modern ve e\u011flenceli bir dokunu\u015f katar. Gece uykusuna ge\u00e7i\u015fi kolayla\u015ft\u0131r\u0131r, huzurlu bir atmosfer sunar. Partilerde, film gecelerinde ya da meditasyon zamanlar\u0131nda kullan\u0131larak \u00e7ok y\u00f6nl\u00fc bir kullan\u0131m sa\u011flar.<\/p>\n","protected":false},"featured_media":110984,"comment_status":"open","ping_status":"closed","template":"","meta":{"_kad_post_transparent":"","_kad_post_title":"","_kad_post_layout":"","_kad_post_sidebar_id":"","_kad_post_content_style":"","_kad_post_vertical_padding":"","_kad_post_feature":"","_kad_post_feature_position":"","_kad_post_header":false,"_kad_post_footer":false,"_kad_post_classname":""},"product_brand":[],"product_cat":[14967],"product_tag":[],"class_list":{"0":"post-110985","1":"product","2":"type-product","3":"status-publish","4":"has-post-thumbnail","6":"product_cat-gece-lambasi-gece-lambasi","8":"first","9":"instock","10":"purchasable","11":"product-type-simple","12":"entry","13":"content-bg","14":"loop-entry"},"_links":{"self":[{"href":"https:\/\/www.hediyepazar.com\/index.php?rest_route=\/wp\/v2\/product\/110985","targetHints":{"allow":["GET"]}}],"collection":[{"href":"https:\/\/www.hediyepazar.com\/index.php?rest_route=\/wp\/v2\/product"}],"about":[{"href":"https:\/\/www.hediyepazar.com\/index.php?rest_route=\/wp\/v2\/types\/product"}],"replies":[{"embeddable":true,"href":"https:\/\/www.hediyepazar.com\/index.php?rest_route=%2Fwp%2Fv2%2Fcomments&post=110985"}],"wp:featuredmedia":[{"embeddable":true,"href":"https:\/\/www.hediyepazar.com\/index.php?rest_route=\/wp\/v2\/media\/110984"}],"wp:attachment":[{"href":"https:\/\/www.hediyepazar.com\/index.php?rest_route=%2Fwp%2Fv2%2Fmedia&parent=110985"}],"wp:term":[{"taxonomy":"product_brand","embeddable":true,"href":"https:\/\/www.hediyepazar.com\/index.php?rest_route=%2Fwp%2Fv2%2Fproduct_brand&post=110985"},{"taxonomy":"product_cat","embeddable":true,"href":"https:\/\/www.hediyepazar.com\/index.php?rest_route=%2Fwp%2Fv2%2Fproduct_cat&post=110985"},{"taxonomy":"product_tag","embeddable":true,"href":"https:\/\/www.hediyepazar.com\/index.php?rest_route=%2Fwp%2Fv2%2Fproduct_tag&post=110985"}],"curies":[{"name":"wp","href":"https:\/\/api.w.org\/{rel}","templated":true}]}}