{"id":110987,"date":"2026-05-05T06:02:08","date_gmt":"2026-05-05T09:02:08","guid":{"rendered":"https:\/\/www.hediyepazar.com\/?product=ayarlanabilir-parlaklik-ve-sis-efektli-atmosfer-lambasi"},"modified":"2026-05-05T06:02:08","modified_gmt":"2026-05-05T09:02:08","slug":"ayarlanabilir-parlaklik-ve-sis-efektli-atmosfer-lambasi","status":"publish","type":"product","link":"https:\/\/www.hediyepazar.com\/?product=ayarlanabilir-parlaklik-ve-sis-efektli-atmosfer-lambasi","title":{"rendered":"Ayarlanabilir Parlakl\u0131k ve Sis Efektli Atmosfer Lambas\u0131"},"content":{"rendered":"<p>Gece lambas\u0131, USB kablosu arac\u0131l\u0131\u011f\u0131yla 5V 1A g\u00fc\u00e7 kayna\u011f\u0131ndan \u015farj edilebilir. Enerji t\u00fcketimi <5W olup olduk\u00e7a d\u00fc\u015f\u00fckt\u00fcr, bu da hem \u00e7evre dostu hem ekonomik kullan\u0131m sa\u011flar. Ayr\u0131ca g\u00fcvenli kullan\u0131m i\u00e7in 10\u00b0C ila 60\u00b0C aras\u0131 \u00e7al\u0131\u015fma s\u0131cakl\u0131\u011f\u0131 aral\u0131\u011f\u0131nda \u00e7al\u0131\u015facak \u015fekilde tasarlanm\u0131\u015ft\u0131r.\n<\/p>\n","protected":false},"excerpt":{"rendered":"<p>Gece lambas\u0131, USB kablosu arac\u0131l\u0131\u011f\u0131yla 5V 1A g\u00fc\u00e7 kayna\u011f\u0131ndan \u015farj edilebilir. Enerji t\u00fcketimi<\/p>\n","protected":false},"featured_media":110986,"comment_status":"open","ping_status":"closed","template":"","meta":{"_kad_post_transparent":"","_kad_post_title":"","_kad_post_layout":"","_kad_post_sidebar_id":"","_kad_post_content_style":"","_kad_post_vertical_padding":"","_kad_post_feature":"","_kad_post_feature_position":"","_kad_post_header":false,"_kad_post_footer":false,"_kad_post_classname":""},"product_brand":[],"product_cat":[14967],"product_tag":[],"class_list":{"0":"post-110987","1":"product","2":"type-product","3":"status-publish","4":"has-post-thumbnail","6":"product_cat-gece-lambasi-gece-lambasi","8":"first","9":"instock","10":"purchasable","11":"product-type-simple","12":"entry","13":"content-bg","14":"loop-entry"},"_links":{"self":[{"href":"https:\/\/www.hediyepazar.com\/index.php?rest_route=\/wp\/v2\/product\/110987","targetHints":{"allow":["GET"]}}],"collection":[{"href":"https:\/\/www.hediyepazar.com\/index.php?rest_route=\/wp\/v2\/product"}],"about":[{"href":"https:\/\/www.hediyepazar.com\/index.php?rest_route=\/wp\/v2\/types\/product"}],"replies":[{"embeddable":true,"href":"https:\/\/www.hediyepazar.com\/index.php?rest_route=%2Fwp%2Fv2%2Fcomments&post=110987"}],"wp:featuredmedia":[{"embeddable":true,"href":"https:\/\/www.hediyepazar.com\/index.php?rest_route=\/wp\/v2\/media\/110986"}],"wp:attachment":[{"href":"https:\/\/www.hediyepazar.com\/index.php?rest_route=%2Fwp%2Fv2%2Fmedia&parent=110987"}],"wp:term":[{"taxonomy":"product_brand","embeddable":true,"href":"https:\/\/www.hediyepazar.com\/index.php?rest_route=%2Fwp%2Fv2%2Fproduct_brand&post=110987"},{"taxonomy":"product_cat","embeddable":true,"href":"https:\/\/www.hediyepazar.com\/index.php?rest_route=%2Fwp%2Fv2%2Fproduct_cat&post=110987"},{"taxonomy":"product_tag","embeddable":true,"href":"https:\/\/www.hediyepazar.com\/index.php?rest_route=%2Fwp%2Fv2%2Fproduct_tag&post=110987"}],"curies":[{"name":"wp","href":"https:\/\/api.w.org\/{rel}","templated":true}]}}