{"id":110991,"date":"2026-05-05T06:02:18","date_gmt":"2026-05-05T09:02:18","guid":{"rendered":"https:\/\/www.hediyepazar.com\/?product=uzaktan-kumandali-usb-girisli-doner-projektor-lamba"},"modified":"2026-05-05T06:02:18","modified_gmt":"2026-05-05T09:02:18","slug":"uzaktan-kumandali-usb-girisli-doner-projektor-lamba","status":"publish","type":"product","link":"https:\/\/www.hediyepazar.com\/?product=uzaktan-kumandali-usb-girisli-doner-projektor-lamba","title":{"rendered":"Uzaktan Kumandal\u0131 USB Giri\u015fli D\u00f6ner Projekt\u00f6r Lamba"},"content":{"rendered":"<p>Bu gece lambas\u0131nda entegre Bluetooth hoparl\u00f6r \u00f6zelli\u011fi bulunur. Bluetooth 5.0 teknolojisi sayesinde ak\u0131ll\u0131 telefon, tablet veya bilgisayar gibi cihazlarla kolayca e\u015fle\u015fir. B\u00f6ylece hem \u0131\u015f\u0131k efektleri hem m\u00fczik deneyimi bir arada ya\u015fanabilir. Film izlerken, kitap okurken veya dinlenirken ambiyans\u0131 art\u0131rmak i\u00e7in idealdir. M\u00fczikle senkronize kullan\u0131labilen d\u00f6ner projekt\u00f6r, ortam\u0131 benzersiz hale getirir.<\/p>\n","protected":false},"excerpt":{"rendered":"<p>Bu gece lambas\u0131nda entegre Bluetooth hoparl\u00f6r \u00f6zelli\u011fi bulunur. Bluetooth 5.0 teknolojisi sayesinde ak\u0131ll\u0131 telefon, tablet veya bilgisayar gibi cihazlarla kolayca e\u015fle\u015fir. B\u00f6ylece hem \u0131\u015f\u0131k efektleri hem m\u00fczik deneyimi bir arada ya\u015fanabilir. Film izlerken, kitap okurken veya dinlenirken ambiyans\u0131 art\u0131rmak i\u00e7in idealdir. M\u00fczikle senkronize kullan\u0131labilen d\u00f6ner projekt\u00f6r, ortam\u0131 benzersiz hale getirir.<\/p>\n","protected":false},"featured_media":110990,"comment_status":"open","ping_status":"closed","template":"","meta":{"_kad_post_transparent":"","_kad_post_title":"","_kad_post_layout":"","_kad_post_sidebar_id":"","_kad_post_content_style":"","_kad_post_vertical_padding":"","_kad_post_feature":"","_kad_post_feature_position":"","_kad_post_header":false,"_kad_post_footer":false,"_kad_post_classname":""},"product_brand":[],"product_cat":[14967],"product_tag":[],"class_list":{"0":"post-110991","1":"product","2":"type-product","3":"status-publish","4":"has-post-thumbnail","6":"product_cat-gece-lambasi-gece-lambasi","8":"first","9":"instock","10":"purchasable","11":"product-type-simple","12":"entry","13":"content-bg","14":"loop-entry"},"_links":{"self":[{"href":"https:\/\/www.hediyepazar.com\/index.php?rest_route=\/wp\/v2\/product\/110991","targetHints":{"allow":["GET"]}}],"collection":[{"href":"https:\/\/www.hediyepazar.com\/index.php?rest_route=\/wp\/v2\/product"}],"about":[{"href":"https:\/\/www.hediyepazar.com\/index.php?rest_route=\/wp\/v2\/types\/product"}],"replies":[{"embeddable":true,"href":"https:\/\/www.hediyepazar.com\/index.php?rest_route=%2Fwp%2Fv2%2Fcomments&post=110991"}],"wp:featuredmedia":[{"embeddable":true,"href":"https:\/\/www.hediyepazar.com\/index.php?rest_route=\/wp\/v2\/media\/110990"}],"wp:attachment":[{"href":"https:\/\/www.hediyepazar.com\/index.php?rest_route=%2Fwp%2Fv2%2Fmedia&parent=110991"}],"wp:term":[{"taxonomy":"product_brand","embeddable":true,"href":"https:\/\/www.hediyepazar.com\/index.php?rest_route=%2Fwp%2Fv2%2Fproduct_brand&post=110991"},{"taxonomy":"product_cat","embeddable":true,"href":"https:\/\/www.hediyepazar.com\/index.php?rest_route=%2Fwp%2Fv2%2Fproduct_cat&post=110991"},{"taxonomy":"product_tag","embeddable":true,"href":"https:\/\/www.hediyepazar.com\/index.php?rest_route=%2Fwp%2Fv2%2Fproduct_tag&post=110991"}],"curies":[{"name":"wp","href":"https:\/\/api.w.org\/{rel}","templated":true}]}}