{"id":110995,"date":"2026-05-05T06:04:01","date_gmt":"2026-05-05T09:04:01","guid":{"rendered":"https:\/\/www.hediyepazar.com\/?product=dinozor-yumurtasi-tasarimli-projektorlu-gece-lambasi"},"modified":"2026-05-05T06:04:01","modified_gmt":"2026-05-05T09:04:01","slug":"dinozor-yumurtasi-tasarimli-projektorlu-gece-lambasi","status":"publish","type":"product","link":"https:\/\/www.hediyepazar.com\/?product=dinozor-yumurtasi-tasarimli-projektorlu-gece-lambasi","title":{"rendered":"Dinozor Yumurtas\u0131 Tasar\u0131ml\u0131 Projekt\u00f6rl\u00fc Gece Lambas\u0131"},"content":{"rendered":"<p>Dinozor yumurtas\u0131 g\u00f6r\u00fcn\u00fcm\u00fcne sahip bu projekt\u00f6rl\u00fc gece lambas\u0131, hem dekoratif hem i\u015flevsel kullan\u0131m sunar. \u00dczerindeki d\u00f6ner projekt\u00f6r sayesinde odan\u0131za y\u0131ld\u0131zl\u0131 g\u00f6ky\u00fcz\u00fc yans\u0131tabilir, \u0131\u015f\u0131k modlar\u0131n\u0131 iste\u011fe g\u00f6re de\u011fi\u015ftirebilirsiniz. \u015e\u0131k tasar\u0131m\u0131 sayesinde sadece \u00e7ocuk odas\u0131nda de\u011fil, oturma odas\u0131nda ya da yatak odas\u0131nda da kullan\u0131labilir.<\/p>\n","protected":false},"excerpt":{"rendered":"<p>Dinozor yumurtas\u0131 g\u00f6r\u00fcn\u00fcm\u00fcne sahip bu projekt\u00f6rl\u00fc gece lambas\u0131, hem dekoratif hem i\u015flevsel kullan\u0131m sunar. \u00dczerindeki d\u00f6ner projekt\u00f6r sayesinde odan\u0131za y\u0131ld\u0131zl\u0131 g\u00f6ky\u00fcz\u00fc yans\u0131tabilir, \u0131\u015f\u0131k modlar\u0131n\u0131 iste\u011fe g\u00f6re de\u011fi\u015ftirebilirsiniz. \u015e\u0131k tasar\u0131m\u0131 sayesinde sadece \u00e7ocuk odas\u0131nda de\u011fil, oturma odas\u0131nda ya da yatak odas\u0131nda da kullan\u0131labilir.<\/p>\n","protected":false},"featured_media":110994,"comment_status":"open","ping_status":"closed","template":"","meta":{"_kad_post_transparent":"","_kad_post_title":"","_kad_post_layout":"","_kad_post_sidebar_id":"","_kad_post_content_style":"","_kad_post_vertical_padding":"","_kad_post_feature":"","_kad_post_feature_position":"","_kad_post_header":false,"_kad_post_footer":false,"_kad_post_classname":""},"product_brand":[],"product_cat":[14967],"product_tag":[],"class_list":{"0":"post-110995","1":"product","2":"type-product","3":"status-publish","4":"has-post-thumbnail","6":"product_cat-gece-lambasi-gece-lambasi","8":"first","9":"instock","10":"purchasable","11":"product-type-simple","12":"entry","13":"content-bg","14":"loop-entry"},"_links":{"self":[{"href":"https:\/\/www.hediyepazar.com\/index.php?rest_route=\/wp\/v2\/product\/110995","targetHints":{"allow":["GET"]}}],"collection":[{"href":"https:\/\/www.hediyepazar.com\/index.php?rest_route=\/wp\/v2\/product"}],"about":[{"href":"https:\/\/www.hediyepazar.com\/index.php?rest_route=\/wp\/v2\/types\/product"}],"replies":[{"embeddable":true,"href":"https:\/\/www.hediyepazar.com\/index.php?rest_route=%2Fwp%2Fv2%2Fcomments&post=110995"}],"wp:featuredmedia":[{"embeddable":true,"href":"https:\/\/www.hediyepazar.com\/index.php?rest_route=\/wp\/v2\/media\/110994"}],"wp:attachment":[{"href":"https:\/\/www.hediyepazar.com\/index.php?rest_route=%2Fwp%2Fv2%2Fmedia&parent=110995"}],"wp:term":[{"taxonomy":"product_brand","embeddable":true,"href":"https:\/\/www.hediyepazar.com\/index.php?rest_route=%2Fwp%2Fv2%2Fproduct_brand&post=110995"},{"taxonomy":"product_cat","embeddable":true,"href":"https:\/\/www.hediyepazar.com\/index.php?rest_route=%2Fwp%2Fv2%2Fproduct_cat&post=110995"},{"taxonomy":"product_tag","embeddable":true,"href":"https:\/\/www.hediyepazar.com\/index.php?rest_route=%2Fwp%2Fv2%2Fproduct_tag&post=110995"}],"curies":[{"name":"wp","href":"https:\/\/api.w.org\/{rel}","templated":true}]}}