{"id":110997,"date":"2026-05-05T06:04:06","date_gmt":"2026-05-05T09:04:06","guid":{"rendered":"https:\/\/www.hediyepazar.com\/?product=ac1200-usb-wifi-adaptor"},"modified":"2026-05-05T06:04:06","modified_gmt":"2026-05-05T09:04:06","slug":"ac1200-usb-wifi-adaptor","status":"publish","type":"product","link":"https:\/\/www.hediyepazar.com\/?product=ac1200-usb-wifi-adaptor","title":{"rendered":"AC1200 USB WiFi Adapt\u00f6r"},"content":{"rendered":"<p>Sadece 50 gram a\u011f\u0131rl\u0131\u011f\u0131nda olan bu USB adapt\u00f6r, hem masa\u00fcst\u00fc hem diz\u00fcst\u00fc bilgisayarlarda yer kaplamadan kullan\u0131labilir. Ta\u015f\u0131nabilir tasar\u0131m\u0131 sayesinde yan\u0131n\u0131zda rahatl\u0131kla ta\u015f\u0131yabilir, farkl\u0131 lokasyonlarda da g\u00fcvenli WiFi ba\u011flant\u0131s\u0131 sa\u011flayabilirsiniz. K\u00fc\u00e7\u00fck boyutuna ra\u011fmen y\u00fcksek performans sunan bu cihaz, ofiste, evde veya seyahatte ideal bir internet \u00e7\u00f6z\u00fcm\u00fcd\u00fcr.<\/p>\n","protected":false},"excerpt":{"rendered":"<p>Sadece 50 gram a\u011f\u0131rl\u0131\u011f\u0131nda olan bu USB adapt\u00f6r, hem masa\u00fcst\u00fc hem diz\u00fcst\u00fc bilgisayarlarda yer kaplamadan kullan\u0131labilir. Ta\u015f\u0131nabilir tasar\u0131m\u0131 sayesinde yan\u0131n\u0131zda rahatl\u0131kla ta\u015f\u0131yabilir, farkl\u0131 lokasyonlarda da g\u00fcvenli WiFi ba\u011flant\u0131s\u0131 sa\u011flayabilirsiniz. K\u00fc\u00e7\u00fck boyutuna ra\u011fmen y\u00fcksek performans sunan bu cihaz, ofiste, evde veya seyahatte ideal bir internet \u00e7\u00f6z\u00fcm\u00fcd\u00fcr.<\/p>\n","protected":false},"featured_media":110996,"comment_status":"open","ping_status":"closed","template":"","meta":{"_kad_post_transparent":"","_kad_post_title":"","_kad_post_layout":"","_kad_post_sidebar_id":"","_kad_post_content_style":"","_kad_post_vertical_padding":"","_kad_post_feature":"","_kad_post_feature_position":"","_kad_post_header":false,"_kad_post_footer":false,"_kad_post_classname":""},"product_brand":[],"product_cat":[14989],"product_tag":[],"class_list":{"0":"post-110997","1":"product","2":"type-product","3":"status-publish","4":"has-post-thumbnail","6":"product_cat-wireless-adaptor-wireless-adaptor","8":"first","9":"instock","10":"purchasable","11":"product-type-simple","12":"entry","13":"content-bg","14":"loop-entry"},"_links":{"self":[{"href":"https:\/\/www.hediyepazar.com\/index.php?rest_route=\/wp\/v2\/product\/110997","targetHints":{"allow":["GET"]}}],"collection":[{"href":"https:\/\/www.hediyepazar.com\/index.php?rest_route=\/wp\/v2\/product"}],"about":[{"href":"https:\/\/www.hediyepazar.com\/index.php?rest_route=\/wp\/v2\/types\/product"}],"replies":[{"embeddable":true,"href":"https:\/\/www.hediyepazar.com\/index.php?rest_route=%2Fwp%2Fv2%2Fcomments&post=110997"}],"wp:featuredmedia":[{"embeddable":true,"href":"https:\/\/www.hediyepazar.com\/index.php?rest_route=\/wp\/v2\/media\/110996"}],"wp:attachment":[{"href":"https:\/\/www.hediyepazar.com\/index.php?rest_route=%2Fwp%2Fv2%2Fmedia&parent=110997"}],"wp:term":[{"taxonomy":"product_brand","embeddable":true,"href":"https:\/\/www.hediyepazar.com\/index.php?rest_route=%2Fwp%2Fv2%2Fproduct_brand&post=110997"},{"taxonomy":"product_cat","embeddable":true,"href":"https:\/\/www.hediyepazar.com\/index.php?rest_route=%2Fwp%2Fv2%2Fproduct_cat&post=110997"},{"taxonomy":"product_tag","embeddable":true,"href":"https:\/\/www.hediyepazar.com\/index.php?rest_route=%2Fwp%2Fv2%2Fproduct_tag&post=110997"}],"curies":[{"name":"wp","href":"https:\/\/api.w.org\/{rel}","templated":true}]}}