{"id":111003,"date":"2026-05-05T06:04:58","date_gmt":"2026-05-05T09:04:58","guid":{"rendered":"https:\/\/www.hediyepazar.com\/?product=realtek-chipsetli-5g-destekli-yuksek-hizli-ag-adaptoru"},"modified":"2026-05-05T06:04:58","modified_gmt":"2026-05-05T09:04:58","slug":"realtek-chipsetli-5g-destekli-yuksek-hizli-ag-adaptoru","status":"publish","type":"product","link":"https:\/\/www.hediyepazar.com\/?product=realtek-chipsetli-5g-destekli-yuksek-hizli-ag-adaptoru","title":{"rendered":"Realtek Chipsetli 5G Destekli Y\u00fcksek H\u0131zl\u0131 A\u011f Adapt\u00f6r\u00fc"},"content":{"rendered":"<p>Bu USB WiFi adapt\u00f6r, hem 2.4GHz hem de 5GHz frekanslar\u0131n\u0131 destekleyen dual-band teknolojisi ile donat\u0131lm\u0131\u015ft\u0131r. 2.4GHz band\u0131 g\u00fcnl\u00fck internet kullan\u0131m\u0131 i\u00e7in geni\u015f kapsama alan\u0131 sunarken, 5GHz band\u0131 daha az yo\u011funlukta \u00e7al\u0131\u015farak y\u00fcksek h\u0131z ve d\u00fc\u015f\u00fck gecikme sa\u011flar. Bu sayede \u00e7oklu cihaz kullan\u0131lan ortamlarda bile istikrarl\u0131 bir ba\u011flant\u0131 elde edilir. Ayn\u0131 zamanda online toplant\u0131lar, yay\u0131nlar ve oyunlarda kopma ya\u015famadan internetin keyfini \u00e7\u0131karabilirsiniz.<\/p>\n","protected":false},"excerpt":{"rendered":"<p>Bu USB WiFi adapt\u00f6r, hem 2.4GHz hem de 5GHz frekanslar\u0131n\u0131 destekleyen dual-band teknolojisi ile donat\u0131lm\u0131\u015ft\u0131r. 2.4GHz band\u0131 g\u00fcnl\u00fck internet kullan\u0131m\u0131 i\u00e7in geni\u015f kapsama alan\u0131 sunarken, 5GHz band\u0131 daha az yo\u011funlukta \u00e7al\u0131\u015farak y\u00fcksek h\u0131z ve d\u00fc\u015f\u00fck gecikme sa\u011flar. Bu sayede \u00e7oklu cihaz kullan\u0131lan ortamlarda bile istikrarl\u0131 bir ba\u011flant\u0131 elde edilir. Ayn\u0131 zamanda online toplant\u0131lar, yay\u0131nlar ve&#8230;<\/p>\n","protected":false},"featured_media":111002,"comment_status":"open","ping_status":"closed","template":"","meta":{"_kad_post_transparent":"","_kad_post_title":"","_kad_post_layout":"","_kad_post_sidebar_id":"","_kad_post_content_style":"","_kad_post_vertical_padding":"","_kad_post_feature":"","_kad_post_feature_position":"","_kad_post_header":false,"_kad_post_footer":false,"_kad_post_classname":""},"product_brand":[],"product_cat":[14989],"product_tag":[],"class_list":{"0":"post-111003","1":"product","2":"type-product","3":"status-publish","4":"has-post-thumbnail","6":"product_cat-wireless-adaptor-wireless-adaptor","8":"first","9":"instock","10":"purchasable","11":"product-type-simple","12":"entry","13":"content-bg","14":"loop-entry"},"_links":{"self":[{"href":"https:\/\/www.hediyepazar.com\/index.php?rest_route=\/wp\/v2\/product\/111003","targetHints":{"allow":["GET"]}}],"collection":[{"href":"https:\/\/www.hediyepazar.com\/index.php?rest_route=\/wp\/v2\/product"}],"about":[{"href":"https:\/\/www.hediyepazar.com\/index.php?rest_route=\/wp\/v2\/types\/product"}],"replies":[{"embeddable":true,"href":"https:\/\/www.hediyepazar.com\/index.php?rest_route=%2Fwp%2Fv2%2Fcomments&post=111003"}],"wp:featuredmedia":[{"embeddable":true,"href":"https:\/\/www.hediyepazar.com\/index.php?rest_route=\/wp\/v2\/media\/111002"}],"wp:attachment":[{"href":"https:\/\/www.hediyepazar.com\/index.php?rest_route=%2Fwp%2Fv2%2Fmedia&parent=111003"}],"wp:term":[{"taxonomy":"product_brand","embeddable":true,"href":"https:\/\/www.hediyepazar.com\/index.php?rest_route=%2Fwp%2Fv2%2Fproduct_brand&post=111003"},{"taxonomy":"product_cat","embeddable":true,"href":"https:\/\/www.hediyepazar.com\/index.php?rest_route=%2Fwp%2Fv2%2Fproduct_cat&post=111003"},{"taxonomy":"product_tag","embeddable":true,"href":"https:\/\/www.hediyepazar.com\/index.php?rest_route=%2Fwp%2Fv2%2Fproduct_tag&post=111003"}],"curies":[{"name":"wp","href":"https:\/\/api.w.org\/{rel}","templated":true}]}}