{"id":111005,"date":"2026-05-05T06:05:05","date_gmt":"2026-05-05T09:05:05","guid":{"rendered":"https:\/\/www.hediyepazar.com\/?product=usb-3-0-wireless-adaptor-2-4ghz-5ghz-destekli"},"modified":"2026-05-05T06:05:05","modified_gmt":"2026-05-05T09:05:05","slug":"usb-3-0-wireless-adaptor-2-4ghz-5ghz-destekli","status":"publish","type":"product","link":"https:\/\/www.hediyepazar.com\/?product=usb-3-0-wireless-adaptor-2-4ghz-5ghz-destekli","title":{"rendered":"USB 3.0 Wireless Adapt\u00f6r \u2013 2.4GHz &#038; 5GHz Destekli"},"content":{"rendered":"<p>Bu kablosuz a\u011f adapt\u00f6r\u00fc, IEEE 802.11a\/b\/g\/n\/ac standartlar\u0131n\u0131 destekler ve \u00e7ift bant teknolojisi sayesinde kablosuz a\u011flar \u00fczerinde y\u00fcksek performans sunar. Sinyal kararl\u0131l\u0131\u011f\u0131 ve h\u0131z a\u00e7\u0131s\u0131ndan optimize edilen sistem, \u00f6zellikle yo\u011fun a\u011f ortamlar\u0131nda stabil ba\u011flant\u0131 sa\u011flar.20 dBm iletim g\u00fcc\u00fc, sinyal menzilini art\u0131r\u0131rken ba\u011flant\u0131 kopmalar\u0131n\u0131 azalt\u0131r. \u00dcr\u00fcn\u00fcn destekledi\u011fi WEP, WPA\/WPA2 ve WPA-PSK\/WPA2-PSK (TKIP\/AES) g\u00fcvenlik protokolleri ile internet ba\u011flant\u0131n\u0131z\u0131 d\u0131\u015f tehditlere kar\u015f\u0131 koruma alt\u0131na al\u0131r.Windows XP, Vista, 7, 8, 10, 11, Mac OS ve Linux dahil olmak \u00fczere \u00e7ok say\u0131da i\u015fletim sistemi ile uyumludur. Yaln\u0131zca 50 gram a\u011f\u0131rl\u0131\u011f\u0131ndaki kompakt yap\u0131s\u0131, kolay ta\u015f\u0131nabilirli\u011fi ve anl\u0131k ba\u011flant\u0131 \u00e7\u00f6z\u00fcm\u00fcyle diz\u00fcst\u00fc veya masa\u00fcst\u00fc bilgisayarlar i\u00e7in ideal bir se\u00e7enektir.Kablolu ba\u011flant\u0131ya alternatif arayanlar ve mevcut WiFi g\u00fcc\u00fcn\u00fc art\u0131rmak isteyen kullan\u0131c\u0131lar i\u00e7in pratik, h\u0131zl\u0131 ve g\u00fcvenli bir \u00e7\u00f6z\u00fcmd\u00fcr.<\/p>\n","protected":false},"excerpt":{"rendered":"<p>Bu kablosuz a\u011f adapt\u00f6r\u00fc, IEEE 802.11a\/b\/g\/n\/ac standartlar\u0131n\u0131 destekler ve \u00e7ift bant teknolojisi sayesinde kablosuz a\u011flar \u00fczerinde y\u00fcksek performans sunar. Sinyal kararl\u0131l\u0131\u011f\u0131 ve h\u0131z a\u00e7\u0131s\u0131ndan optimize edilen sistem, \u00f6zellikle yo\u011fun a\u011f ortamlar\u0131nda stabil ba\u011flant\u0131 sa\u011flar.20 dBm iletim g\u00fcc\u00fc, sinyal menzilini art\u0131r\u0131rken ba\u011flant\u0131 kopmalar\u0131n\u0131 azalt\u0131r. \u00dcr\u00fcn\u00fcn destekledi\u011fi WEP, WPA\/WPA2 ve WPA-PSK\/WPA2-PSK (TKIP\/AES) g\u00fcvenlik protokolleri ile internet ba\u011flant\u0131n\u0131z\u0131&#8230;<\/p>\n","protected":false},"featured_media":111004,"comment_status":"open","ping_status":"closed","template":"","meta":{"_kad_post_transparent":"","_kad_post_title":"","_kad_post_layout":"","_kad_post_sidebar_id":"","_kad_post_content_style":"","_kad_post_vertical_padding":"","_kad_post_feature":"","_kad_post_feature_position":"","_kad_post_header":false,"_kad_post_footer":false,"_kad_post_classname":""},"product_brand":[],"product_cat":[14989],"product_tag":[],"class_list":{"0":"post-111005","1":"product","2":"type-product","3":"status-publish","4":"has-post-thumbnail","6":"product_cat-wireless-adaptor-wireless-adaptor","8":"first","9":"instock","10":"purchasable","11":"product-type-simple","12":"entry","13":"content-bg","14":"loop-entry"},"_links":{"self":[{"href":"https:\/\/www.hediyepazar.com\/index.php?rest_route=\/wp\/v2\/product\/111005","targetHints":{"allow":["GET"]}}],"collection":[{"href":"https:\/\/www.hediyepazar.com\/index.php?rest_route=\/wp\/v2\/product"}],"about":[{"href":"https:\/\/www.hediyepazar.com\/index.php?rest_route=\/wp\/v2\/types\/product"}],"replies":[{"embeddable":true,"href":"https:\/\/www.hediyepazar.com\/index.php?rest_route=%2Fwp%2Fv2%2Fcomments&post=111005"}],"wp:featuredmedia":[{"embeddable":true,"href":"https:\/\/www.hediyepazar.com\/index.php?rest_route=\/wp\/v2\/media\/111004"}],"wp:attachment":[{"href":"https:\/\/www.hediyepazar.com\/index.php?rest_route=%2Fwp%2Fv2%2Fmedia&parent=111005"}],"wp:term":[{"taxonomy":"product_brand","embeddable":true,"href":"https:\/\/www.hediyepazar.com\/index.php?rest_route=%2Fwp%2Fv2%2Fproduct_brand&post=111005"},{"taxonomy":"product_cat","embeddable":true,"href":"https:\/\/www.hediyepazar.com\/index.php?rest_route=%2Fwp%2Fv2%2Fproduct_cat&post=111005"},{"taxonomy":"product_tag","embeddable":true,"href":"https:\/\/www.hediyepazar.com\/index.php?rest_route=%2Fwp%2Fv2%2Fproduct_tag&post=111005"}],"curies":[{"name":"wp","href":"https:\/\/api.w.org\/{rel}","templated":true}]}}