{"id":111007,"date":"2026-05-05T06:05:10","date_gmt":"2026-05-05T09:05:10","guid":{"rendered":"https:\/\/www.hediyepazar.com\/?product=usb-wifi-adaptor-1200-mbps-hiz"},"modified":"2026-05-05T06:05:10","modified_gmt":"2026-05-05T09:05:10","slug":"usb-wifi-adaptor-1200-mbps-hiz","status":"publish","type":"product","link":"https:\/\/www.hediyepazar.com\/?product=usb-wifi-adaptor-1200-mbps-hiz","title":{"rendered":"USB WiFi Adapt\u00f6r \u2013 1200 Mbps H\u0131z"},"content":{"rendered":"<p>AC1200 USB WiFi adapt\u00f6r, 2.4GHz ve 5GHz bantlar\u0131nda toplam 1200 Mbps\u2019ye kadar veri aktar\u0131m h\u0131z\u0131 sunar. 2.4GHz band\u0131nda 300 Mbps, 5GHz band\u0131nda ise 867 Mbps h\u0131zlara ula\u015farak y\u00fcksek \u00e7\u00f6z\u00fcn\u00fcrl\u00fckl\u00fc video izleme, online oyun oynama ve dosya indirme i\u015flemlerinde kesintisiz performans sa\u011flar.Donan\u0131m\u0131nda kullan\u0131lan Realtek RTL8812BU yonga seti, g\u00fcvenilir ve stabil bir kablosuz a\u011f ba\u011flant\u0131s\u0131 sunmak i\u00e7in optimize edilmi\u015ftir. USB 3.0 aray\u00fcz\u00fc, daha y\u00fcksek h\u0131zda veri iletimi i\u00e7in tasarlanm\u0131\u015f olup, adapt\u00f6r\u00fcn tam performansla \u00e7al\u0131\u015fabilmesi i\u00e7in USB 3.0 portuna ba\u011flanmas\u0131 \u00f6nerilir.Tak \u00e7al\u0131\u015ft\u0131r \u00f6zelli\u011fi sayesinde, Windows 10 ve \u00fczeri i\u015fletim sistemlerinde ek yaz\u0131l\u0131m gerektirmeden do\u011frudan kullan\u0131labilir. Di\u011fer i\u015fletim sistemlerinde ise kutu i\u00e7eri\u011finde yer alan s\u00fcr\u00fcc\u00fc CD\u2019si ile kolay kurulum yap\u0131labilir.<\/p>\n","protected":false},"excerpt":{"rendered":"<p>AC1200 USB WiFi adapt\u00f6r, 2.4GHz ve 5GHz bantlar\u0131nda toplam 1200 Mbps\u2019ye kadar veri aktar\u0131m h\u0131z\u0131 sunar. 2.4GHz band\u0131nda 300 Mbps, 5GHz band\u0131nda ise 867 Mbps h\u0131zlara ula\u015farak y\u00fcksek \u00e7\u00f6z\u00fcn\u00fcrl\u00fckl\u00fc video izleme, online oyun oynama ve dosya indirme i\u015flemlerinde kesintisiz performans sa\u011flar.Donan\u0131m\u0131nda kullan\u0131lan Realtek RTL8812BU yonga seti, g\u00fcvenilir ve stabil bir kablosuz a\u011f ba\u011flant\u0131s\u0131 sunmak i\u00e7in&#8230;<\/p>\n","protected":false},"featured_media":111006,"comment_status":"open","ping_status":"closed","template":"","meta":{"_kad_post_transparent":"","_kad_post_title":"","_kad_post_layout":"","_kad_post_sidebar_id":"","_kad_post_content_style":"","_kad_post_vertical_padding":"","_kad_post_feature":"","_kad_post_feature_position":"","_kad_post_header":false,"_kad_post_footer":false,"_kad_post_classname":""},"product_brand":[],"product_cat":[14989],"product_tag":[],"class_list":{"0":"post-111007","1":"product","2":"type-product","3":"status-publish","4":"has-post-thumbnail","6":"product_cat-wireless-adaptor-wireless-adaptor","8":"first","9":"instock","10":"purchasable","11":"product-type-simple","12":"entry","13":"content-bg","14":"loop-entry"},"_links":{"self":[{"href":"https:\/\/www.hediyepazar.com\/index.php?rest_route=\/wp\/v2\/product\/111007","targetHints":{"allow":["GET"]}}],"collection":[{"href":"https:\/\/www.hediyepazar.com\/index.php?rest_route=\/wp\/v2\/product"}],"about":[{"href":"https:\/\/www.hediyepazar.com\/index.php?rest_route=\/wp\/v2\/types\/product"}],"replies":[{"embeddable":true,"href":"https:\/\/www.hediyepazar.com\/index.php?rest_route=%2Fwp%2Fv2%2Fcomments&post=111007"}],"wp:featuredmedia":[{"embeddable":true,"href":"https:\/\/www.hediyepazar.com\/index.php?rest_route=\/wp\/v2\/media\/111006"}],"wp:attachment":[{"href":"https:\/\/www.hediyepazar.com\/index.php?rest_route=%2Fwp%2Fv2%2Fmedia&parent=111007"}],"wp:term":[{"taxonomy":"product_brand","embeddable":true,"href":"https:\/\/www.hediyepazar.com\/index.php?rest_route=%2Fwp%2Fv2%2Fproduct_brand&post=111007"},{"taxonomy":"product_cat","embeddable":true,"href":"https:\/\/www.hediyepazar.com\/index.php?rest_route=%2Fwp%2Fv2%2Fproduct_cat&post=111007"},{"taxonomy":"product_tag","embeddable":true,"href":"https:\/\/www.hediyepazar.com\/index.php?rest_route=%2Fwp%2Fv2%2Fproduct_tag&post=111007"}],"curies":[{"name":"wp","href":"https:\/\/api.w.org\/{rel}","templated":true}]}}