{"id":111011,"date":"2026-05-05T06:05:20","date_gmt":"2026-05-05T09:05:20","guid":{"rendered":"https:\/\/www.hediyepazar.com\/?product=sik-akilli-ve-guclu-led-ekranli-kablosuz-kulaklik-seti"},"modified":"2026-05-05T06:05:20","modified_gmt":"2026-05-05T09:05:20","slug":"sik-akilli-ve-guclu-led-ekranli-kablosuz-kulaklik-seti","status":"publish","type":"product","link":"https:\/\/www.hediyepazar.com\/?product=sik-akilli-ve-guclu-led-ekranli-kablosuz-kulaklik-seti","title":{"rendered":"\u015e\u0131k Ak\u0131ll\u0131 ve G\u00fc\u00e7l\u00fc: LED Ekranl\u0131 Kablosuz Kulakl\u0131k Seti"},"content":{"rendered":"<p>Bu kulakl\u0131k seti, yaln\u0131zca \u00fcst\u00fcn ses performans\u0131 de\u011fil ayn\u0131 zamanda ak\u0131ll\u0131 enerji y\u00f6netimi de sunar. LED ekranl\u0131 \u015farj kutusu, hem kulakl\u0131klar\u0131n hem de kutunun \u015farj seviyesini ayr\u0131 ayr\u0131 g\u00f6sterir; b\u00f6ylece ne zaman \u015farj etmeniz gerekti\u011fini \u00f6nceden bilirsiniz. Uzun pil \u00f6mr\u00fc sayesinde m\u00fczik dinlemek, video izlemek ya da telefon g\u00f6r\u00fc\u015fmesi yapmak i\u00e7in kesintisiz kullan\u0131m sa\u011flar. G\u00fcnl\u00fck kullan\u0131mda sizi asla yar\u0131 yolda b\u0131rakmaz.<\/p>\n","protected":false},"excerpt":{"rendered":"<p>Bu kulakl\u0131k seti, yaln\u0131zca \u00fcst\u00fcn ses performans\u0131 de\u011fil ayn\u0131 zamanda ak\u0131ll\u0131 enerji y\u00f6netimi de sunar. LED ekranl\u0131 \u015farj kutusu, hem kulakl\u0131klar\u0131n hem de kutunun \u015farj seviyesini ayr\u0131 ayr\u0131 g\u00f6sterir; b\u00f6ylece ne zaman \u015farj etmeniz gerekti\u011fini \u00f6nceden bilirsiniz. Uzun pil \u00f6mr\u00fc sayesinde m\u00fczik dinlemek, video izlemek ya da telefon g\u00f6r\u00fc\u015fmesi yapmak i\u00e7in kesintisiz kullan\u0131m sa\u011flar. G\u00fcnl\u00fck&#8230;<\/p>\n","protected":false},"featured_media":111010,"comment_status":"open","ping_status":"closed","template":"","meta":{"_kad_post_transparent":"","_kad_post_title":"","_kad_post_layout":"","_kad_post_sidebar_id":"","_kad_post_content_style":"","_kad_post_vertical_padding":"","_kad_post_feature":"","_kad_post_feature_position":"","_kad_post_header":false,"_kad_post_footer":false,"_kad_post_classname":""},"product_brand":[],"product_cat":[14957],"product_tag":[],"class_list":{"0":"post-111011","1":"product","2":"type-product","3":"status-publish","4":"has-post-thumbnail","6":"product_cat-kablosuz-kulaklik-kablosuz-kulaklik","8":"first","9":"instock","10":"purchasable","11":"product-type-simple","12":"entry","13":"content-bg","14":"loop-entry"},"_links":{"self":[{"href":"https:\/\/www.hediyepazar.com\/index.php?rest_route=\/wp\/v2\/product\/111011","targetHints":{"allow":["GET"]}}],"collection":[{"href":"https:\/\/www.hediyepazar.com\/index.php?rest_route=\/wp\/v2\/product"}],"about":[{"href":"https:\/\/www.hediyepazar.com\/index.php?rest_route=\/wp\/v2\/types\/product"}],"replies":[{"embeddable":true,"href":"https:\/\/www.hediyepazar.com\/index.php?rest_route=%2Fwp%2Fv2%2Fcomments&post=111011"}],"wp:featuredmedia":[{"embeddable":true,"href":"https:\/\/www.hediyepazar.com\/index.php?rest_route=\/wp\/v2\/media\/111010"}],"wp:attachment":[{"href":"https:\/\/www.hediyepazar.com\/index.php?rest_route=%2Fwp%2Fv2%2Fmedia&parent=111011"}],"wp:term":[{"taxonomy":"product_brand","embeddable":true,"href":"https:\/\/www.hediyepazar.com\/index.php?rest_route=%2Fwp%2Fv2%2Fproduct_brand&post=111011"},{"taxonomy":"product_cat","embeddable":true,"href":"https:\/\/www.hediyepazar.com\/index.php?rest_route=%2Fwp%2Fv2%2Fproduct_cat&post=111011"},{"taxonomy":"product_tag","embeddable":true,"href":"https:\/\/www.hediyepazar.com\/index.php?rest_route=%2Fwp%2Fv2%2Fproduct_tag&post=111011"}],"curies":[{"name":"wp","href":"https:\/\/api.w.org\/{rel}","templated":true}]}}