{"id":111015,"date":"2026-05-05T06:06:04","date_gmt":"2026-05-05T09:06:04","guid":{"rendered":"https:\/\/www.hediyepazar.com\/?product=enc-destekli-bluetooth-5-4-kulaklik-eq-ayarli-akilli-kutulu"},"modified":"2026-05-05T06:06:04","modified_gmt":"2026-05-05T09:06:04","slug":"enc-destekli-bluetooth-5-4-kulaklik-eq-ayarli-akilli-kutulu","status":"publish","type":"product","link":"https:\/\/www.hediyepazar.com\/?product=enc-destekli-bluetooth-5-4-kulaklik-eq-ayarli-akilli-kutulu","title":{"rendered":"ENC Destekli Bluetooth 5.4 Kulakl\u0131k \u2013 EQ Ayarl\u0131 Ak\u0131ll\u0131 Kutulu"},"content":{"rendered":"<p>Kulakl\u0131k \u00fczerinde yer alan dokunmatik sens\u00f6rler, m\u00fczik \u00e7alma\/duraklatma, ses a\u00e7ma\/k\u0131sma ve \u00e7a\u011fr\u0131 kontrol\u00fc gibi i\u015flevleri parmak ucunuzla kolayca yapman\u0131z\u0131 sa\u011flar. Dahili EQ ayarlar\u0131 sayesinde Pop, Jazz, Rock, Klasik gibi farkl\u0131 ses profilleri aras\u0131nda ge\u00e7i\u015f yapabilir, m\u00fczi\u011fi tam da sizin duymak istedi\u011finiz gibi \u00f6zelle\u015ftirebilirsiniz.<\/p>\n","protected":false},"excerpt":{"rendered":"<p>Kulakl\u0131k \u00fczerinde yer alan dokunmatik sens\u00f6rler, m\u00fczik \u00e7alma\/duraklatma, ses a\u00e7ma\/k\u0131sma ve \u00e7a\u011fr\u0131 kontrol\u00fc gibi i\u015flevleri parmak ucunuzla kolayca yapman\u0131z\u0131 sa\u011flar. Dahili EQ ayarlar\u0131 sayesinde Pop, Jazz, Rock, Klasik gibi farkl\u0131 ses profilleri aras\u0131nda ge\u00e7i\u015f yapabilir, m\u00fczi\u011fi tam da sizin duymak istedi\u011finiz gibi \u00f6zelle\u015ftirebilirsiniz.<\/p>\n","protected":false},"featured_media":111014,"comment_status":"open","ping_status":"closed","template":"","meta":{"_kad_post_transparent":"","_kad_post_title":"","_kad_post_layout":"","_kad_post_sidebar_id":"","_kad_post_content_style":"","_kad_post_vertical_padding":"","_kad_post_feature":"","_kad_post_feature_position":"","_kad_post_header":false,"_kad_post_footer":false,"_kad_post_classname":""},"product_brand":[],"product_cat":[14957],"product_tag":[],"class_list":{"0":"post-111015","1":"product","2":"type-product","3":"status-publish","4":"has-post-thumbnail","6":"product_cat-kablosuz-kulaklik-kablosuz-kulaklik","8":"first","9":"instock","10":"purchasable","11":"product-type-simple","12":"entry","13":"content-bg","14":"loop-entry"},"_links":{"self":[{"href":"https:\/\/www.hediyepazar.com\/index.php?rest_route=\/wp\/v2\/product\/111015","targetHints":{"allow":["GET"]}}],"collection":[{"href":"https:\/\/www.hediyepazar.com\/index.php?rest_route=\/wp\/v2\/product"}],"about":[{"href":"https:\/\/www.hediyepazar.com\/index.php?rest_route=\/wp\/v2\/types\/product"}],"replies":[{"embeddable":true,"href":"https:\/\/www.hediyepazar.com\/index.php?rest_route=%2Fwp%2Fv2%2Fcomments&post=111015"}],"wp:featuredmedia":[{"embeddable":true,"href":"https:\/\/www.hediyepazar.com\/index.php?rest_route=\/wp\/v2\/media\/111014"}],"wp:attachment":[{"href":"https:\/\/www.hediyepazar.com\/index.php?rest_route=%2Fwp%2Fv2%2Fmedia&parent=111015"}],"wp:term":[{"taxonomy":"product_brand","embeddable":true,"href":"https:\/\/www.hediyepazar.com\/index.php?rest_route=%2Fwp%2Fv2%2Fproduct_brand&post=111015"},{"taxonomy":"product_cat","embeddable":true,"href":"https:\/\/www.hediyepazar.com\/index.php?rest_route=%2Fwp%2Fv2%2Fproduct_cat&post=111015"},{"taxonomy":"product_tag","embeddable":true,"href":"https:\/\/www.hediyepazar.com\/index.php?rest_route=%2Fwp%2Fv2%2Fproduct_tag&post=111015"}],"curies":[{"name":"wp","href":"https:\/\/api.w.org\/{rel}","templated":true}]}}