{"id":111017,"date":"2026-05-05T06:06:09","date_gmt":"2026-05-05T09:06:09","guid":{"rendered":"https:\/\/www.hediyepazar.com\/?product=kisisellestirilebilir-led-ekranli-bluetooth-kulaklik-oyun-muzik-modlu"},"modified":"2026-05-05T06:06:09","modified_gmt":"2026-05-05T09:06:09","slug":"kisisellestirilebilir-led-ekranli-bluetooth-kulaklik-oyun-muzik-modlu","status":"publish","type":"product","link":"https:\/\/www.hediyepazar.com\/?product=kisisellestirilebilir-led-ekranli-bluetooth-kulaklik-oyun-muzik-modlu","title":{"rendered":"Ki\u015fiselle\u015ftirilebilir LED Ekranl\u0131 Bluetooth Kulakl\u0131k \u2013 Oyun &#038; M\u00fczik Modlu"},"content":{"rendered":"<p>Bluetooth 5.4 teknolojisi, \u00f6nceki s\u00fcr\u00fcmlere g\u00f6re daha kararl\u0131, daha h\u0131zl\u0131 ve daha az gecikmeli ba\u011flant\u0131 sunar. Gerek video izlerken senkron kayb\u0131 ya\u015famadan keyif almak, gerekse oyunlarda tepki s\u00fcresini minimuma indirmek isteyen kullan\u0131c\u0131lar i\u00e7in ideal bir \u00e7\u00f6z\u00fcmd\u00fcr. M\u00fczik ve oyun modlar\u0131 aras\u0131nda ge\u00e7i\u015f yapabilir, her an\u0131n ses kalitesini ihtiyac\u0131n\u0131za g\u00f6re \u00f6zelle\u015ftirebilirsiniz.<\/p>\n","protected":false},"excerpt":{"rendered":"<p>Bluetooth 5.4 teknolojisi, \u00f6nceki s\u00fcr\u00fcmlere g\u00f6re daha kararl\u0131, daha h\u0131zl\u0131 ve daha az gecikmeli ba\u011flant\u0131 sunar. Gerek video izlerken senkron kayb\u0131 ya\u015famadan keyif almak, gerekse oyunlarda tepki s\u00fcresini minimuma indirmek isteyen kullan\u0131c\u0131lar i\u00e7in ideal bir \u00e7\u00f6z\u00fcmd\u00fcr. M\u00fczik ve oyun modlar\u0131 aras\u0131nda ge\u00e7i\u015f yapabilir, her an\u0131n ses kalitesini ihtiyac\u0131n\u0131za g\u00f6re \u00f6zelle\u015ftirebilirsiniz.<\/p>\n","protected":false},"featured_media":111016,"comment_status":"open","ping_status":"closed","template":"","meta":{"_kad_post_transparent":"","_kad_post_title":"","_kad_post_layout":"","_kad_post_sidebar_id":"","_kad_post_content_style":"","_kad_post_vertical_padding":"","_kad_post_feature":"","_kad_post_feature_position":"","_kad_post_header":false,"_kad_post_footer":false,"_kad_post_classname":""},"product_brand":[],"product_cat":[14957],"product_tag":[],"class_list":{"0":"post-111017","1":"product","2":"type-product","3":"status-publish","4":"has-post-thumbnail","6":"product_cat-kablosuz-kulaklik-kablosuz-kulaklik","8":"first","9":"instock","10":"purchasable","11":"product-type-simple","12":"entry","13":"content-bg","14":"loop-entry"},"_links":{"self":[{"href":"https:\/\/www.hediyepazar.com\/index.php?rest_route=\/wp\/v2\/product\/111017","targetHints":{"allow":["GET"]}}],"collection":[{"href":"https:\/\/www.hediyepazar.com\/index.php?rest_route=\/wp\/v2\/product"}],"about":[{"href":"https:\/\/www.hediyepazar.com\/index.php?rest_route=\/wp\/v2\/types\/product"}],"replies":[{"embeddable":true,"href":"https:\/\/www.hediyepazar.com\/index.php?rest_route=%2Fwp%2Fv2%2Fcomments&post=111017"}],"wp:featuredmedia":[{"embeddable":true,"href":"https:\/\/www.hediyepazar.com\/index.php?rest_route=\/wp\/v2\/media\/111016"}],"wp:attachment":[{"href":"https:\/\/www.hediyepazar.com\/index.php?rest_route=%2Fwp%2Fv2%2Fmedia&parent=111017"}],"wp:term":[{"taxonomy":"product_brand","embeddable":true,"href":"https:\/\/www.hediyepazar.com\/index.php?rest_route=%2Fwp%2Fv2%2Fproduct_brand&post=111017"},{"taxonomy":"product_cat","embeddable":true,"href":"https:\/\/www.hediyepazar.com\/index.php?rest_route=%2Fwp%2Fv2%2Fproduct_cat&post=111017"},{"taxonomy":"product_tag","embeddable":true,"href":"https:\/\/www.hediyepazar.com\/index.php?rest_route=%2Fwp%2Fv2%2Fproduct_tag&post=111017"}],"curies":[{"name":"wp","href":"https:\/\/api.w.org\/{rel}","templated":true}]}}