{"id":111020,"date":"2026-05-05T06:06:38","date_gmt":"2026-05-05T09:06:38","guid":{"rendered":"https:\/\/www.hediyepazar.com\/?product=pg8033-klavye-mouse-seti"},"modified":"2026-05-05T06:06:38","modified_gmt":"2026-05-05T09:06:38","slug":"pg8033-klavye-mouse-seti","status":"publish","type":"product","link":"https:\/\/www.hediyepazar.com\/?product=pg8033-klavye-mouse-seti","title":{"rendered":"PG8033 Klavye Mouse Seti"},"content":{"rendered":"<p>\u0130ster evde ister ofiste olun, kablo karma\u015fas\u0131na son veren bu Bluetooth &#038; wireless klavye ve mouse seti, t\u00fcm cihazlarla kusursuz uyum sa\u011flayarak size \u00f6zg\u00fcr bir kullan\u0131m deneyimi sunar. Ak\u0131ll\u0131 telefon, tablet, bilgisayar veya Smart TV gibi Bluetooth destekli cihazlara kolayca ba\u011flanabilir. USB portu gerektirmeyen ba\u011flant\u0131s\u0131 sayesinde hareket halindeyken bile kablosuz rahatl\u0131\u011f\u0131 ya\u015fay\u0131n.Q klavye d\u00fczeni ve T\u00fcrk\u00e7e karakter deste\u011fi ile kullan\u0131c\u0131 dostu bir yaz\u0131m deneyimi sunar. K\u0131sa s\u00fcrede al\u0131\u015fabilece\u011finiz tu\u015f yerle\u015fimiyle i\u015flerinizi h\u0131zl\u0131 ve konforlu \u015fekilde tamamlayabilirsiniz. Ayd\u0131nlatmal\u0131 tu\u015flar, \u00f6zellikle d\u00fc\u015f\u00fck \u0131\u015f\u0131kta \u00e7al\u0131\u015fan kullan\u0131c\u0131lar i\u00e7in b\u00fcy\u00fck avantaj sa\u011flar. RGB \u0131\u015f\u0131klar hem estetik bir g\u00f6r\u00fcn\u00fcm kazand\u0131r\u0131r hem de yazma s\u0131ras\u0131nda daha fazla kontrol hissi sunar.Kompakt ve \u015f\u0131k tasar\u0131m\u0131yla masa \u00fczerinde minimum yer kaplayan bu set, numerik tu\u015f tak\u0131m\u0131 bulunmad\u0131\u011f\u0131ndan minimalist tasar\u0131m arayan kullan\u0131c\u0131lar i\u00e7in idealdir. Ayr\u0131ca mouse sayesinde touchpad\u2019e olan ihtiya\u00e7 da ortadan kalkar. Klasik siyah rengiyle hem modern hem sade bir g\u00f6r\u00fcn\u00fcm sunar. 2 y\u0131l \u00fcretici garantisi ile uzun \u00f6m\u00fcrl\u00fc ve g\u00fcvenli bir kullan\u0131m vadeder.<\/p>\n","protected":false},"excerpt":{"rendered":"<p>\u0130ster evde ister ofiste olun, kablo karma\u015fas\u0131na son veren bu Bluetooth &#038; wireless klavye ve mouse seti, t\u00fcm cihazlarla kusursuz uyum sa\u011flayarak size \u00f6zg\u00fcr bir kullan\u0131m deneyimi sunar. Ak\u0131ll\u0131 telefon, tablet, bilgisayar veya Smart TV gibi Bluetooth destekli cihazlara kolayca ba\u011flanabilir. USB portu gerektirmeyen ba\u011flant\u0131s\u0131 sayesinde hareket halindeyken bile kablosuz rahatl\u0131\u011f\u0131 ya\u015fay\u0131n.Q klavye d\u00fczeni ve&#8230;<\/p>\n","protected":false},"featured_media":0,"comment_status":"open","ping_status":"closed","template":"","meta":{"_kad_post_transparent":"","_kad_post_title":"","_kad_post_layout":"","_kad_post_sidebar_id":"","_kad_post_content_style":"","_kad_post_vertical_padding":"","_kad_post_feature":"","_kad_post_feature_position":"","_kad_post_header":false,"_kad_post_footer":false,"_kad_post_classname":""},"product_brand":[],"product_cat":[14913],"product_tag":[],"class_list":{"0":"post-111020","1":"product","2":"type-product","3":"status-publish","5":"product_cat-klavye-klavye-2","7":"first","8":"instock","9":"purchasable","10":"product-type-simple","11":"entry","12":"content-bg","13":"loop-entry"},"_links":{"self":[{"href":"https:\/\/www.hediyepazar.com\/index.php?rest_route=\/wp\/v2\/product\/111020","targetHints":{"allow":["GET"]}}],"collection":[{"href":"https:\/\/www.hediyepazar.com\/index.php?rest_route=\/wp\/v2\/product"}],"about":[{"href":"https:\/\/www.hediyepazar.com\/index.php?rest_route=\/wp\/v2\/types\/product"}],"replies":[{"embeddable":true,"href":"https:\/\/www.hediyepazar.com\/index.php?rest_route=%2Fwp%2Fv2%2Fcomments&post=111020"}],"wp:attachment":[{"href":"https:\/\/www.hediyepazar.com\/index.php?rest_route=%2Fwp%2Fv2%2Fmedia&parent=111020"}],"wp:term":[{"taxonomy":"product_brand","embeddable":true,"href":"https:\/\/www.hediyepazar.com\/index.php?rest_route=%2Fwp%2Fv2%2Fproduct_brand&post=111020"},{"taxonomy":"product_cat","embeddable":true,"href":"https:\/\/www.hediyepazar.com\/index.php?rest_route=%2Fwp%2Fv2%2Fproduct_cat&post=111020"},{"taxonomy":"product_tag","embeddable":true,"href":"https:\/\/www.hediyepazar.com\/index.php?rest_route=%2Fwp%2Fv2%2Fproduct_tag&post=111020"}],"curies":[{"name":"wp","href":"https:\/\/api.w.org\/{rel}","templated":true}]}}