{"id":111024,"date":"2026-05-05T06:08:11","date_gmt":"2026-05-05T09:08:11","guid":{"rendered":"https:\/\/www.hediyepazar.com\/?product=sik-ve-sessiz-tasarimli-isikli-klavye-mouse-seti-sarjli-wireless"},"modified":"2026-05-05T06:08:11","modified_gmt":"2026-05-05T09:08:11","slug":"sik-ve-sessiz-tasarimli-isikli-klavye-mouse-seti-sarjli-wireless","status":"publish","type":"product","link":"https:\/\/www.hediyepazar.com\/?product=sik-ve-sessiz-tasarimli-isikli-klavye-mouse-seti-sarjli-wireless","title":{"rendered":"\u015e\u0131k ve Sessiz Tasar\u0131ml\u0131 I\u015f\u0131kl\u0131 Klavye Mouse Seti \u2013 \u015earjl\u0131 Wireless"},"content":{"rendered":"<p>Multimedya tu\u015flar\u0131n\u0131n bulunmamas\u0131, sade bir klavye yap\u0131s\u0131 arayanlar i\u00e7in daha sessiz ve odaklanm\u0131\u015f bir yaz\u0131m ortam\u0131 sunar. 2 y\u0131l \u00fcretici garantisi ile gelen bu \u00fcr\u00fcn, uzun vadeli ve g\u00fcvenli bir kullan\u0131m deneyimi sa\u011flar. Siyah renkli sade tasar\u0131m\u0131, hem ofis hem ev dekorasyonlar\u0131na uyum sa\u011flar, dikkat da\u011f\u0131tmaz, profesyonel bir atmosfer olu\u015fturur.<\/p>\n","protected":false},"excerpt":{"rendered":"<p>Multimedya tu\u015flar\u0131n\u0131n bulunmamas\u0131, sade bir klavye yap\u0131s\u0131 arayanlar i\u00e7in daha sessiz ve odaklanm\u0131\u015f bir yaz\u0131m ortam\u0131 sunar. 2 y\u0131l \u00fcretici garantisi ile gelen bu \u00fcr\u00fcn, uzun vadeli ve g\u00fcvenli bir kullan\u0131m deneyimi sa\u011flar. Siyah renkli sade tasar\u0131m\u0131, hem ofis hem ev dekorasyonlar\u0131na uyum sa\u011flar, dikkat da\u011f\u0131tmaz, profesyonel bir atmosfer olu\u015fturur.<\/p>\n","protected":false},"featured_media":111023,"comment_status":"open","ping_status":"closed","template":"","meta":{"_kad_post_transparent":"","_kad_post_title":"","_kad_post_layout":"","_kad_post_sidebar_id":"","_kad_post_content_style":"","_kad_post_vertical_padding":"","_kad_post_feature":"","_kad_post_feature_position":"","_kad_post_header":false,"_kad_post_footer":false,"_kad_post_classname":""},"product_brand":[],"product_cat":[14913],"product_tag":[],"class_list":{"0":"post-111024","1":"product","2":"type-product","3":"status-publish","4":"has-post-thumbnail","6":"product_cat-klavye-klavye-2","8":"first","9":"instock","10":"purchasable","11":"product-type-simple","12":"entry","13":"content-bg","14":"loop-entry"},"_links":{"self":[{"href":"https:\/\/www.hediyepazar.com\/index.php?rest_route=\/wp\/v2\/product\/111024","targetHints":{"allow":["GET"]}}],"collection":[{"href":"https:\/\/www.hediyepazar.com\/index.php?rest_route=\/wp\/v2\/product"}],"about":[{"href":"https:\/\/www.hediyepazar.com\/index.php?rest_route=\/wp\/v2\/types\/product"}],"replies":[{"embeddable":true,"href":"https:\/\/www.hediyepazar.com\/index.php?rest_route=%2Fwp%2Fv2%2Fcomments&post=111024"}],"wp:featuredmedia":[{"embeddable":true,"href":"https:\/\/www.hediyepazar.com\/index.php?rest_route=\/wp\/v2\/media\/111023"}],"wp:attachment":[{"href":"https:\/\/www.hediyepazar.com\/index.php?rest_route=%2Fwp%2Fv2%2Fmedia&parent=111024"}],"wp:term":[{"taxonomy":"product_brand","embeddable":true,"href":"https:\/\/www.hediyepazar.com\/index.php?rest_route=%2Fwp%2Fv2%2Fproduct_brand&post=111024"},{"taxonomy":"product_cat","embeddable":true,"href":"https:\/\/www.hediyepazar.com\/index.php?rest_route=%2Fwp%2Fv2%2Fproduct_cat&post=111024"},{"taxonomy":"product_tag","embeddable":true,"href":"https:\/\/www.hediyepazar.com\/index.php?rest_route=%2Fwp%2Fv2%2Fproduct_tag&post=111024"}],"curies":[{"name":"wp","href":"https:\/\/api.w.org\/{rel}","templated":true}]}}