{"id":111026,"date":"2026-05-05T06:08:17","date_gmt":"2026-05-05T09:08:17","guid":{"rendered":"https:\/\/www.hediyepazar.com\/?product=turkce-q-klavye-duzenli-rgb-kablosuz-klavye-mouse-set"},"modified":"2026-05-05T06:08:17","modified_gmt":"2026-05-05T09:08:17","slug":"turkce-q-klavye-duzenli-rgb-kablosuz-klavye-mouse-set","status":"publish","type":"product","link":"https:\/\/www.hediyepazar.com\/?product=turkce-q-klavye-duzenli-rgb-kablosuz-klavye-mouse-set","title":{"rendered":"T\u00fcrk\u00e7e Q Klavye D\u00fczenli RGB Kablosuz Klavye Mouse Set"},"content":{"rendered":"<p>Dahili bataryas\u0131 ile \u015farj edilerek kullan\u0131lan bu set, pille u\u011fra\u015fma derdini ortadan kald\u0131r\u0131r. Uzun s\u00fcreli kullan\u0131m sa\u011flayan bataryas\u0131 sayesinde g\u00fcn boyu kesintisiz performans sunar. Touchpad olmamas\u0131, mouse ile daha verimli bir kullan\u0131m alan\u0131 sa\u011flarken masa\u00fcst\u00fcn\u00fczde fazladan yer kazand\u0131r\u0131r. Numerik tu\u015f tak\u0131m\u0131 bulunmayan tasar\u0131m\u0131 ise kompakt ve hafif yap\u0131s\u0131yla dikkat \u00e7eker.<\/p>\n","protected":false},"excerpt":{"rendered":"<p>Dahili bataryas\u0131 ile \u015farj edilerek kullan\u0131lan bu set, pille u\u011fra\u015fma derdini ortadan kald\u0131r\u0131r. Uzun s\u00fcreli kullan\u0131m sa\u011flayan bataryas\u0131 sayesinde g\u00fcn boyu kesintisiz performans sunar. Touchpad olmamas\u0131, mouse ile daha verimli bir kullan\u0131m alan\u0131 sa\u011flarken masa\u00fcst\u00fcn\u00fczde fazladan yer kazand\u0131r\u0131r. Numerik tu\u015f tak\u0131m\u0131 bulunmayan tasar\u0131m\u0131 ise kompakt ve hafif yap\u0131s\u0131yla dikkat \u00e7eker.<\/p>\n","protected":false},"featured_media":111025,"comment_status":"open","ping_status":"closed","template":"","meta":{"_kad_post_transparent":"","_kad_post_title":"","_kad_post_layout":"","_kad_post_sidebar_id":"","_kad_post_content_style":"","_kad_post_vertical_padding":"","_kad_post_feature":"","_kad_post_feature_position":"","_kad_post_header":false,"_kad_post_footer":false,"_kad_post_classname":""},"product_brand":[],"product_cat":[14913],"product_tag":[],"class_list":{"0":"post-111026","1":"product","2":"type-product","3":"status-publish","4":"has-post-thumbnail","6":"product_cat-klavye-klavye-2","8":"first","9":"instock","10":"purchasable","11":"product-type-simple","12":"entry","13":"content-bg","14":"loop-entry"},"_links":{"self":[{"href":"https:\/\/www.hediyepazar.com\/index.php?rest_route=\/wp\/v2\/product\/111026","targetHints":{"allow":["GET"]}}],"collection":[{"href":"https:\/\/www.hediyepazar.com\/index.php?rest_route=\/wp\/v2\/product"}],"about":[{"href":"https:\/\/www.hediyepazar.com\/index.php?rest_route=\/wp\/v2\/types\/product"}],"replies":[{"embeddable":true,"href":"https:\/\/www.hediyepazar.com\/index.php?rest_route=%2Fwp%2Fv2%2Fcomments&post=111026"}],"wp:featuredmedia":[{"embeddable":true,"href":"https:\/\/www.hediyepazar.com\/index.php?rest_route=\/wp\/v2\/media\/111025"}],"wp:attachment":[{"href":"https:\/\/www.hediyepazar.com\/index.php?rest_route=%2Fwp%2Fv2%2Fmedia&parent=111026"}],"wp:term":[{"taxonomy":"product_brand","embeddable":true,"href":"https:\/\/www.hediyepazar.com\/index.php?rest_route=%2Fwp%2Fv2%2Fproduct_brand&post=111026"},{"taxonomy":"product_cat","embeddable":true,"href":"https:\/\/www.hediyepazar.com\/index.php?rest_route=%2Fwp%2Fv2%2Fproduct_cat&post=111026"},{"taxonomy":"product_tag","embeddable":true,"href":"https:\/\/www.hediyepazar.com\/index.php?rest_route=%2Fwp%2Fv2%2Fproduct_tag&post=111026"}],"curies":[{"name":"wp","href":"https:\/\/api.w.org\/{rel}","templated":true}]}}