{"id":111028,"date":"2026-05-05T06:08:59","date_gmt":"2026-05-05T09:08:59","guid":{"rendered":"https:\/\/www.hediyepazar.com\/?product=bluetooth-5-3-destekli-sarjli-tasinabilir-klavye-mouse-kombinasyonu"},"modified":"2026-05-05T06:08:59","modified_gmt":"2026-05-05T09:08:59","slug":"bluetooth-5-3-destekli-sarjli-tasinabilir-klavye-mouse-kombinasyonu","status":"publish","type":"product","link":"https:\/\/www.hediyepazar.com\/?product=bluetooth-5-3-destekli-sarjli-tasinabilir-klavye-mouse-kombinasyonu","title":{"rendered":"Bluetooth 5.3 Destekli \u015earjl\u0131 Ta\u015f\u0131nabilir Klavye + Mouse Kombinasyonu"},"content":{"rendered":"<p>Set, T\u00fcrk\u00e7e karakter destekli Q klavye d\u00fczeni ile g\u00fcnl\u00fck kullan\u0131mda h\u0131zl\u0131 ve rahat yaz\u0131m imk\u00e2n\u0131 sunar. Ayd\u0131nlatmal\u0131 RGB tu\u015flar\u0131 sayesinde hem \u015f\u0131k bir g\u00f6r\u00fcn\u00fcm sunar hem de d\u00fc\u015f\u00fck \u0131\u015f\u0131kl\u0131 ortamlarda rahatl\u0131kla \u00e7al\u0131\u015fman\u0131za olanak tan\u0131r. I\u015f\u0131k efektleri, \u00e7al\u0131\u015fma ortam\u0131n\u0131za dinamizm ve stil katar.<\/p>\n","protected":false},"excerpt":{"rendered":"<p>Set, T\u00fcrk\u00e7e karakter destekli Q klavye d\u00fczeni ile g\u00fcnl\u00fck kullan\u0131mda h\u0131zl\u0131 ve rahat yaz\u0131m imk\u00e2n\u0131 sunar. Ayd\u0131nlatmal\u0131 RGB tu\u015flar\u0131 sayesinde hem \u015f\u0131k bir g\u00f6r\u00fcn\u00fcm sunar hem de d\u00fc\u015f\u00fck \u0131\u015f\u0131kl\u0131 ortamlarda rahatl\u0131kla \u00e7al\u0131\u015fman\u0131za olanak tan\u0131r. I\u015f\u0131k efektleri, \u00e7al\u0131\u015fma ortam\u0131n\u0131za dinamizm ve stil katar.<\/p>\n","protected":false},"featured_media":111027,"comment_status":"open","ping_status":"closed","template":"","meta":{"_kad_post_transparent":"","_kad_post_title":"","_kad_post_layout":"","_kad_post_sidebar_id":"","_kad_post_content_style":"","_kad_post_vertical_padding":"","_kad_post_feature":"","_kad_post_feature_position":"","_kad_post_header":false,"_kad_post_footer":false,"_kad_post_classname":""},"product_brand":[],"product_cat":[14913],"product_tag":[],"class_list":{"0":"post-111028","1":"product","2":"type-product","3":"status-publish","4":"has-post-thumbnail","6":"product_cat-klavye-klavye-2","8":"first","9":"instock","10":"purchasable","11":"product-type-simple","12":"entry","13":"content-bg","14":"loop-entry"},"_links":{"self":[{"href":"https:\/\/www.hediyepazar.com\/index.php?rest_route=\/wp\/v2\/product\/111028","targetHints":{"allow":["GET"]}}],"collection":[{"href":"https:\/\/www.hediyepazar.com\/index.php?rest_route=\/wp\/v2\/product"}],"about":[{"href":"https:\/\/www.hediyepazar.com\/index.php?rest_route=\/wp\/v2\/types\/product"}],"replies":[{"embeddable":true,"href":"https:\/\/www.hediyepazar.com\/index.php?rest_route=%2Fwp%2Fv2%2Fcomments&post=111028"}],"wp:featuredmedia":[{"embeddable":true,"href":"https:\/\/www.hediyepazar.com\/index.php?rest_route=\/wp\/v2\/media\/111027"}],"wp:attachment":[{"href":"https:\/\/www.hediyepazar.com\/index.php?rest_route=%2Fwp%2Fv2%2Fmedia&parent=111028"}],"wp:term":[{"taxonomy":"product_brand","embeddable":true,"href":"https:\/\/www.hediyepazar.com\/index.php?rest_route=%2Fwp%2Fv2%2Fproduct_brand&post=111028"},{"taxonomy":"product_cat","embeddable":true,"href":"https:\/\/www.hediyepazar.com\/index.php?rest_route=%2Fwp%2Fv2%2Fproduct_cat&post=111028"},{"taxonomy":"product_tag","embeddable":true,"href":"https:\/\/www.hediyepazar.com\/index.php?rest_route=%2Fwp%2Fv2%2Fproduct_tag&post=111028"}],"curies":[{"name":"wp","href":"https:\/\/api.w.org\/{rel}","templated":true}]}}