{"id":111030,"date":"2026-05-05T06:09:06","date_gmt":"2026-05-05T09:09:06","guid":{"rendered":"https:\/\/www.hediyepazar.com\/?product=tum-cihazlarla-uyumlu-rgb-isikli-kablosuz-klavye-ve-mouse-seti"},"modified":"2026-05-05T06:09:06","modified_gmt":"2026-05-05T09:09:06","slug":"tum-cihazlarla-uyumlu-rgb-isikli-kablosuz-klavye-ve-mouse-seti","status":"publish","type":"product","link":"https:\/\/www.hediyepazar.com\/?product=tum-cihazlarla-uyumlu-rgb-isikli-kablosuz-klavye-ve-mouse-seti","title":{"rendered":"T\u00fcm Cihazlarla Uyumlu RGB I\u015f\u0131kl\u0131 Kablosuz Klavye ve Mouse Seti"},"content":{"rendered":"<p>Bu RGB \u0131\u015f\u0131kl\u0131 kablosuz klavye ve mouse seti, Bluetooth ve Wireless ba\u011flant\u0131 deste\u011fi sayesinde bilgisayar, tablet, telefon ve Smart TV gibi \u00e7ok say\u0131da cihazla uyumlu \u00e7al\u0131\u015f\u0131r. Tak ve kullan mant\u0131\u011f\u0131yla kurulumu kolayd\u0131r, USB portuna ihtiya\u00e7 duymadan an\u0131nda ba\u011flant\u0131 sa\u011flar. \u00d6zellikle mobil \u00e7al\u0131\u015fanlar veya kompakt masa d\u00fczeni isteyen kullan\u0131c\u0131lar i\u00e7in idealdir.<\/p>\n","protected":false},"excerpt":{"rendered":"<p>Bu RGB \u0131\u015f\u0131kl\u0131 kablosuz klavye ve mouse seti, Bluetooth ve Wireless ba\u011flant\u0131 deste\u011fi sayesinde bilgisayar, tablet, telefon ve Smart TV gibi \u00e7ok say\u0131da cihazla uyumlu \u00e7al\u0131\u015f\u0131r. Tak ve kullan mant\u0131\u011f\u0131yla kurulumu kolayd\u0131r, USB portuna ihtiya\u00e7 duymadan an\u0131nda ba\u011flant\u0131 sa\u011flar. \u00d6zellikle mobil \u00e7al\u0131\u015fanlar veya kompakt masa d\u00fczeni isteyen kullan\u0131c\u0131lar i\u00e7in idealdir.<\/p>\n","protected":false},"featured_media":111029,"comment_status":"open","ping_status":"closed","template":"","meta":{"_kad_post_transparent":"","_kad_post_title":"","_kad_post_layout":"","_kad_post_sidebar_id":"","_kad_post_content_style":"","_kad_post_vertical_padding":"","_kad_post_feature":"","_kad_post_feature_position":"","_kad_post_header":false,"_kad_post_footer":false,"_kad_post_classname":""},"product_brand":[],"product_cat":[14913],"product_tag":[],"class_list":{"0":"post-111030","1":"product","2":"type-product","3":"status-publish","4":"has-post-thumbnail","6":"product_cat-klavye-klavye-2","8":"first","9":"instock","10":"purchasable","11":"product-type-simple","12":"entry","13":"content-bg","14":"loop-entry"},"_links":{"self":[{"href":"https:\/\/www.hediyepazar.com\/index.php?rest_route=\/wp\/v2\/product\/111030","targetHints":{"allow":["GET"]}}],"collection":[{"href":"https:\/\/www.hediyepazar.com\/index.php?rest_route=\/wp\/v2\/product"}],"about":[{"href":"https:\/\/www.hediyepazar.com\/index.php?rest_route=\/wp\/v2\/types\/product"}],"replies":[{"embeddable":true,"href":"https:\/\/www.hediyepazar.com\/index.php?rest_route=%2Fwp%2Fv2%2Fcomments&post=111030"}],"wp:featuredmedia":[{"embeddable":true,"href":"https:\/\/www.hediyepazar.com\/index.php?rest_route=\/wp\/v2\/media\/111029"}],"wp:attachment":[{"href":"https:\/\/www.hediyepazar.com\/index.php?rest_route=%2Fwp%2Fv2%2Fmedia&parent=111030"}],"wp:term":[{"taxonomy":"product_brand","embeddable":true,"href":"https:\/\/www.hediyepazar.com\/index.php?rest_route=%2Fwp%2Fv2%2Fproduct_brand&post=111030"},{"taxonomy":"product_cat","embeddable":true,"href":"https:\/\/www.hediyepazar.com\/index.php?rest_route=%2Fwp%2Fv2%2Fproduct_cat&post=111030"},{"taxonomy":"product_tag","embeddable":true,"href":"https:\/\/www.hediyepazar.com\/index.php?rest_route=%2Fwp%2Fv2%2Fproduct_tag&post=111030"}],"curies":[{"name":"wp","href":"https:\/\/api.w.org\/{rel}","templated":true}]}}