{"id":111034,"date":"2026-05-05T06:09:15","date_gmt":"2026-05-05T09:09:15","guid":{"rendered":"https:\/\/www.hediyepazar.com\/?product=kablosuz-rgb-isikli-katlanabilir-bluetooth-kulak-ustu-kulaklik"},"modified":"2026-05-05T06:09:15","modified_gmt":"2026-05-05T09:09:15","slug":"kablosuz-rgb-isikli-katlanabilir-bluetooth-kulak-ustu-kulaklik","status":"publish","type":"product","link":"https:\/\/www.hediyepazar.com\/?product=kablosuz-rgb-isikli-katlanabilir-bluetooth-kulak-ustu-kulaklik","title":{"rendered":"Kablosuz RGB I\u015f\u0131kl\u0131 Katlanabilir Bluetooth Kulak \u00dcst\u00fc Kulakl\u0131k"},"content":{"rendered":"<p>MT965 Bluetooth kulakl\u0131k, geli\u015fmi\u015f Bluetooth 5.3 teknolojisi sayesinde daha kararl\u0131 ba\u011flant\u0131, d\u00fc\u015f\u00fck gecikme ve h\u0131zl\u0131 e\u015fle\u015fme sunar. Stereo ses \u00f6zelli\u011fiyle donat\u0131lm\u0131\u015f olan bu kulakl\u0131k, hem dengeli hem de etkileyici bir m\u00fczik deneyimi ya\u015fat\u0131r. \u00d6zellikle m\u00fczik dinlemeyi seven kullan\u0131c\u0131lar i\u00e7in net tizler, dengeli orta frekanslar ve derin baslar sunan bu kulakl\u0131k, t\u00fcm t\u00fcrlerde kaliteli ses performans\u0131 sa\u011flar.Aktif G\u00fcr\u00fclt\u00fc Engelleme (ANC) \u00f6zelli\u011fi sayesinde d\u0131\u015f ortam g\u00fcr\u00fclt\u00fclerini b\u00fcy\u00fck oranda izole eder. Toplu ta\u015f\u0131ma, kalabal\u0131k sokaklar ya da ofis ortam\u0131nda m\u00fczik keyfinizi bozmadan dinlemenizi sa\u011flar. Mikrofon \u00f6zelli\u011fi bulunmayan bu model, \u00f6zellikle sadece m\u00fczik veya medya t\u00fcketimi amac\u0131yla kulakl\u0131k arayan kullan\u0131c\u0131lar i\u00e7in idealdir.15 ila 40 saat aras\u0131 pil \u00f6mr\u00fc sunan MT965, tam \u015farjla uzun s\u00fcreli kullan\u0131m vadeder. G\u00fcnl\u00fck hayatta, seyahatlerde veya uzun s\u00fcreli dinlenmelerde sizi yar\u0131 yolda b\u0131rakmaz. Hafif ve kulak \u00fcst\u00fc yap\u0131s\u0131, uzun kullan\u0131mlarda konforlu kalmaya devam eder.<\/p>\n","protected":false},"excerpt":{"rendered":"<p>MT965 Bluetooth kulakl\u0131k, geli\u015fmi\u015f Bluetooth 5.3 teknolojisi sayesinde daha kararl\u0131 ba\u011flant\u0131, d\u00fc\u015f\u00fck gecikme ve h\u0131zl\u0131 e\u015fle\u015fme sunar. Stereo ses \u00f6zelli\u011fiyle donat\u0131lm\u0131\u015f olan bu kulakl\u0131k, hem dengeli hem de etkileyici bir m\u00fczik deneyimi ya\u015fat\u0131r. \u00d6zellikle m\u00fczik dinlemeyi seven kullan\u0131c\u0131lar i\u00e7in net tizler, dengeli orta frekanslar ve derin baslar sunan bu kulakl\u0131k, t\u00fcm t\u00fcrlerde kaliteli ses performans\u0131&#8230;<\/p>\n","protected":false},"featured_media":111033,"comment_status":"open","ping_status":"closed","template":"","meta":{"_kad_post_transparent":"","_kad_post_title":"","_kad_post_layout":"","_kad_post_sidebar_id":"","_kad_post_content_style":"","_kad_post_vertical_padding":"","_kad_post_feature":"","_kad_post_feature_position":"","_kad_post_header":false,"_kad_post_footer":false,"_kad_post_classname":""},"product_brand":[],"product_cat":[14957],"product_tag":[],"class_list":{"0":"post-111034","1":"product","2":"type-product","3":"status-publish","4":"has-post-thumbnail","6":"product_cat-kablosuz-kulaklik-kablosuz-kulaklik","8":"first","9":"instock","10":"purchasable","11":"product-type-simple","12":"entry","13":"content-bg","14":"loop-entry"},"_links":{"self":[{"href":"https:\/\/www.hediyepazar.com\/index.php?rest_route=\/wp\/v2\/product\/111034","targetHints":{"allow":["GET"]}}],"collection":[{"href":"https:\/\/www.hediyepazar.com\/index.php?rest_route=\/wp\/v2\/product"}],"about":[{"href":"https:\/\/www.hediyepazar.com\/index.php?rest_route=\/wp\/v2\/types\/product"}],"replies":[{"embeddable":true,"href":"https:\/\/www.hediyepazar.com\/index.php?rest_route=%2Fwp%2Fv2%2Fcomments&post=111034"}],"wp:featuredmedia":[{"embeddable":true,"href":"https:\/\/www.hediyepazar.com\/index.php?rest_route=\/wp\/v2\/media\/111033"}],"wp:attachment":[{"href":"https:\/\/www.hediyepazar.com\/index.php?rest_route=%2Fwp%2Fv2%2Fmedia&parent=111034"}],"wp:term":[{"taxonomy":"product_brand","embeddable":true,"href":"https:\/\/www.hediyepazar.com\/index.php?rest_route=%2Fwp%2Fv2%2Fproduct_brand&post=111034"},{"taxonomy":"product_cat","embeddable":true,"href":"https:\/\/www.hediyepazar.com\/index.php?rest_route=%2Fwp%2Fv2%2Fproduct_cat&post=111034"},{"taxonomy":"product_tag","embeddable":true,"href":"https:\/\/www.hediyepazar.com\/index.php?rest_route=%2Fwp%2Fv2%2Fproduct_tag&post=111034"}],"curies":[{"name":"wp","href":"https:\/\/api.w.org\/{rel}","templated":true}]}}