{"id":111036,"date":"2026-05-05T06:09:19","date_gmt":"2026-05-05T09:09:19","guid":{"rendered":"https:\/\/www.hediyepazar.com\/?product=renkli-isik-efektli-bluetooth-5-3-muzik-kulakligi"},"modified":"2026-05-05T06:09:19","modified_gmt":"2026-05-05T09:09:19","slug":"renkli-isik-efektli-bluetooth-5-3-muzik-kulakligi","status":"publish","type":"product","link":"https:\/\/www.hediyepazar.com\/?product=renkli-isik-efektli-bluetooth-5-3-muzik-kulakligi","title":{"rendered":"Renkli I\u015f\u0131k Efektli Bluetooth 5.3 M\u00fczik Kulakl\u0131\u011f\u0131"},"content":{"rendered":"<p>Katlanabilir yap\u0131s\u0131 sayesinde bu kulak \u00fcst\u00fc kulakl\u0131\u011f\u0131 \u00e7antan\u0131zda kolayca ta\u015f\u0131yabilirsiniz. Ayr\u0131ca kafa band\u0131 ayarlanabilir oldu\u011fundan farkl\u0131 ba\u015f yap\u0131s\u0131na uyum sa\u011flar. Yumu\u015fak kulak pedleri uzun s\u00fcreli kullan\u0131mlarda bile rahatl\u0131k sunar. Hem evde hem d\u0131\u015far\u0131da kullan\u0131ma uygundur.<\/p>\n","protected":false},"excerpt":{"rendered":"<p>Katlanabilir yap\u0131s\u0131 sayesinde bu kulak \u00fcst\u00fc kulakl\u0131\u011f\u0131 \u00e7antan\u0131zda kolayca ta\u015f\u0131yabilirsiniz. Ayr\u0131ca kafa band\u0131 ayarlanabilir oldu\u011fundan farkl\u0131 ba\u015f yap\u0131s\u0131na uyum sa\u011flar. Yumu\u015fak kulak pedleri uzun s\u00fcreli kullan\u0131mlarda bile rahatl\u0131k sunar. Hem evde hem d\u0131\u015far\u0131da kullan\u0131ma uygundur.<\/p>\n","protected":false},"featured_media":111035,"comment_status":"open","ping_status":"closed","template":"","meta":{"_kad_post_transparent":"","_kad_post_title":"","_kad_post_layout":"","_kad_post_sidebar_id":"","_kad_post_content_style":"","_kad_post_vertical_padding":"","_kad_post_feature":"","_kad_post_feature_position":"","_kad_post_header":false,"_kad_post_footer":false,"_kad_post_classname":""},"product_brand":[],"product_cat":[14957],"product_tag":[],"class_list":{"0":"post-111036","1":"product","2":"type-product","3":"status-publish","4":"has-post-thumbnail","6":"product_cat-kablosuz-kulaklik-kablosuz-kulaklik","8":"first","9":"instock","10":"purchasable","11":"product-type-simple","12":"entry","13":"content-bg","14":"loop-entry"},"_links":{"self":[{"href":"https:\/\/www.hediyepazar.com\/index.php?rest_route=\/wp\/v2\/product\/111036","targetHints":{"allow":["GET"]}}],"collection":[{"href":"https:\/\/www.hediyepazar.com\/index.php?rest_route=\/wp\/v2\/product"}],"about":[{"href":"https:\/\/www.hediyepazar.com\/index.php?rest_route=\/wp\/v2\/types\/product"}],"replies":[{"embeddable":true,"href":"https:\/\/www.hediyepazar.com\/index.php?rest_route=%2Fwp%2Fv2%2Fcomments&post=111036"}],"wp:featuredmedia":[{"embeddable":true,"href":"https:\/\/www.hediyepazar.com\/index.php?rest_route=\/wp\/v2\/media\/111035"}],"wp:attachment":[{"href":"https:\/\/www.hediyepazar.com\/index.php?rest_route=%2Fwp%2Fv2%2Fmedia&parent=111036"}],"wp:term":[{"taxonomy":"product_brand","embeddable":true,"href":"https:\/\/www.hediyepazar.com\/index.php?rest_route=%2Fwp%2Fv2%2Fproduct_brand&post=111036"},{"taxonomy":"product_cat","embeddable":true,"href":"https:\/\/www.hediyepazar.com\/index.php?rest_route=%2Fwp%2Fv2%2Fproduct_cat&post=111036"},{"taxonomy":"product_tag","embeddable":true,"href":"https:\/\/www.hediyepazar.com\/index.php?rest_route=%2Fwp%2Fv2%2Fproduct_tag&post=111036"}],"curies":[{"name":"wp","href":"https:\/\/api.w.org\/{rel}","templated":true}]}}