{"id":111038,"date":"2026-05-05T06:10:02","date_gmt":"2026-05-05T09:10:02","guid":{"rendered":"https:\/\/www.hediyepazar.com\/?product=yuksek-ses-kaliteli-kablosuz-kulak-ustu-kulaklik-bt-5-3"},"modified":"2026-05-05T06:10:02","modified_gmt":"2026-05-05T09:10:02","slug":"yuksek-ses-kaliteli-kablosuz-kulak-ustu-kulaklik-bt-5-3","status":"publish","type":"product","link":"https:\/\/www.hediyepazar.com\/?product=yuksek-ses-kaliteli-kablosuz-kulak-ustu-kulaklik-bt-5-3","title":{"rendered":"Y\u00fcksek Ses Kaliteli Kablosuz Kulak \u00dcst\u00fc Kulakl\u0131k \u2013 BT 5.3"},"content":{"rendered":"<p>Geli\u015fmi\u015f ses s\u00fcr\u00fcc\u00fcleri ile net tizler, dengeli midler ve g\u00fc\u00e7l\u00fc baslar sunan bu kulakl\u0131k, her m\u00fczik t\u00fcr\u00fcnde tatmin edici bir performans sergiler. \u0130ster klasik, ister elektronik m\u00fczik dinleyin, detaylar\u0131 ka\u00e7\u0131rmadan kaliteli ses deneyimi ya\u015fars\u0131n\u0131z. Film ve oyunlarda da net ve derinlemesine ses verir.<\/p>\n","protected":false},"excerpt":{"rendered":"<p>Geli\u015fmi\u015f ses s\u00fcr\u00fcc\u00fcleri ile net tizler, dengeli midler ve g\u00fc\u00e7l\u00fc baslar sunan bu kulakl\u0131k, her m\u00fczik t\u00fcr\u00fcnde tatmin edici bir performans sergiler. \u0130ster klasik, ister elektronik m\u00fczik dinleyin, detaylar\u0131 ka\u00e7\u0131rmadan kaliteli ses deneyimi ya\u015fars\u0131n\u0131z. Film ve oyunlarda da net ve derinlemesine ses verir.<\/p>\n","protected":false},"featured_media":111037,"comment_status":"open","ping_status":"closed","template":"","meta":{"_kad_post_transparent":"","_kad_post_title":"","_kad_post_layout":"","_kad_post_sidebar_id":"","_kad_post_content_style":"","_kad_post_vertical_padding":"","_kad_post_feature":"","_kad_post_feature_position":"","_kad_post_header":false,"_kad_post_footer":false,"_kad_post_classname":""},"product_brand":[],"product_cat":[14957],"product_tag":[],"class_list":{"0":"post-111038","1":"product","2":"type-product","3":"status-publish","4":"has-post-thumbnail","6":"product_cat-kablosuz-kulaklik-kablosuz-kulaklik","8":"first","9":"instock","10":"purchasable","11":"product-type-simple","12":"entry","13":"content-bg","14":"loop-entry"},"_links":{"self":[{"href":"https:\/\/www.hediyepazar.com\/index.php?rest_route=\/wp\/v2\/product\/111038","targetHints":{"allow":["GET"]}}],"collection":[{"href":"https:\/\/www.hediyepazar.com\/index.php?rest_route=\/wp\/v2\/product"}],"about":[{"href":"https:\/\/www.hediyepazar.com\/index.php?rest_route=\/wp\/v2\/types\/product"}],"replies":[{"embeddable":true,"href":"https:\/\/www.hediyepazar.com\/index.php?rest_route=%2Fwp%2Fv2%2Fcomments&post=111038"}],"wp:featuredmedia":[{"embeddable":true,"href":"https:\/\/www.hediyepazar.com\/index.php?rest_route=\/wp\/v2\/media\/111037"}],"wp:attachment":[{"href":"https:\/\/www.hediyepazar.com\/index.php?rest_route=%2Fwp%2Fv2%2Fmedia&parent=111038"}],"wp:term":[{"taxonomy":"product_brand","embeddable":true,"href":"https:\/\/www.hediyepazar.com\/index.php?rest_route=%2Fwp%2Fv2%2Fproduct_brand&post=111038"},{"taxonomy":"product_cat","embeddable":true,"href":"https:\/\/www.hediyepazar.com\/index.php?rest_route=%2Fwp%2Fv2%2Fproduct_cat&post=111038"},{"taxonomy":"product_tag","embeddable":true,"href":"https:\/\/www.hediyepazar.com\/index.php?rest_route=%2Fwp%2Fv2%2Fproduct_tag&post=111038"}],"curies":[{"name":"wp","href":"https:\/\/api.w.org\/{rel}","templated":true}]}}