{"id":111040,"date":"2026-05-05T06:10:09","date_gmt":"2026-05-05T09:10:09","guid":{"rendered":"https:\/\/www.hediyepazar.com\/?product=rgb-isikli-katlanabilir-bluetooth-5-3-kulak-ustu-kulaklik"},"modified":"2026-05-05T06:10:09","modified_gmt":"2026-05-05T09:10:09","slug":"rgb-isikli-katlanabilir-bluetooth-5-3-kulak-ustu-kulaklik","status":"publish","type":"product","link":"https:\/\/www.hediyepazar.com\/?product=rgb-isikli-katlanabilir-bluetooth-5-3-kulak-ustu-kulaklik","title":{"rendered":"RGB I\u015f\u0131kl\u0131 Katlanabilir Bluetooth 5.3 Kulak \u00dcst\u00fc Kulakl\u0131k"},"content":{"rendered":"<p>Kulakl\u0131k g\u00f6vdelerinde yer alan renkli RGB \u0131\u015f\u0131k efektleri, sadece ses de\u011fil ayn\u0131 zamanda g\u00f6rsellik de arayan kullan\u0131c\u0131lar i\u00e7in \u00f6zel olarak tasarlanm\u0131\u015ft\u0131r. M\u00fczik dinlerken yan\u0131p s\u00f6nen rainbow \u0131\u015f\u0131klar ile ritmi g\u00f6rsel olarak da hissedin. \u00d6zellikle gen\u00e7 kullan\u0131c\u0131lar i\u00e7in \u015f\u0131k ve dikkat \u00e7ekici bir tasar\u0131ma sahiptir.<\/p>\n","protected":false},"excerpt":{"rendered":"<p>Kulakl\u0131k g\u00f6vdelerinde yer alan renkli RGB \u0131\u015f\u0131k efektleri, sadece ses de\u011fil ayn\u0131 zamanda g\u00f6rsellik de arayan kullan\u0131c\u0131lar i\u00e7in \u00f6zel olarak tasarlanm\u0131\u015ft\u0131r. M\u00fczik dinlerken yan\u0131p s\u00f6nen rainbow \u0131\u015f\u0131klar ile ritmi g\u00f6rsel olarak da hissedin. \u00d6zellikle gen\u00e7 kullan\u0131c\u0131lar i\u00e7in \u015f\u0131k ve dikkat \u00e7ekici bir tasar\u0131ma sahiptir.<\/p>\n","protected":false},"featured_media":111039,"comment_status":"open","ping_status":"closed","template":"","meta":{"_kad_post_transparent":"","_kad_post_title":"","_kad_post_layout":"","_kad_post_sidebar_id":"","_kad_post_content_style":"","_kad_post_vertical_padding":"","_kad_post_feature":"","_kad_post_feature_position":"","_kad_post_header":false,"_kad_post_footer":false,"_kad_post_classname":""},"product_brand":[],"product_cat":[14957],"product_tag":[],"class_list":{"0":"post-111040","1":"product","2":"type-product","3":"status-publish","4":"has-post-thumbnail","6":"product_cat-kablosuz-kulaklik-kablosuz-kulaklik","8":"first","9":"instock","10":"purchasable","11":"product-type-simple","12":"entry","13":"content-bg","14":"loop-entry"},"_links":{"self":[{"href":"https:\/\/www.hediyepazar.com\/index.php?rest_route=\/wp\/v2\/product\/111040","targetHints":{"allow":["GET"]}}],"collection":[{"href":"https:\/\/www.hediyepazar.com\/index.php?rest_route=\/wp\/v2\/product"}],"about":[{"href":"https:\/\/www.hediyepazar.com\/index.php?rest_route=\/wp\/v2\/types\/product"}],"replies":[{"embeddable":true,"href":"https:\/\/www.hediyepazar.com\/index.php?rest_route=%2Fwp%2Fv2%2Fcomments&post=111040"}],"wp:featuredmedia":[{"embeddable":true,"href":"https:\/\/www.hediyepazar.com\/index.php?rest_route=\/wp\/v2\/media\/111039"}],"wp:attachment":[{"href":"https:\/\/www.hediyepazar.com\/index.php?rest_route=%2Fwp%2Fv2%2Fmedia&parent=111040"}],"wp:term":[{"taxonomy":"product_brand","embeddable":true,"href":"https:\/\/www.hediyepazar.com\/index.php?rest_route=%2Fwp%2Fv2%2Fproduct_brand&post=111040"},{"taxonomy":"product_cat","embeddable":true,"href":"https:\/\/www.hediyepazar.com\/index.php?rest_route=%2Fwp%2Fv2%2Fproduct_cat&post=111040"},{"taxonomy":"product_tag","embeddable":true,"href":"https:\/\/www.hediyepazar.com\/index.php?rest_route=%2Fwp%2Fv2%2Fproduct_tag&post=111040"}],"curies":[{"name":"wp","href":"https:\/\/api.w.org\/{rel}","templated":true}]}}