{"id":111042,"date":"2026-05-05T06:10:16","date_gmt":"2026-05-05T09:10:16","guid":{"rendered":"https:\/\/www.hediyepazar.com\/?product=bluetooth-5-3-rainbow-isikli-kulak-ustu-kablosuz-kulaklik"},"modified":"2026-05-05T06:10:16","modified_gmt":"2026-05-05T09:10:16","slug":"bluetooth-5-3-rainbow-isikli-kulak-ustu-kablosuz-kulaklik","status":"publish","type":"product","link":"https:\/\/www.hediyepazar.com\/?product=bluetooth-5-3-rainbow-isikli-kulak-ustu-kablosuz-kulaklik","title":{"rendered":"Bluetooth 5.3 Rainbow I\u015f\u0131kl\u0131 Kulak \u00dcst\u00fc Kablosuz Kulakl\u0131k"},"content":{"rendered":"<p>En yeni nesil Bluetooth 5.3 teknolojisi ile donat\u0131lm\u0131\u015f bu kulak \u00fcst\u00fc kablosuz kulakl\u0131k, daha h\u0131zl\u0131 e\u015fle\u015fme s\u00fcresi, d\u00fc\u015f\u00fck gecikme ve daha g\u00fc\u00e7l\u00fc ba\u011flant\u0131 kararl\u0131l\u0131\u011f\u0131 sunar. Telefon, tablet, bilgisayar ve di\u011fer t\u00fcm Bluetooth destekli cihazlarla kolayca e\u015fle\u015fir. Geli\u015ftirilmi\u015f enerji verimlili\u011fi sayesinde daha uzun pil \u00f6mr\u00fc sa\u011flar ve kesintisiz m\u00fczik keyfi sunar.<\/p>\n","protected":false},"excerpt":{"rendered":"<p>En yeni nesil Bluetooth 5.3 teknolojisi ile donat\u0131lm\u0131\u015f bu kulak \u00fcst\u00fc kablosuz kulakl\u0131k, daha h\u0131zl\u0131 e\u015fle\u015fme s\u00fcresi, d\u00fc\u015f\u00fck gecikme ve daha g\u00fc\u00e7l\u00fc ba\u011flant\u0131 kararl\u0131l\u0131\u011f\u0131 sunar. Telefon, tablet, bilgisayar ve di\u011fer t\u00fcm Bluetooth destekli cihazlarla kolayca e\u015fle\u015fir. Geli\u015ftirilmi\u015f enerji verimlili\u011fi sayesinde daha uzun pil \u00f6mr\u00fc sa\u011flar ve kesintisiz m\u00fczik keyfi sunar.<\/p>\n","protected":false},"featured_media":111041,"comment_status":"open","ping_status":"closed","template":"","meta":{"_kad_post_transparent":"","_kad_post_title":"","_kad_post_layout":"","_kad_post_sidebar_id":"","_kad_post_content_style":"","_kad_post_vertical_padding":"","_kad_post_feature":"","_kad_post_feature_position":"","_kad_post_header":false,"_kad_post_footer":false,"_kad_post_classname":""},"product_brand":[],"product_cat":[14957],"product_tag":[],"class_list":{"0":"post-111042","1":"product","2":"type-product","3":"status-publish","4":"has-post-thumbnail","6":"product_cat-kablosuz-kulaklik-kablosuz-kulaklik","8":"first","9":"instock","10":"purchasable","11":"product-type-simple","12":"entry","13":"content-bg","14":"loop-entry"},"_links":{"self":[{"href":"https:\/\/www.hediyepazar.com\/index.php?rest_route=\/wp\/v2\/product\/111042","targetHints":{"allow":["GET"]}}],"collection":[{"href":"https:\/\/www.hediyepazar.com\/index.php?rest_route=\/wp\/v2\/product"}],"about":[{"href":"https:\/\/www.hediyepazar.com\/index.php?rest_route=\/wp\/v2\/types\/product"}],"replies":[{"embeddable":true,"href":"https:\/\/www.hediyepazar.com\/index.php?rest_route=%2Fwp%2Fv2%2Fcomments&post=111042"}],"wp:featuredmedia":[{"embeddable":true,"href":"https:\/\/www.hediyepazar.com\/index.php?rest_route=\/wp\/v2\/media\/111041"}],"wp:attachment":[{"href":"https:\/\/www.hediyepazar.com\/index.php?rest_route=%2Fwp%2Fv2%2Fmedia&parent=111042"}],"wp:term":[{"taxonomy":"product_brand","embeddable":true,"href":"https:\/\/www.hediyepazar.com\/index.php?rest_route=%2Fwp%2Fv2%2Fproduct_brand&post=111042"},{"taxonomy":"product_cat","embeddable":true,"href":"https:\/\/www.hediyepazar.com\/index.php?rest_route=%2Fwp%2Fv2%2Fproduct_cat&post=111042"},{"taxonomy":"product_tag","embeddable":true,"href":"https:\/\/www.hediyepazar.com\/index.php?rest_route=%2Fwp%2Fv2%2Fproduct_tag&post=111042"}],"curies":[{"name":"wp","href":"https:\/\/api.w.org\/{rel}","templated":true}]}}