{"id":111044,"date":"2026-05-05T06:10:22","date_gmt":"2026-05-05T09:10:22","guid":{"rendered":"https:\/\/www.hediyepazar.com\/?product=m15-oyun-konsolu"},"modified":"2026-05-05T06:10:22","modified_gmt":"2026-05-05T09:10:22","slug":"m15-oyun-konsolu","status":"publish","type":"product","link":"https:\/\/www.hediyepazar.com\/?product=m15-oyun-konsolu","title":{"rendered":"M15-Oyun Konsolu"},"content":{"rendered":"<p>\u00c7ocuklar i\u00e7in e\u011flenceli, yeti\u015fkinler i\u00e7in nostaljik bir deneyim sunan M15 retro oyun konsolu; do\u011fum g\u00fcn\u00fc, bayram veya \u00f6zel g\u00fcnlerde hediye olarak harika bir tercihtir. Kullan\u0131m\u0131 kolay aray\u00fcz\u00fc, sade kurulumu ve geni\u015f oyun ar\u015fivi sayesinde herkesin rahatl\u0131kla kullanabilece\u011fi, ailecek keyif al\u0131nabilecek bir cihazd\u0131r.<\/p>\n","protected":false},"excerpt":{"rendered":"<p>\u00c7ocuklar i\u00e7in e\u011flenceli, yeti\u015fkinler i\u00e7in nostaljik bir deneyim sunan M15 retro oyun konsolu; do\u011fum g\u00fcn\u00fc, bayram veya \u00f6zel g\u00fcnlerde hediye olarak harika bir tercihtir. Kullan\u0131m\u0131 kolay aray\u00fcz\u00fc, sade kurulumu ve geni\u015f oyun ar\u015fivi sayesinde herkesin rahatl\u0131kla kullanabilece\u011fi, ailecek keyif al\u0131nabilecek bir cihazd\u0131r.<\/p>\n","protected":false},"featured_media":111043,"comment_status":"open","ping_status":"closed","template":"","meta":{"_kad_post_transparent":"","_kad_post_title":"","_kad_post_layout":"","_kad_post_sidebar_id":"","_kad_post_content_style":"","_kad_post_vertical_padding":"","_kad_post_feature":"","_kad_post_feature_position":"","_kad_post_header":false,"_kad_post_footer":false,"_kad_post_classname":""},"product_brand":[],"product_cat":[14961],"product_tag":[],"class_list":{"0":"post-111044","1":"product","2":"type-product","3":"status-publish","4":"has-post-thumbnail","6":"product_cat-oyun-konsolu-oyun-konsolu","8":"first","9":"instock","10":"purchasable","11":"product-type-simple","12":"entry","13":"content-bg","14":"loop-entry"},"_links":{"self":[{"href":"https:\/\/www.hediyepazar.com\/index.php?rest_route=\/wp\/v2\/product\/111044","targetHints":{"allow":["GET"]}}],"collection":[{"href":"https:\/\/www.hediyepazar.com\/index.php?rest_route=\/wp\/v2\/product"}],"about":[{"href":"https:\/\/www.hediyepazar.com\/index.php?rest_route=\/wp\/v2\/types\/product"}],"replies":[{"embeddable":true,"href":"https:\/\/www.hediyepazar.com\/index.php?rest_route=%2Fwp%2Fv2%2Fcomments&post=111044"}],"wp:featuredmedia":[{"embeddable":true,"href":"https:\/\/www.hediyepazar.com\/index.php?rest_route=\/wp\/v2\/media\/111043"}],"wp:attachment":[{"href":"https:\/\/www.hediyepazar.com\/index.php?rest_route=%2Fwp%2Fv2%2Fmedia&parent=111044"}],"wp:term":[{"taxonomy":"product_brand","embeddable":true,"href":"https:\/\/www.hediyepazar.com\/index.php?rest_route=%2Fwp%2Fv2%2Fproduct_brand&post=111044"},{"taxonomy":"product_cat","embeddable":true,"href":"https:\/\/www.hediyepazar.com\/index.php?rest_route=%2Fwp%2Fv2%2Fproduct_cat&post=111044"},{"taxonomy":"product_tag","embeddable":true,"href":"https:\/\/www.hediyepazar.com\/index.php?rest_route=%2Fwp%2Fv2%2Fproduct_tag&post=111044"}],"curies":[{"name":"wp","href":"https:\/\/api.w.org\/{rel}","templated":true}]}}