{"id":111046,"date":"2026-05-05T06:11:59","date_gmt":"2026-05-05T09:11:59","guid":{"rendered":"https:\/\/www.hediyepazar.com\/?product=m15-retro-konsol-20-000-oyunlu-cift-gamepadli-4k-hdmi"},"modified":"2026-05-05T06:11:59","modified_gmt":"2026-05-05T09:11:59","slug":"m15-retro-konsol-20-000-oyunlu-cift-gamepadli-4k-hdmi","status":"publish","type":"product","link":"https:\/\/www.hediyepazar.com\/?product=m15-retro-konsol-20-000-oyunlu-cift-gamepadli-4k-hdmi","title":{"rendered":"M15 Retro Konsol \u2013 20.000 Oyunlu \u00c7ift Gamepadli 4K HDMI"},"content":{"rendered":"<p>M15; PS1, SFC, FC, GB, GBC, GBA, MD, Atari, MAME gibi bir\u00e7ok retro oyun konsolunu tek bir cihazda toplar. Her platform i\u00e7in optimize edilmi\u015f performans sunar ve oyunlar aras\u0131nda h\u0131zl\u0131 ge\u00e7i\u015f yapman\u0131za olanak tan\u0131r. Oyunlar cihaz\u0131n haf\u0131zas\u0131nda y\u00fckl\u00fc geldi\u011fi i\u00e7in internet ba\u011flant\u0131s\u0131na veya y\u00fckleme i\u015flemine gerek yoktur.<\/p>\n","protected":false},"excerpt":{"rendered":"<p>M15; PS1, SFC, FC, GB, GBC, GBA, MD, Atari, MAME gibi bir\u00e7ok retro oyun konsolunu tek bir cihazda toplar. Her platform i\u00e7in optimize edilmi\u015f performans sunar ve oyunlar aras\u0131nda h\u0131zl\u0131 ge\u00e7i\u015f yapman\u0131za olanak tan\u0131r. Oyunlar cihaz\u0131n haf\u0131zas\u0131nda y\u00fckl\u00fc geldi\u011fi i\u00e7in internet ba\u011flant\u0131s\u0131na veya y\u00fckleme i\u015flemine gerek yoktur.<\/p>\n","protected":false},"featured_media":111045,"comment_status":"open","ping_status":"closed","template":"","meta":{"_kad_post_transparent":"","_kad_post_title":"","_kad_post_layout":"","_kad_post_sidebar_id":"","_kad_post_content_style":"","_kad_post_vertical_padding":"","_kad_post_feature":"","_kad_post_feature_position":"","_kad_post_header":false,"_kad_post_footer":false,"_kad_post_classname":""},"product_brand":[],"product_cat":[14961],"product_tag":[],"class_list":{"0":"post-111046","1":"product","2":"type-product","3":"status-publish","4":"has-post-thumbnail","6":"product_cat-oyun-konsolu-oyun-konsolu","8":"first","9":"instock","10":"purchasable","11":"product-type-simple","12":"entry","13":"content-bg","14":"loop-entry"},"_links":{"self":[{"href":"https:\/\/www.hediyepazar.com\/index.php?rest_route=\/wp\/v2\/product\/111046","targetHints":{"allow":["GET"]}}],"collection":[{"href":"https:\/\/www.hediyepazar.com\/index.php?rest_route=\/wp\/v2\/product"}],"about":[{"href":"https:\/\/www.hediyepazar.com\/index.php?rest_route=\/wp\/v2\/types\/product"}],"replies":[{"embeddable":true,"href":"https:\/\/www.hediyepazar.com\/index.php?rest_route=%2Fwp%2Fv2%2Fcomments&post=111046"}],"wp:featuredmedia":[{"embeddable":true,"href":"https:\/\/www.hediyepazar.com\/index.php?rest_route=\/wp\/v2\/media\/111045"}],"wp:attachment":[{"href":"https:\/\/www.hediyepazar.com\/index.php?rest_route=%2Fwp%2Fv2%2Fmedia&parent=111046"}],"wp:term":[{"taxonomy":"product_brand","embeddable":true,"href":"https:\/\/www.hediyepazar.com\/index.php?rest_route=%2Fwp%2Fv2%2Fproduct_brand&post=111046"},{"taxonomy":"product_cat","embeddable":true,"href":"https:\/\/www.hediyepazar.com\/index.php?rest_route=%2Fwp%2Fv2%2Fproduct_cat&post=111046"},{"taxonomy":"product_tag","embeddable":true,"href":"https:\/\/www.hediyepazar.com\/index.php?rest_route=%2Fwp%2Fv2%2Fproduct_tag&post=111046"}],"curies":[{"name":"wp","href":"https:\/\/api.w.org\/{rel}","templated":true}]}}