{"id":111048,"date":"2026-05-05T06:12:06","date_gmt":"2026-05-05T09:12:06","guid":{"rendered":"https:\/\/www.hediyepazar.com\/?product=m15-game-stick-oyun-konsolu"},"modified":"2026-05-05T06:12:06","modified_gmt":"2026-05-05T09:12:06","slug":"m15-game-stick-oyun-konsolu","status":"publish","type":"product","link":"https:\/\/www.hediyepazar.com\/?product=m15-game-stick-oyun-konsolu","title":{"rendered":"M15 Game Stick Oyun Konsolu"},"content":{"rendered":"<p>Cihaz, Bluetooth ba\u011flant\u0131 deste\u011fiyle bir\u00e7ok cihaza kablosuz olarak ba\u011flanabilir. Ayn\u0131 zamanda PS, PC, projeksiyon cihazlar\u0131 ve HDMI destekli t\u00fcm TV&#8217;lerle uyumlu \u00e7al\u0131\u015f\u0131r. Bu da onu evde, ofiste veya e\u011flence alanlar\u0131nda \u00e7ok y\u00f6nl\u00fc bir \u00e7\u00f6z\u00fcm haline getirir. Her ortamda kolay kullan\u0131m i\u00e7in geli\u015ftirilmi\u015ftir.<\/p>\n","protected":false},"excerpt":{"rendered":"<p>Cihaz, Bluetooth ba\u011flant\u0131 deste\u011fiyle bir\u00e7ok cihaza kablosuz olarak ba\u011flanabilir. Ayn\u0131 zamanda PS, PC, projeksiyon cihazlar\u0131 ve HDMI destekli t\u00fcm TV&#8217;lerle uyumlu \u00e7al\u0131\u015f\u0131r. Bu da onu evde, ofiste veya e\u011flence alanlar\u0131nda \u00e7ok y\u00f6nl\u00fc bir \u00e7\u00f6z\u00fcm haline getirir. Her ortamda kolay kullan\u0131m i\u00e7in geli\u015ftirilmi\u015ftir.<\/p>\n","protected":false},"featured_media":111047,"comment_status":"open","ping_status":"closed","template":"","meta":{"_kad_post_transparent":"","_kad_post_title":"","_kad_post_layout":"","_kad_post_sidebar_id":"","_kad_post_content_style":"","_kad_post_vertical_padding":"","_kad_post_feature":"","_kad_post_feature_position":"","_kad_post_header":false,"_kad_post_footer":false,"_kad_post_classname":""},"product_brand":[],"product_cat":[14961],"product_tag":[],"class_list":{"0":"post-111048","1":"product","2":"type-product","3":"status-publish","4":"has-post-thumbnail","6":"product_cat-oyun-konsolu-oyun-konsolu","8":"first","9":"instock","10":"purchasable","11":"product-type-simple","12":"entry","13":"content-bg","14":"loop-entry"},"_links":{"self":[{"href":"https:\/\/www.hediyepazar.com\/index.php?rest_route=\/wp\/v2\/product\/111048","targetHints":{"allow":["GET"]}}],"collection":[{"href":"https:\/\/www.hediyepazar.com\/index.php?rest_route=\/wp\/v2\/product"}],"about":[{"href":"https:\/\/www.hediyepazar.com\/index.php?rest_route=\/wp\/v2\/types\/product"}],"replies":[{"embeddable":true,"href":"https:\/\/www.hediyepazar.com\/index.php?rest_route=%2Fwp%2Fv2%2Fcomments&post=111048"}],"wp:featuredmedia":[{"embeddable":true,"href":"https:\/\/www.hediyepazar.com\/index.php?rest_route=\/wp\/v2\/media\/111047"}],"wp:attachment":[{"href":"https:\/\/www.hediyepazar.com\/index.php?rest_route=%2Fwp%2Fv2%2Fmedia&parent=111048"}],"wp:term":[{"taxonomy":"product_brand","embeddable":true,"href":"https:\/\/www.hediyepazar.com\/index.php?rest_route=%2Fwp%2Fv2%2Fproduct_brand&post=111048"},{"taxonomy":"product_cat","embeddable":true,"href":"https:\/\/www.hediyepazar.com\/index.php?rest_route=%2Fwp%2Fv2%2Fproduct_cat&post=111048"},{"taxonomy":"product_tag","embeddable":true,"href":"https:\/\/www.hediyepazar.com\/index.php?rest_route=%2Fwp%2Fv2%2Fproduct_tag&post=111048"}],"curies":[{"name":"wp","href":"https:\/\/api.w.org\/{rel}","templated":true}]}}