{"id":111050,"date":"2026-05-05T06:12:14","date_gmt":"2026-05-05T09:12:14","guid":{"rendered":"https:\/\/www.hediyepazar.com\/?product=4k-destekli-bluetooth-retro-oyun-konsolu-m15-modeli"},"modified":"2026-05-05T06:12:14","modified_gmt":"2026-05-05T09:12:14","slug":"4k-destekli-bluetooth-retro-oyun-konsolu-m15-modeli","status":"publish","type":"product","link":"https:\/\/www.hediyepazar.com\/?product=4k-destekli-bluetooth-retro-oyun-konsolu-m15-modeli","title":{"rendered":"4K Destekli Bluetooth Retro Oyun Konsolu \u2013 M15 Modeli"},"content":{"rendered":"<p>M15 oyun konsolu, 4K 60FPS HDMI \u00e7\u0131k\u0131\u015f\u0131 sayesinde oyunlar\u0131 y\u00fcksek \u00e7\u00f6z\u00fcn\u00fcrl\u00fckte oynama imkan\u0131 sunar. G\u00f6r\u00fcnt\u00fcler daha net, daha canl\u0131 ve daha ak\u0131c\u0131d\u0131r. Hem modern televizyonlara hem de HDMI giri\u015fli monit\u00f6rlere kolayca ba\u011flanabilir. 1080p ve 720p destekleri sayesinde farkl\u0131 ekran tiplerinde uyumlu performans g\u00f6sterir.<\/p>\n","protected":false},"excerpt":{"rendered":"<p>M15 oyun konsolu, 4K 60FPS HDMI \u00e7\u0131k\u0131\u015f\u0131 sayesinde oyunlar\u0131 y\u00fcksek \u00e7\u00f6z\u00fcn\u00fcrl\u00fckte oynama imkan\u0131 sunar. G\u00f6r\u00fcnt\u00fcler daha net, daha canl\u0131 ve daha ak\u0131c\u0131d\u0131r. Hem modern televizyonlara hem de HDMI giri\u015fli monit\u00f6rlere kolayca ba\u011flanabilir. 1080p ve 720p destekleri sayesinde farkl\u0131 ekran tiplerinde uyumlu performans g\u00f6sterir.<\/p>\n","protected":false},"featured_media":111049,"comment_status":"open","ping_status":"closed","template":"","meta":{"_kad_post_transparent":"","_kad_post_title":"","_kad_post_layout":"","_kad_post_sidebar_id":"","_kad_post_content_style":"","_kad_post_vertical_padding":"","_kad_post_feature":"","_kad_post_feature_position":"","_kad_post_header":false,"_kad_post_footer":false,"_kad_post_classname":""},"product_brand":[],"product_cat":[14961],"product_tag":[],"class_list":{"0":"post-111050","1":"product","2":"type-product","3":"status-publish","4":"has-post-thumbnail","6":"product_cat-oyun-konsolu-oyun-konsolu","8":"first","9":"instock","10":"purchasable","11":"product-type-simple","12":"entry","13":"content-bg","14":"loop-entry"},"_links":{"self":[{"href":"https:\/\/www.hediyepazar.com\/index.php?rest_route=\/wp\/v2\/product\/111050","targetHints":{"allow":["GET"]}}],"collection":[{"href":"https:\/\/www.hediyepazar.com\/index.php?rest_route=\/wp\/v2\/product"}],"about":[{"href":"https:\/\/www.hediyepazar.com\/index.php?rest_route=\/wp\/v2\/types\/product"}],"replies":[{"embeddable":true,"href":"https:\/\/www.hediyepazar.com\/index.php?rest_route=%2Fwp%2Fv2%2Fcomments&post=111050"}],"wp:featuredmedia":[{"embeddable":true,"href":"https:\/\/www.hediyepazar.com\/index.php?rest_route=\/wp\/v2\/media\/111049"}],"wp:attachment":[{"href":"https:\/\/www.hediyepazar.com\/index.php?rest_route=%2Fwp%2Fv2%2Fmedia&parent=111050"}],"wp:term":[{"taxonomy":"product_brand","embeddable":true,"href":"https:\/\/www.hediyepazar.com\/index.php?rest_route=%2Fwp%2Fv2%2Fproduct_brand&post=111050"},{"taxonomy":"product_cat","embeddable":true,"href":"https:\/\/www.hediyepazar.com\/index.php?rest_route=%2Fwp%2Fv2%2Fproduct_cat&post=111050"},{"taxonomy":"product_tag","embeddable":true,"href":"https:\/\/www.hediyepazar.com\/index.php?rest_route=%2Fwp%2Fv2%2Fproduct_tag&post=111050"}],"curies":[{"name":"wp","href":"https:\/\/api.w.org\/{rel}","templated":true}]}}