{"id":111052,"date":"2026-05-05T06:12:20","date_gmt":"2026-05-05T09:12:20","guid":{"rendered":"https:\/\/www.hediyepazar.com\/?product=hdmi-cikisli-cift-kablosuz-kollu-retro-game-stick-m15"},"modified":"2026-05-05T06:12:20","modified_gmt":"2026-05-05T09:12:20","slug":"hdmi-cikisli-cift-kablosuz-kollu-retro-game-stick-m15","status":"publish","type":"product","link":"https:\/\/www.hediyepazar.com\/?product=hdmi-cikisli-cift-kablosuz-kollu-retro-game-stick-m15","title":{"rendered":"HDMI \u00c7\u0131k\u0131\u015fl\u0131 \u00c7ift Kablosuz Kollu Retro Game Stick \u2013 M15"},"content":{"rendered":"<p>Cihazla birlikte gelen \u00e7ift kablosuz gamepad, modern PS5 tasar\u0131m\u0131n\u0131 and\u0131ran estetik g\u00f6r\u00fcn\u00fcm\u00fcyle dikkat \u00e7eker. Kablosuz olmas\u0131 sayesinde oyun oynarken kablo karma\u015fas\u0131na son verir, koltukta, yerde ya da yatakta \u00f6zg\u00fcrce oyun oynayabilirsiniz. Ergonomik yap\u0131s\u0131 sayesinde uzun s\u00fcreli kullan\u0131mlarda dahi konforlu bir tutu\u015f sa\u011flar. \u0130ki ki\u015fiyle keyifli rekabetli oyunlar da m\u00fcmk\u00fcn.<\/p>\n","protected":false},"excerpt":{"rendered":"<p>Cihazla birlikte gelen \u00e7ift kablosuz gamepad, modern PS5 tasar\u0131m\u0131n\u0131 and\u0131ran estetik g\u00f6r\u00fcn\u00fcm\u00fcyle dikkat \u00e7eker. Kablosuz olmas\u0131 sayesinde oyun oynarken kablo karma\u015fas\u0131na son verir, koltukta, yerde ya da yatakta \u00f6zg\u00fcrce oyun oynayabilirsiniz. Ergonomik yap\u0131s\u0131 sayesinde uzun s\u00fcreli kullan\u0131mlarda dahi konforlu bir tutu\u015f sa\u011flar. \u0130ki ki\u015fiyle keyifli rekabetli oyunlar da m\u00fcmk\u00fcn.<\/p>\n","protected":false},"featured_media":111051,"comment_status":"open","ping_status":"closed","template":"","meta":{"_kad_post_transparent":"","_kad_post_title":"","_kad_post_layout":"","_kad_post_sidebar_id":"","_kad_post_content_style":"","_kad_post_vertical_padding":"","_kad_post_feature":"","_kad_post_feature_position":"","_kad_post_header":false,"_kad_post_footer":false,"_kad_post_classname":""},"product_brand":[],"product_cat":[14961],"product_tag":[],"class_list":{"0":"post-111052","1":"product","2":"type-product","3":"status-publish","4":"has-post-thumbnail","6":"product_cat-oyun-konsolu-oyun-konsolu","8":"first","9":"instock","10":"purchasable","11":"product-type-simple","12":"entry","13":"content-bg","14":"loop-entry"},"_links":{"self":[{"href":"https:\/\/www.hediyepazar.com\/index.php?rest_route=\/wp\/v2\/product\/111052","targetHints":{"allow":["GET"]}}],"collection":[{"href":"https:\/\/www.hediyepazar.com\/index.php?rest_route=\/wp\/v2\/product"}],"about":[{"href":"https:\/\/www.hediyepazar.com\/index.php?rest_route=\/wp\/v2\/types\/product"}],"replies":[{"embeddable":true,"href":"https:\/\/www.hediyepazar.com\/index.php?rest_route=%2Fwp%2Fv2%2Fcomments&post=111052"}],"wp:featuredmedia":[{"embeddable":true,"href":"https:\/\/www.hediyepazar.com\/index.php?rest_route=\/wp\/v2\/media\/111051"}],"wp:attachment":[{"href":"https:\/\/www.hediyepazar.com\/index.php?rest_route=%2Fwp%2Fv2%2Fmedia&parent=111052"}],"wp:term":[{"taxonomy":"product_brand","embeddable":true,"href":"https:\/\/www.hediyepazar.com\/index.php?rest_route=%2Fwp%2Fv2%2Fproduct_brand&post=111052"},{"taxonomy":"product_cat","embeddable":true,"href":"https:\/\/www.hediyepazar.com\/index.php?rest_route=%2Fwp%2Fv2%2Fproduct_cat&post=111052"},{"taxonomy":"product_tag","embeddable":true,"href":"https:\/\/www.hediyepazar.com\/index.php?rest_route=%2Fwp%2Fv2%2Fproduct_tag&post=111052"}],"curies":[{"name":"wp","href":"https:\/\/api.w.org\/{rel}","templated":true}]}}