{"id":111056,"date":"2026-05-05T06:14:08","date_gmt":"2026-05-05T09:14:08","guid":{"rendered":"https:\/\/www.hediyepazar.com\/?product=500-oyun-hafizali-g5-game-box-renkli-lcd-ekranli"},"modified":"2026-05-05T06:14:08","modified_gmt":"2026-05-05T09:14:08","slug":"500-oyun-hafizali-g5-game-box-renkli-lcd-ekranli","status":"publish","type":"product","link":"https:\/\/www.hediyepazar.com\/?product=500-oyun-hafizali-g5-game-box-renkli-lcd-ekranli","title":{"rendered":"500 Oyun Haf\u0131zal\u0131 G5 Game Box \u2013 Renkli LCD Ekranl\u0131"},"content":{"rendered":"<p>G5 Game Box Mini, klasik video oyunlar\u0131n\u0131n e\u015fsiz d\u00fcnyas\u0131n\u0131 cebinize ta\u015f\u0131yor. Haf\u0131zas\u0131nda y\u00fckl\u00fc 500 farkl\u0131 retro oyunla her ya\u015fa hitap eden bu mini konsol, nostalji tutkunlar\u0131n\u0131 ve oyunla yeni tan\u0131\u015fan \u00e7ocuklar\u0131 ortak bir e\u011flencede bulu\u015fturuyor. K\u00fc\u00e7\u00fck ve hafif tasar\u0131m\u0131 sayesinde her yere kolayca ta\u015f\u0131nabilir; okul aralar\u0131nda, seyahatlerde, pikniklerde ya da evde keyifli zaman ge\u00e7irmek i\u00e7in m\u00fckemmeldir.<\/p>\n","protected":false},"excerpt":{"rendered":"<p>G5 Game Box Mini, klasik video oyunlar\u0131n\u0131n e\u015fsiz d\u00fcnyas\u0131n\u0131 cebinize ta\u015f\u0131yor. Haf\u0131zas\u0131nda y\u00fckl\u00fc 500 farkl\u0131 retro oyunla her ya\u015fa hitap eden bu mini konsol, nostalji tutkunlar\u0131n\u0131 ve oyunla yeni tan\u0131\u015fan \u00e7ocuklar\u0131 ortak bir e\u011flencede bulu\u015fturuyor. K\u00fc\u00e7\u00fck ve hafif tasar\u0131m\u0131 sayesinde her yere kolayca ta\u015f\u0131nabilir; okul aralar\u0131nda, seyahatlerde, pikniklerde ya da evde keyifli zaman ge\u00e7irmek i\u00e7in&#8230;<\/p>\n","protected":false},"featured_media":111055,"comment_status":"open","ping_status":"closed","template":"","meta":{"_kad_post_transparent":"","_kad_post_title":"","_kad_post_layout":"","_kad_post_sidebar_id":"","_kad_post_content_style":"","_kad_post_vertical_padding":"","_kad_post_feature":"","_kad_post_feature_position":"","_kad_post_header":false,"_kad_post_footer":false,"_kad_post_classname":""},"product_brand":[],"product_cat":[14961],"product_tag":[],"class_list":{"0":"post-111056","1":"product","2":"type-product","3":"status-publish","4":"has-post-thumbnail","6":"product_cat-oyun-konsolu-oyun-konsolu","8":"first","9":"instock","10":"purchasable","11":"product-type-simple","12":"entry","13":"content-bg","14":"loop-entry"},"_links":{"self":[{"href":"https:\/\/www.hediyepazar.com\/index.php?rest_route=\/wp\/v2\/product\/111056","targetHints":{"allow":["GET"]}}],"collection":[{"href":"https:\/\/www.hediyepazar.com\/index.php?rest_route=\/wp\/v2\/product"}],"about":[{"href":"https:\/\/www.hediyepazar.com\/index.php?rest_route=\/wp\/v2\/types\/product"}],"replies":[{"embeddable":true,"href":"https:\/\/www.hediyepazar.com\/index.php?rest_route=%2Fwp%2Fv2%2Fcomments&post=111056"}],"wp:featuredmedia":[{"embeddable":true,"href":"https:\/\/www.hediyepazar.com\/index.php?rest_route=\/wp\/v2\/media\/111055"}],"wp:attachment":[{"href":"https:\/\/www.hediyepazar.com\/index.php?rest_route=%2Fwp%2Fv2%2Fmedia&parent=111056"}],"wp:term":[{"taxonomy":"product_brand","embeddable":true,"href":"https:\/\/www.hediyepazar.com\/index.php?rest_route=%2Fwp%2Fv2%2Fproduct_brand&post=111056"},{"taxonomy":"product_cat","embeddable":true,"href":"https:\/\/www.hediyepazar.com\/index.php?rest_route=%2Fwp%2Fv2%2Fproduct_cat&post=111056"},{"taxonomy":"product_tag","embeddable":true,"href":"https:\/\/www.hediyepazar.com\/index.php?rest_route=%2Fwp%2Fv2%2Fproduct_tag&post=111056"}],"curies":[{"name":"wp","href":"https:\/\/api.w.org\/{rel}","templated":true}]}}