{"id":111058,"date":"2026-05-05T06:14:14","date_gmt":"2026-05-05T09:14:14","guid":{"rendered":"https:\/\/www.hediyepazar.com\/?product=g5-tasinabilir-retro-oyun-konsolu-cocuk-ve-yetiskinler-icin"},"modified":"2026-05-05T06:14:14","modified_gmt":"2026-05-05T09:14:14","slug":"g5-tasinabilir-retro-oyun-konsolu-cocuk-ve-yetiskinler-icin","status":"publish","type":"product","link":"https:\/\/www.hediyepazar.com\/?product=g5-tasinabilir-retro-oyun-konsolu-cocuk-ve-yetiskinler-icin","title":{"rendered":"G5 Ta\u015f\u0131nabilir Retro Oyun Konsolu \u2013 \u00c7ocuk ve Yeti\u015fkinler \u0130\u00e7in"},"content":{"rendered":"<p>Cihaz dahili \u015farjl\u0131 bataryaya sahiptir ve USB kablosu ile kolayca \u015farj edilebilir. Tam \u015farjla uzun saatler boyunca oyun oynaman\u0131za olanak tan\u0131r. Elektrik ba\u011flant\u0131s\u0131 olmadan diledi\u011finiz yerde kesintisiz e\u011flence sunar.&nbsp;<\/p>\n","protected":false},"excerpt":{"rendered":"<p>Cihaz dahili \u015farjl\u0131 bataryaya sahiptir ve USB kablosu ile kolayca \u015farj edilebilir. Tam \u015farjla uzun saatler boyunca oyun oynaman\u0131za olanak tan\u0131r. Elektrik ba\u011flant\u0131s\u0131 olmadan diledi\u011finiz yerde kesintisiz e\u011flence sunar.&nbsp;<\/p>\n","protected":false},"featured_media":111057,"comment_status":"open","ping_status":"closed","template":"","meta":{"_kad_post_transparent":"","_kad_post_title":"","_kad_post_layout":"","_kad_post_sidebar_id":"","_kad_post_content_style":"","_kad_post_vertical_padding":"","_kad_post_feature":"","_kad_post_feature_position":"","_kad_post_header":false,"_kad_post_footer":false,"_kad_post_classname":""},"product_brand":[],"product_cat":[14961],"product_tag":[],"class_list":{"0":"post-111058","1":"product","2":"type-product","3":"status-publish","4":"has-post-thumbnail","6":"product_cat-oyun-konsolu-oyun-konsolu","8":"first","9":"instock","10":"purchasable","11":"product-type-simple","12":"entry","13":"content-bg","14":"loop-entry"},"_links":{"self":[{"href":"https:\/\/www.hediyepazar.com\/index.php?rest_route=\/wp\/v2\/product\/111058","targetHints":{"allow":["GET"]}}],"collection":[{"href":"https:\/\/www.hediyepazar.com\/index.php?rest_route=\/wp\/v2\/product"}],"about":[{"href":"https:\/\/www.hediyepazar.com\/index.php?rest_route=\/wp\/v2\/types\/product"}],"replies":[{"embeddable":true,"href":"https:\/\/www.hediyepazar.com\/index.php?rest_route=%2Fwp%2Fv2%2Fcomments&post=111058"}],"wp:featuredmedia":[{"embeddable":true,"href":"https:\/\/www.hediyepazar.com\/index.php?rest_route=\/wp\/v2\/media\/111057"}],"wp:attachment":[{"href":"https:\/\/www.hediyepazar.com\/index.php?rest_route=%2Fwp%2Fv2%2Fmedia&parent=111058"}],"wp:term":[{"taxonomy":"product_brand","embeddable":true,"href":"https:\/\/www.hediyepazar.com\/index.php?rest_route=%2Fwp%2Fv2%2Fproduct_brand&post=111058"},{"taxonomy":"product_cat","embeddable":true,"href":"https:\/\/www.hediyepazar.com\/index.php?rest_route=%2Fwp%2Fv2%2Fproduct_cat&post=111058"},{"taxonomy":"product_tag","embeddable":true,"href":"https:\/\/www.hediyepazar.com\/index.php?rest_route=%2Fwp%2Fv2%2Fproduct_tag&post=111058"}],"curies":[{"name":"wp","href":"https:\/\/api.w.org\/{rel}","templated":true}]}}