{"id":111062,"date":"2026-05-05T06:15:06","date_gmt":"2026-05-05T09:15:06","guid":{"rendered":"https:\/\/www.hediyepazar.com\/?product=g5-game-box-retro-mini-oyun-konsolu-500-dahili-oyun"},"modified":"2026-05-05T06:15:06","modified_gmt":"2026-05-05T09:15:06","slug":"g5-game-box-retro-mini-oyun-konsolu-500-dahili-oyun","status":"publish","type":"product","link":"https:\/\/www.hediyepazar.com\/?product=g5-game-box-retro-mini-oyun-konsolu-500-dahili-oyun","title":{"rendered":"G5 Game Box Retro Mini Oyun Konsolu \u2013 500 Dahili Oyun"},"content":{"rendered":"<p>G5 Game Box, i\u00e7erisinde y\u00fckl\u00fc gelen 500 klasik oyunla birlikte gelir. Kurulum veya internet ba\u011flant\u0131s\u0131na ihtiya\u00e7 duymadan kutusundan \u00e7\u0131kar \u00e7\u0131kmaz oynanmaya haz\u0131rd\u0131r. Super Mario, Bomberman, Contra, Tetris ve daha bir\u00e7ok nostaljik oyun bu cihazda yer al\u0131r. \u00c7ocuklu\u011funuzun oyunlar\u0131n\u0131 yeniden ya\u015famak ya da yeni nesille payla\u015fmak i\u00e7in birebirdir.<\/p>\n","protected":false},"excerpt":{"rendered":"<p>G5 Game Box, i\u00e7erisinde y\u00fckl\u00fc gelen 500 klasik oyunla birlikte gelir. Kurulum veya internet ba\u011flant\u0131s\u0131na ihtiya\u00e7 duymadan kutusundan \u00e7\u0131kar \u00e7\u0131kmaz oynanmaya haz\u0131rd\u0131r. Super Mario, Bomberman, Contra, Tetris ve daha bir\u00e7ok nostaljik oyun bu cihazda yer al\u0131r. \u00c7ocuklu\u011funuzun oyunlar\u0131n\u0131 yeniden ya\u015famak ya da yeni nesille payla\u015fmak i\u00e7in birebirdir.<\/p>\n","protected":false},"featured_media":111061,"comment_status":"open","ping_status":"closed","template":"","meta":{"_kad_post_transparent":"","_kad_post_title":"","_kad_post_layout":"","_kad_post_sidebar_id":"","_kad_post_content_style":"","_kad_post_vertical_padding":"","_kad_post_feature":"","_kad_post_feature_position":"","_kad_post_header":false,"_kad_post_footer":false,"_kad_post_classname":""},"product_brand":[],"product_cat":[14961],"product_tag":[],"class_list":{"0":"post-111062","1":"product","2":"type-product","3":"status-publish","4":"has-post-thumbnail","6":"product_cat-oyun-konsolu-oyun-konsolu","8":"first","9":"instock","10":"purchasable","11":"product-type-simple","12":"entry","13":"content-bg","14":"loop-entry"},"_links":{"self":[{"href":"https:\/\/www.hediyepazar.com\/index.php?rest_route=\/wp\/v2\/product\/111062","targetHints":{"allow":["GET"]}}],"collection":[{"href":"https:\/\/www.hediyepazar.com\/index.php?rest_route=\/wp\/v2\/product"}],"about":[{"href":"https:\/\/www.hediyepazar.com\/index.php?rest_route=\/wp\/v2\/types\/product"}],"replies":[{"embeddable":true,"href":"https:\/\/www.hediyepazar.com\/index.php?rest_route=%2Fwp%2Fv2%2Fcomments&post=111062"}],"wp:featuredmedia":[{"embeddable":true,"href":"https:\/\/www.hediyepazar.com\/index.php?rest_route=\/wp\/v2\/media\/111061"}],"wp:attachment":[{"href":"https:\/\/www.hediyepazar.com\/index.php?rest_route=%2Fwp%2Fv2%2Fmedia&parent=111062"}],"wp:term":[{"taxonomy":"product_brand","embeddable":true,"href":"https:\/\/www.hediyepazar.com\/index.php?rest_route=%2Fwp%2Fv2%2Fproduct_brand&post=111062"},{"taxonomy":"product_cat","embeddable":true,"href":"https:\/\/www.hediyepazar.com\/index.php?rest_route=%2Fwp%2Fv2%2Fproduct_cat&post=111062"},{"taxonomy":"product_tag","embeddable":true,"href":"https:\/\/www.hediyepazar.com\/index.php?rest_route=%2Fwp%2Fv2%2Fproduct_tag&post=111062"}],"curies":[{"name":"wp","href":"https:\/\/api.w.org\/{rel}","templated":true}]}}