{"id":111068,"date":"2026-05-05T06:17:00","date_gmt":"2026-05-05T09:17:00","guid":{"rendered":"https:\/\/www.hediyepazar.com\/?product=pratik-ve-sik-tasarimiyla-dijital-mutfak-tartisi"},"modified":"2026-05-05T06:17:00","modified_gmt":"2026-05-05T09:17:00","slug":"pratik-ve-sik-tasarimiyla-dijital-mutfak-tartisi","status":"publish","type":"product","link":"https:\/\/www.hediyepazar.com\/?product=pratik-ve-sik-tasarimiyla-dijital-mutfak-tartisi","title":{"rendered":"Pratik ve \u015e\u0131k Tasar\u0131m\u0131yla Dijital Mutfak Tart\u0131s\u0131"},"content":{"rendered":"<p>Cihaz yaln\u0131zca gram (gr) de\u011fil, ayn\u0131 zamanda ons (oz) biriminde de \u00f6l\u00e7\u00fcm yapabilir. Bu \u00f6zellik sayesinde farkl\u0131 tariflerdeki \u00f6l\u00e7\u00fc birimlerine kolayl\u0131kla uyum sa\u011flar. Tart\u0131m i\u015flemi son derece h\u0131zl\u0131d\u0131r; cihaz saniyeler i\u00e7inde tepki verir ve do\u011fru sonucu verir. Her kullan\u0131c\u0131ya hitap eden basit aray\u00fcz\u00fcyle kullan\u0131m kolayl\u0131\u011f\u0131 sa\u011flar.<\/p>\n","protected":false},"excerpt":{"rendered":"<p>Cihaz yaln\u0131zca gram (gr) de\u011fil, ayn\u0131 zamanda ons (oz) biriminde de \u00f6l\u00e7\u00fcm yapabilir. Bu \u00f6zellik sayesinde farkl\u0131 tariflerdeki \u00f6l\u00e7\u00fc birimlerine kolayl\u0131kla uyum sa\u011flar. Tart\u0131m i\u015flemi son derece h\u0131zl\u0131d\u0131r; cihaz saniyeler i\u00e7inde tepki verir ve do\u011fru sonucu verir. Her kullan\u0131c\u0131ya hitap eden basit aray\u00fcz\u00fcyle kullan\u0131m kolayl\u0131\u011f\u0131 sa\u011flar.<\/p>\n","protected":false},"featured_media":111067,"comment_status":"open","ping_status":"closed","template":"","meta":{"_kad_post_transparent":"","_kad_post_title":"","_kad_post_layout":"","_kad_post_sidebar_id":"","_kad_post_content_style":"","_kad_post_vertical_padding":"","_kad_post_feature":"","_kad_post_feature_position":"","_kad_post_header":false,"_kad_post_footer":false,"_kad_post_classname":""},"product_brand":[],"product_cat":[15031],"product_tag":[],"class_list":{"0":"post-111068","1":"product","2":"type-product","3":"status-publish","4":"has-post-thumbnail","6":"product_cat-mutfak-tartisi-mutfak-tartisi","8":"first","9":"instock","10":"purchasable","11":"product-type-simple","12":"entry","13":"content-bg","14":"loop-entry"},"_links":{"self":[{"href":"https:\/\/www.hediyepazar.com\/index.php?rest_route=\/wp\/v2\/product\/111068","targetHints":{"allow":["GET"]}}],"collection":[{"href":"https:\/\/www.hediyepazar.com\/index.php?rest_route=\/wp\/v2\/product"}],"about":[{"href":"https:\/\/www.hediyepazar.com\/index.php?rest_route=\/wp\/v2\/types\/product"}],"replies":[{"embeddable":true,"href":"https:\/\/www.hediyepazar.com\/index.php?rest_route=%2Fwp%2Fv2%2Fcomments&post=111068"}],"wp:featuredmedia":[{"embeddable":true,"href":"https:\/\/www.hediyepazar.com\/index.php?rest_route=\/wp\/v2\/media\/111067"}],"wp:attachment":[{"href":"https:\/\/www.hediyepazar.com\/index.php?rest_route=%2Fwp%2Fv2%2Fmedia&parent=111068"}],"wp:term":[{"taxonomy":"product_brand","embeddable":true,"href":"https:\/\/www.hediyepazar.com\/index.php?rest_route=%2Fwp%2Fv2%2Fproduct_brand&post=111068"},{"taxonomy":"product_cat","embeddable":true,"href":"https:\/\/www.hediyepazar.com\/index.php?rest_route=%2Fwp%2Fv2%2Fproduct_cat&post=111068"},{"taxonomy":"product_tag","embeddable":true,"href":"https:\/\/www.hediyepazar.com\/index.php?rest_route=%2Fwp%2Fv2%2Fproduct_tag&post=111068"}],"curies":[{"name":"wp","href":"https:\/\/api.w.org\/{rel}","templated":true}]}}