{"id":111086,"date":"2026-05-05T06:22:08","date_gmt":"2026-05-05T09:22:08","guid":{"rendered":"https:\/\/www.hediyepazar.com\/?product=kablosuz-mobil-oyun-kiti-5-parca-tam-set"},"modified":"2026-05-05T06:22:08","modified_gmt":"2026-05-05T09:22:08","slug":"kablosuz-mobil-oyun-kiti-5-parca-tam-set","status":"publish","type":"product","link":"https:\/\/www.hediyepazar.com\/?product=kablosuz-mobil-oyun-kiti-5-parca-tam-set","title":{"rendered":"Kablosuz Mobil Oyun Kiti \u2013 5 Par\u00e7a Tam Set"},"content":{"rendered":"<p>Mobil oyunlar\u0131 ciddiye alanlar i\u00e7in tasarland\u0131. E\u011fer sen de PUBG Mobile gibi oyunlarda daha kontroll\u00fc, daha isabetli ve daha h\u0131zl\u0131 olmak istiyorsan bu set tam sana g\u00f6re. Gamer ruhuna uygun tasar\u0131m\u0131, y\u00fcksek tepkime h\u0131z\u0131 ve konforlu kullan\u0131m \u00f6zellikleriyle fark\u0131n\u0131 ortaya koy!<\/p>\n","protected":false},"excerpt":{"rendered":"<p>Mobil oyunlar\u0131 ciddiye alanlar i\u00e7in tasarland\u0131. E\u011fer sen de PUBG Mobile gibi oyunlarda daha kontroll\u00fc, daha isabetli ve daha h\u0131zl\u0131 olmak istiyorsan bu set tam sana g\u00f6re. Gamer ruhuna uygun tasar\u0131m\u0131, y\u00fcksek tepkime h\u0131z\u0131 ve konforlu kullan\u0131m \u00f6zellikleriyle fark\u0131n\u0131 ortaya koy!<\/p>\n","protected":false},"featured_media":111085,"comment_status":"open","ping_status":"closed","template":"","meta":{"_kad_post_transparent":"","_kad_post_title":"","_kad_post_layout":"","_kad_post_sidebar_id":"","_kad_post_content_style":"","_kad_post_vertical_padding":"","_kad_post_feature":"","_kad_post_feature_position":"","_kad_post_header":false,"_kad_post_footer":false,"_kad_post_classname":""},"product_brand":[],"product_cat":[15033],"product_tag":[],"class_list":{"0":"post-111086","1":"product","2":"type-product","3":"status-publish","4":"has-post-thumbnail","6":"product_cat-oyuncu-klavye-mouse-seti-oyuncu-klavye-mouse-seti","8":"first","9":"instock","10":"purchasable","11":"product-type-simple","12":"entry","13":"content-bg","14":"loop-entry"},"_links":{"self":[{"href":"https:\/\/www.hediyepazar.com\/index.php?rest_route=\/wp\/v2\/product\/111086","targetHints":{"allow":["GET"]}}],"collection":[{"href":"https:\/\/www.hediyepazar.com\/index.php?rest_route=\/wp\/v2\/product"}],"about":[{"href":"https:\/\/www.hediyepazar.com\/index.php?rest_route=\/wp\/v2\/types\/product"}],"replies":[{"embeddable":true,"href":"https:\/\/www.hediyepazar.com\/index.php?rest_route=%2Fwp%2Fv2%2Fcomments&post=111086"}],"wp:featuredmedia":[{"embeddable":true,"href":"https:\/\/www.hediyepazar.com\/index.php?rest_route=\/wp\/v2\/media\/111085"}],"wp:attachment":[{"href":"https:\/\/www.hediyepazar.com\/index.php?rest_route=%2Fwp%2Fv2%2Fmedia&parent=111086"}],"wp:term":[{"taxonomy":"product_brand","embeddable":true,"href":"https:\/\/www.hediyepazar.com\/index.php?rest_route=%2Fwp%2Fv2%2Fproduct_brand&post=111086"},{"taxonomy":"product_cat","embeddable":true,"href":"https:\/\/www.hediyepazar.com\/index.php?rest_route=%2Fwp%2Fv2%2Fproduct_cat&post=111086"},{"taxonomy":"product_tag","embeddable":true,"href":"https:\/\/www.hediyepazar.com\/index.php?rest_route=%2Fwp%2Fv2%2Fproduct_tag&post=111086"}],"curies":[{"name":"wp","href":"https:\/\/api.w.org\/{rel}","templated":true}]}}