{"id":111088,"date":"2026-05-05T06:22:12","date_gmt":"2026-05-05T09:22:12","guid":{"rendered":"https:\/\/www.hediyepazar.com\/?product=kablosuz-mobil-oyun-kiti-5-parca-tam-set-2"},"modified":"2026-05-05T06:22:12","modified_gmt":"2026-05-05T09:22:12","slug":"kablosuz-mobil-oyun-kiti-5-parca-tam-set-2","status":"publish","type":"product","link":"https:\/\/www.hediyepazar.com\/?product=kablosuz-mobil-oyun-kiti-5-parca-tam-set-2","title":{"rendered":"Kablosuz Mobil Oyun Kiti \u2013 5 Par\u00e7a Tam Set"},"content":{"rendered":"<p>Mobilde parmaklarla s\u0131n\u0131rl\u0131 kalma! Bu 5in1 PUBG oyun setiyle kontroller art\u0131k sende. Klavye ve mouse ile h\u0131zl\u0131 tepki ver, hedefi \u015fa\u015f\u0131rma. Bluetooth 5.3 teknolojisi sayesinde gecikme ya\u015famadan oynayabilir, rakiplerine fark atabilirsin. \u00d6zellikle battle royale ve FPS oyunlar\u0131nda ger\u00e7ek bir avantaj sa\u011flar.<\/p>\n","protected":false},"excerpt":{"rendered":"<p>Mobilde parmaklarla s\u0131n\u0131rl\u0131 kalma! Bu 5in1 PUBG oyun setiyle kontroller art\u0131k sende. Klavye ve mouse ile h\u0131zl\u0131 tepki ver, hedefi \u015fa\u015f\u0131rma. Bluetooth 5.3 teknolojisi sayesinde gecikme ya\u015famadan oynayabilir, rakiplerine fark atabilirsin. \u00d6zellikle battle royale ve FPS oyunlar\u0131nda ger\u00e7ek bir avantaj sa\u011flar.<\/p>\n","protected":false},"featured_media":111087,"comment_status":"open","ping_status":"closed","template":"","meta":{"_kad_post_transparent":"","_kad_post_title":"","_kad_post_layout":"","_kad_post_sidebar_id":"","_kad_post_content_style":"","_kad_post_vertical_padding":"","_kad_post_feature":"","_kad_post_feature_position":"","_kad_post_header":false,"_kad_post_footer":false,"_kad_post_classname":""},"product_brand":[],"product_cat":[15033],"product_tag":[],"class_list":{"0":"post-111088","1":"product","2":"type-product","3":"status-publish","4":"has-post-thumbnail","6":"product_cat-oyuncu-klavye-mouse-seti-oyuncu-klavye-mouse-seti","8":"first","9":"instock","10":"purchasable","11":"product-type-simple","12":"entry","13":"content-bg","14":"loop-entry"},"_links":{"self":[{"href":"https:\/\/www.hediyepazar.com\/index.php?rest_route=\/wp\/v2\/product\/111088","targetHints":{"allow":["GET"]}}],"collection":[{"href":"https:\/\/www.hediyepazar.com\/index.php?rest_route=\/wp\/v2\/product"}],"about":[{"href":"https:\/\/www.hediyepazar.com\/index.php?rest_route=\/wp\/v2\/types\/product"}],"replies":[{"embeddable":true,"href":"https:\/\/www.hediyepazar.com\/index.php?rest_route=%2Fwp%2Fv2%2Fcomments&post=111088"}],"wp:featuredmedia":[{"embeddable":true,"href":"https:\/\/www.hediyepazar.com\/index.php?rest_route=\/wp\/v2\/media\/111087"}],"wp:attachment":[{"href":"https:\/\/www.hediyepazar.com\/index.php?rest_route=%2Fwp%2Fv2%2Fmedia&parent=111088"}],"wp:term":[{"taxonomy":"product_brand","embeddable":true,"href":"https:\/\/www.hediyepazar.com\/index.php?rest_route=%2Fwp%2Fv2%2Fproduct_brand&post=111088"},{"taxonomy":"product_cat","embeddable":true,"href":"https:\/\/www.hediyepazar.com\/index.php?rest_route=%2Fwp%2Fv2%2Fproduct_cat&post=111088"},{"taxonomy":"product_tag","embeddable":true,"href":"https:\/\/www.hediyepazar.com\/index.php?rest_route=%2Fwp%2Fv2%2Fproduct_tag&post=111088"}],"curies":[{"name":"wp","href":"https:\/\/api.w.org\/{rel}","templated":true}]}}