{"id":111096,"date":"2026-05-05T06:24:16","date_gmt":"2026-05-05T09:24:16","guid":{"rendered":"https:\/\/www.hediyepazar.com\/?product=4-baslikli-lazer-oncesi-kisaltma-epilasyon-aleti-epilator-cok-amacli"},"modified":"2026-05-05T06:24:16","modified_gmt":"2026-05-05T09:24:16","slug":"4-baslikli-lazer-oncesi-kisaltma-epilasyon-aleti-epilator-cok-amacli","status":"publish","type":"product","link":"https:\/\/www.hediyepazar.com\/?product=4-baslikli-lazer-oncesi-kisaltma-epilasyon-aleti-epilator-cok-amacli","title":{"rendered":"4 Ba\u015fl\u0131kl\u0131 Lazer \u00d6ncesi K\u0131saltma Epilasyon Aleti Epilat\u00f6r \u00c7ok Ama\u00e7l\u0131"},"content":{"rendered":"<p>Bu \u015farjl\u0131 epilasyon cihaz\u0131, ki\u015fisel bak\u0131mda pratikli\u011fi ve \u00e7ok y\u00f6nl\u00fcl\u00fc\u011f\u00fc bir arada sunar. D\u00f6rt farkl\u0131 ba\u015fl\u0131kla birlikte gelen bu set; t\u00fcy alma, t\u0131ra\u015f, ayak bak\u0131m\u0131 ve t\u0131rnak t\u00f6rp\u00fcleme gibi farkl\u0131 ihtiya\u00e7lara y\u00f6nelik kapsaml\u0131 \u00e7\u00f6z\u00fcmler sunar. A\u011fda etkisi yaratan epilasyon ba\u015fl\u0131\u011f\u0131 t\u00fcyleri k\u00f6k\u00fcnden alarak p\u00fcr\u00fczs\u00fcz bir cilt sunarken, t\u0131ra\u015f ba\u015fl\u0131\u011f\u0131 h\u0131zl\u0131 ve y\u00fczeysel temizlik i\u00e7in idealdir. Kal\u0131n t\u00f6rp\u00fc ba\u015fl\u0131\u011f\u0131, ayak topu\u011fu gibi sert b\u00f6lgeleri \u00f6l\u00fc deriden ar\u0131nd\u0131r\u0131rken, ince t\u00f6rp\u00fc ba\u015fl\u0131\u011f\u0131 ise t\u0131rnak bak\u0131m\u0131n\u0131z\u0131 kolayca yapman\u0131z\u0131 sa\u011flar.Kablosuz kullan\u0131m \u00f6zelli\u011fiyle dikkat \u00e7eken cihaz, yakla\u015f\u0131k 8 saatlik \u015farjla 45 dakika kesintisiz \u00e7al\u0131\u015fabilir. Ergonomik yap\u0131s\u0131 sayesinde ele rahat oturur ve kullan\u0131m\u0131 son derece kolayd\u0131r. Kompakt tasar\u0131m\u0131 sayesinde seyahatlerde de yan\u0131n\u0131zda rahatl\u0131kla ta\u015f\u0131yabilir, bak\u0131m rutininize ara vermeden devam edebilirsiniz.Paket i\u00e7eri\u011finde; 1 adet ana cihaz, 4 adet de\u011fi\u015ftirilebilir ba\u015fl\u0131k, 1 adet \u015farj adapt\u00f6r\u00fc ve temizlik f\u0131r\u00e7as\u0131 yer al\u0131r. Temizleme f\u0131r\u00e7as\u0131, cihaz\u0131n hijyenik kalmas\u0131n\u0131 sa\u011flarken ba\u015fl\u0131klar\u0131n \u00f6mr\u00fcn\u00fc uzat\u0131r. G\u00fcnl\u00fck bak\u0131m\u0131n\u0131 kolayla\u015ft\u0131rmak ve profesyonel bir sonu\u00e7 elde etmek isteyenler i\u00e7in i\u015flevsel ve kullan\u0131c\u0131 dostu bir se\u00e7enektir.<\/p>\n","protected":false},"excerpt":{"rendered":"<p>Bu \u015farjl\u0131 epilasyon cihaz\u0131, ki\u015fisel bak\u0131mda pratikli\u011fi ve \u00e7ok y\u00f6nl\u00fcl\u00fc\u011f\u00fc bir arada sunar. D\u00f6rt farkl\u0131 ba\u015fl\u0131kla birlikte gelen bu set; t\u00fcy alma, t\u0131ra\u015f, ayak bak\u0131m\u0131 ve t\u0131rnak t\u00f6rp\u00fcleme gibi farkl\u0131 ihtiya\u00e7lara y\u00f6nelik kapsaml\u0131 \u00e7\u00f6z\u00fcmler sunar. A\u011fda etkisi yaratan epilasyon ba\u015fl\u0131\u011f\u0131 t\u00fcyleri k\u00f6k\u00fcnden alarak p\u00fcr\u00fczs\u00fcz bir cilt sunarken, t\u0131ra\u015f ba\u015fl\u0131\u011f\u0131 h\u0131zl\u0131 ve y\u00fczeysel temizlik i\u00e7in idealdir&#8230;.<\/p>\n","protected":false},"featured_media":111095,"comment_status":"open","ping_status":"closed","template":"","meta":{"_kad_post_transparent":"","_kad_post_title":"","_kad_post_layout":"","_kad_post_sidebar_id":"","_kad_post_content_style":"","_kad_post_vertical_padding":"","_kad_post_feature":"","_kad_post_feature_position":"","_kad_post_header":false,"_kad_post_footer":false,"_kad_post_classname":""},"product_brand":[],"product_cat":[14919],"product_tag":[],"class_list":{"0":"post-111096","1":"product","2":"type-product","3":"status-publish","4":"has-post-thumbnail","6":"product_cat-epilator-epilator","8":"first","9":"instock","10":"purchasable","11":"product-type-simple","12":"entry","13":"content-bg","14":"loop-entry"},"_links":{"self":[{"href":"https:\/\/www.hediyepazar.com\/index.php?rest_route=\/wp\/v2\/product\/111096","targetHints":{"allow":["GET"]}}],"collection":[{"href":"https:\/\/www.hediyepazar.com\/index.php?rest_route=\/wp\/v2\/product"}],"about":[{"href":"https:\/\/www.hediyepazar.com\/index.php?rest_route=\/wp\/v2\/types\/product"}],"replies":[{"embeddable":true,"href":"https:\/\/www.hediyepazar.com\/index.php?rest_route=%2Fwp%2Fv2%2Fcomments&post=111096"}],"wp:featuredmedia":[{"embeddable":true,"href":"https:\/\/www.hediyepazar.com\/index.php?rest_route=\/wp\/v2\/media\/111095"}],"wp:attachment":[{"href":"https:\/\/www.hediyepazar.com\/index.php?rest_route=%2Fwp%2Fv2%2Fmedia&parent=111096"}],"wp:term":[{"taxonomy":"product_brand","embeddable":true,"href":"https:\/\/www.hediyepazar.com\/index.php?rest_route=%2Fwp%2Fv2%2Fproduct_brand&post=111096"},{"taxonomy":"product_cat","embeddable":true,"href":"https:\/\/www.hediyepazar.com\/index.php?rest_route=%2Fwp%2Fv2%2Fproduct_cat&post=111096"},{"taxonomy":"product_tag","embeddable":true,"href":"https:\/\/www.hediyepazar.com\/index.php?rest_route=%2Fwp%2Fv2%2Fproduct_tag&post=111096"}],"curies":[{"name":"wp","href":"https:\/\/api.w.org\/{rel}","templated":true}]}}