{"id":111100,"date":"2026-05-05T06:25:00","date_gmt":"2026-05-05T09:25:00","guid":{"rendered":"https:\/\/www.hediyepazar.com\/?product=4-baslikli-bakim-cihazi-epilator-tuy-alma-makinesi-topuk-torpusu"},"modified":"2026-05-05T06:25:00","modified_gmt":"2026-05-05T09:25:00","slug":"4-baslikli-bakim-cihazi-epilator-tuy-alma-makinesi-topuk-torpusu","status":"publish","type":"product","link":"https:\/\/www.hediyepazar.com\/?product=4-baslikli-bakim-cihazi-epilator-tuy-alma-makinesi-topuk-torpusu","title":{"rendered":"4 Ba\u015fl\u0131kl\u0131 Bak\u0131m Cihaz\u0131 Epilat\u00f6r T\u00fcy Alma Makinesi Topuk T\u00f6rp\u00fcs\u00fc"},"content":{"rendered":"<p>Bu \u00e7ok i\u015flevli \u015farjl\u0131 epilasyon cihaz\u0131, farkl\u0131 cilt ve v\u00fccut bak\u0131m ihtiya\u00e7lar\u0131n\u0131 kar\u015f\u0131lamak \u00fczere tasarlanm\u0131\u015f d\u00f6rt de\u011fi\u015ftirilebilir ba\u015fl\u0131kla birlikte gelir. Cihaz; istenmeyen t\u00fcylerin k\u00f6kten al\u0131nmas\u0131 i\u00e7in epilasyon ba\u015fl\u0131\u011f\u0131, h\u0131zl\u0131 ve y\u00fczeysel temizlik i\u00e7in t\u0131ra\u015f ba\u015fl\u0131\u011f\u0131, sertle\u015fmi\u015f topuk ve ayak derisini ar\u0131nd\u0131rmak i\u00e7in kal\u0131n t\u00f6rp\u00fc ba\u015fl\u0131\u011f\u0131 ve t\u0131rnak bak\u0131m\u0131nda hassasiyet sa\u011flayan ince t\u00f6rp\u00fc ba\u015fl\u0131\u011f\u0131 ile birlikte sunulur. B\u00f6ylece hem t\u00fcylerden ar\u0131nabilir, hem de el ve ayak bak\u0131m\u0131n\u0131z\u0131 tek bir cihazla pratik \u015fekilde ger\u00e7ekle\u015ftirebilirsiniz.Kablosuz kullan\u0131m avantaj\u0131 sunan bu epilasyon makinesi, tam \u015farjla yakla\u015f\u0131k 45 dakika boyunca kesintisiz \u00e7al\u0131\u015f\u0131r ve g\u00fcnl\u00fck bak\u0131m rutininizi zaman kaybetmeden tamamlaman\u0131z\u0131 sa\u011flar. Yakla\u015f\u0131k 8 saatlik \u015farj s\u00fcresi ile uzun \u00f6m\u00fcrl\u00fc bir kullan\u0131m deneyimi sunar. Ergonomik tasar\u0131m\u0131 sayesinde ele rahat oturur, hafif yap\u0131s\u0131 ile ta\u015f\u0131nabilirli\u011fi kolayla\u015ft\u0131r\u0131r.Cihaz\u0131n kutu i\u00e7eri\u011finde; 1 adet ana \u00fcnite, 4 farkl\u0131 ba\u015fl\u0131k, 1 adet \u015farj adapt\u00f6r\u00fc ve temizleme f\u0131r\u00e7as\u0131 yer al\u0131r. Temizleme f\u0131r\u00e7as\u0131, cihaz\u0131n hijyenik \u015fekilde kullan\u0131lmas\u0131n\u0131 sa\u011flar ve ba\u015fl\u0131klar\u0131n uzun \u00f6m\u00fcrl\u00fc olmas\u0131na yard\u0131mc\u0131 olur. Hem evde hem de seyahatlerde ki\u015fisel bak\u0131m\u0131na \u00f6zen g\u00f6sterenler i\u00e7in ideal bir \u00e7\u00f6z\u00fcmd\u00fcr. Kapsaml\u0131 ve konforlu bir cilt bak\u0131m deneyimi sunan bu \u00fcr\u00fcn, bak\u0131m rutinlerini hem pratikle\u015ftirir hem de profesyonelle\u015ftirir.<\/p>\n","protected":false},"excerpt":{"rendered":"<p>Bu \u00e7ok i\u015flevli \u015farjl\u0131 epilasyon cihaz\u0131, farkl\u0131 cilt ve v\u00fccut bak\u0131m ihtiya\u00e7lar\u0131n\u0131 kar\u015f\u0131lamak \u00fczere tasarlanm\u0131\u015f d\u00f6rt de\u011fi\u015ftirilebilir ba\u015fl\u0131kla birlikte gelir. Cihaz; istenmeyen t\u00fcylerin k\u00f6kten al\u0131nmas\u0131 i\u00e7in epilasyon ba\u015fl\u0131\u011f\u0131, h\u0131zl\u0131 ve y\u00fczeysel temizlik i\u00e7in t\u0131ra\u015f ba\u015fl\u0131\u011f\u0131, sertle\u015fmi\u015f topuk ve ayak derisini ar\u0131nd\u0131rmak i\u00e7in kal\u0131n t\u00f6rp\u00fc ba\u015fl\u0131\u011f\u0131 ve t\u0131rnak bak\u0131m\u0131nda hassasiyet sa\u011flayan ince t\u00f6rp\u00fc ba\u015fl\u0131\u011f\u0131 ile birlikte&#8230;<\/p>\n","protected":false},"featured_media":111099,"comment_status":"open","ping_status":"closed","template":"","meta":{"_kad_post_transparent":"","_kad_post_title":"","_kad_post_layout":"","_kad_post_sidebar_id":"","_kad_post_content_style":"","_kad_post_vertical_padding":"","_kad_post_feature":"","_kad_post_feature_position":"","_kad_post_header":false,"_kad_post_footer":false,"_kad_post_classname":""},"product_brand":[],"product_cat":[14919],"product_tag":[],"class_list":{"0":"post-111100","1":"product","2":"type-product","3":"status-publish","4":"has-post-thumbnail","6":"product_cat-epilator-epilator","8":"first","9":"instock","10":"purchasable","11":"product-type-simple","12":"entry","13":"content-bg","14":"loop-entry"},"_links":{"self":[{"href":"https:\/\/www.hediyepazar.com\/index.php?rest_route=\/wp\/v2\/product\/111100","targetHints":{"allow":["GET"]}}],"collection":[{"href":"https:\/\/www.hediyepazar.com\/index.php?rest_route=\/wp\/v2\/product"}],"about":[{"href":"https:\/\/www.hediyepazar.com\/index.php?rest_route=\/wp\/v2\/types\/product"}],"replies":[{"embeddable":true,"href":"https:\/\/www.hediyepazar.com\/index.php?rest_route=%2Fwp%2Fv2%2Fcomments&post=111100"}],"wp:featuredmedia":[{"embeddable":true,"href":"https:\/\/www.hediyepazar.com\/index.php?rest_route=\/wp\/v2\/media\/111099"}],"wp:attachment":[{"href":"https:\/\/www.hediyepazar.com\/index.php?rest_route=%2Fwp%2Fv2%2Fmedia&parent=111100"}],"wp:term":[{"taxonomy":"product_brand","embeddable":true,"href":"https:\/\/www.hediyepazar.com\/index.php?rest_route=%2Fwp%2Fv2%2Fproduct_brand&post=111100"},{"taxonomy":"product_cat","embeddable":true,"href":"https:\/\/www.hediyepazar.com\/index.php?rest_route=%2Fwp%2Fv2%2Fproduct_cat&post=111100"},{"taxonomy":"product_tag","embeddable":true,"href":"https:\/\/www.hediyepazar.com\/index.php?rest_route=%2Fwp%2Fv2%2Fproduct_tag&post=111100"}],"curies":[{"name":"wp","href":"https:\/\/api.w.org\/{rel}","templated":true}]}}