{"id":111102,"date":"2026-05-05T06:25:07","date_gmt":"2026-05-05T09:25:07","guid":{"rendered":"https:\/\/www.hediyepazar.com\/?product=profesyonel-4in1-cok-amacli-epilasyon-aleti-sarjli-pratik-tasinabilir"},"modified":"2026-05-05T06:25:07","modified_gmt":"2026-05-05T09:25:07","slug":"profesyonel-4in1-cok-amacli-epilasyon-aleti-sarjli-pratik-tasinabilir","status":"publish","type":"product","link":"https:\/\/www.hediyepazar.com\/?product=profesyonel-4in1-cok-amacli-epilasyon-aleti-sarjli-pratik-tasinabilir","title":{"rendered":"Profesyonel 4in1 \u00c7ok Ama\u00e7l\u0131 Epilasyon Aleti \u015earjl\u0131 Pratik Ta\u015f\u0131nabilir"},"content":{"rendered":"<p>Bu \u015farjl\u0131 epilasyon makinesi, \u00e7ok y\u00f6nl\u00fc kullan\u0131m\u0131yla ki\u015fisel bak\u0131m rutininizi hem pratik hem de etkili hale getirir. D\u00f6rt farkl\u0131 ba\u015fl\u0131k se\u00e7ene\u011fi sayesinde farkl\u0131 ihtiya\u00e7lara \u00f6zel \u00e7\u00f6z\u00fcmler sunar: epilasyon i\u00e7in a\u011fda ba\u015fl\u0131\u011f\u0131, h\u0131zl\u0131 ve p\u00fcr\u00fczs\u00fcz bir sonu\u00e7 i\u00e7in t\u0131ra\u015f ba\u015fl\u0131\u011f\u0131, ayak bak\u0131m\u0131nda etkili kal\u0131n t\u00f6rp\u00fc ba\u015fl\u0131\u011f\u0131 ve t\u0131rnak \u015fekillendirme gibi hassas i\u015flemler i\u00e7in ince t\u00f6rp\u00fc ba\u015fl\u0131\u011f\u0131 ile v\u00fccut bak\u0131m\u0131n\u0131z\u0131 ba\u015ftan sona y\u00f6netebilirsiniz.Yakla\u015f\u0131k 8 saatlik \u015farj s\u00fcresiyle tam kapasiteye ula\u015fan cihaz, tam dolu pil ile ortalama 45 dakikaya kadar kesintisiz kullan\u0131m sunar. Bu \u00f6zellik, tek seferde kapsaml\u0131 bir bak\u0131m yapman\u0131z\u0131 sa\u011flar. Kablosuz yap\u0131s\u0131 sayesinde evde, seyahatte ya da diledi\u011finiz her yerde rahat\u00e7a kullan\u0131labilir. Ergonomik tasar\u0131m\u0131 elde rahat bir tutu\u015f sa\u011flarken, kompakt formu sayesinde ta\u015f\u0131nmas\u0131 ve saklanmas\u0131 olduk\u00e7a kolayd\u0131r.Paket i\u00e7eri\u011finde; 1 adet epilasyon cihaz\u0131, 4 farkl\u0131 ba\u015fl\u0131k, 1 adet \u015farj adapt\u00f6r\u00fc ve temizleme f\u0131r\u00e7as\u0131 bulunur. Bu set, hijyenik kullan\u0131m ve ba\u015fl\u0131klar\u0131n kolay temizlenmesi i\u00e7in gereken t\u00fcm yard\u0131mc\u0131 ekipmanlar\u0131 i\u00e7erir. Ciltle nazik temas\u0131 ve \u00e7ok y\u00f6nl\u00fc kullan\u0131m kolayl\u0131\u011f\u0131 ile bu epilasyon makinesi, bak\u0131m rutininizi konforlu ve profesyonel bir deneyime d\u00f6n\u00fc\u015ft\u00fcr\u00fcr.&nbsp;&nbsp;&nbsp;<\/p>\n","protected":false},"excerpt":{"rendered":"<p>Bu \u015farjl\u0131 epilasyon makinesi, \u00e7ok y\u00f6nl\u00fc kullan\u0131m\u0131yla ki\u015fisel bak\u0131m rutininizi hem pratik hem de etkili hale getirir. D\u00f6rt farkl\u0131 ba\u015fl\u0131k se\u00e7ene\u011fi sayesinde farkl\u0131 ihtiya\u00e7lara \u00f6zel \u00e7\u00f6z\u00fcmler sunar: epilasyon i\u00e7in a\u011fda ba\u015fl\u0131\u011f\u0131, h\u0131zl\u0131 ve p\u00fcr\u00fczs\u00fcz bir sonu\u00e7 i\u00e7in t\u0131ra\u015f ba\u015fl\u0131\u011f\u0131, ayak bak\u0131m\u0131nda etkili kal\u0131n t\u00f6rp\u00fc ba\u015fl\u0131\u011f\u0131 ve t\u0131rnak \u015fekillendirme gibi hassas i\u015flemler i\u00e7in ince t\u00f6rp\u00fc ba\u015fl\u0131\u011f\u0131&#8230;<\/p>\n","protected":false},"featured_media":111101,"comment_status":"open","ping_status":"closed","template":"","meta":{"_kad_post_transparent":"","_kad_post_title":"","_kad_post_layout":"","_kad_post_sidebar_id":"","_kad_post_content_style":"","_kad_post_vertical_padding":"","_kad_post_feature":"","_kad_post_feature_position":"","_kad_post_header":false,"_kad_post_footer":false,"_kad_post_classname":""},"product_brand":[],"product_cat":[14919],"product_tag":[],"class_list":{"0":"post-111102","1":"product","2":"type-product","3":"status-publish","4":"has-post-thumbnail","6":"product_cat-epilator-epilator","8":"first","9":"instock","10":"purchasable","11":"product-type-simple","12":"entry","13":"content-bg","14":"loop-entry"},"_links":{"self":[{"href":"https:\/\/www.hediyepazar.com\/index.php?rest_route=\/wp\/v2\/product\/111102","targetHints":{"allow":["GET"]}}],"collection":[{"href":"https:\/\/www.hediyepazar.com\/index.php?rest_route=\/wp\/v2\/product"}],"about":[{"href":"https:\/\/www.hediyepazar.com\/index.php?rest_route=\/wp\/v2\/types\/product"}],"replies":[{"embeddable":true,"href":"https:\/\/www.hediyepazar.com\/index.php?rest_route=%2Fwp%2Fv2%2Fcomments&post=111102"}],"wp:featuredmedia":[{"embeddable":true,"href":"https:\/\/www.hediyepazar.com\/index.php?rest_route=\/wp\/v2\/media\/111101"}],"wp:attachment":[{"href":"https:\/\/www.hediyepazar.com\/index.php?rest_route=%2Fwp%2Fv2%2Fmedia&parent=111102"}],"wp:term":[{"taxonomy":"product_brand","embeddable":true,"href":"https:\/\/www.hediyepazar.com\/index.php?rest_route=%2Fwp%2Fv2%2Fproduct_brand&post=111102"},{"taxonomy":"product_cat","embeddable":true,"href":"https:\/\/www.hediyepazar.com\/index.php?rest_route=%2Fwp%2Fv2%2Fproduct_cat&post=111102"},{"taxonomy":"product_tag","embeddable":true,"href":"https:\/\/www.hediyepazar.com\/index.php?rest_route=%2Fwp%2Fv2%2Fproduct_tag&post=111102"}],"curies":[{"name":"wp","href":"https:\/\/api.w.org\/{rel}","templated":true}]}}