{"id":111120,"date":"2026-05-05T06:29:10","date_gmt":"2026-05-05T09:29:10","guid":{"rendered":"https:\/\/www.hediyepazar.com\/?product=video-making-kit-telefon-tutucu-vlog-video-mini-led-isikli"},"modified":"2026-05-05T06:29:10","modified_gmt":"2026-05-05T09:29:10","slug":"video-making-kit-telefon-tutucu-vlog-video-mini-led-isikli","status":"publish","type":"product","link":"https:\/\/www.hediyepazar.com\/?product=video-making-kit-telefon-tutucu-vlog-video-mini-led-isikli","title":{"rendered":"Video Making Kit Telefon Tutucu Vlog Video Mini Led I\u015f\u0131kl\u0131"},"content":{"rendered":"<p>\u0130\u00e7erik \u00fcreticilerinin ve mobil video tutkunlar\u0131n\u0131n ihtiya\u00e7lar\u0131na \u00f6zel olarak tasarlanm\u0131\u015f bu video making kit, g\u00fcnl\u00fck \u00e7ekimlerde pratik kullan\u0131m sunarken kaliteli i\u00e7erikler \u00fcretmenizi destekler. Kompakt yap\u0131s\u0131 ve \u00e7ok y\u00f6nl\u00fc ekipmanlar\u0131yla video, vlog ve sosyal medya i\u00e7eriklerinizi profesyonel seviyeye ta\u015f\u0131r.Kitin i\u00e7erisinde yer alan mini tripod, hafif ve ergonomik tasar\u0131m\u0131yla her yerde rahatl\u0131kla kullan\u0131labilir. Farkl\u0131 a\u00e7\u0131larda ayarlanabilir yap\u0131s\u0131 sayesinde ister masa \u00fcst\u00fc ister a\u00e7\u0131k alanda sabit \u00e7ekimler yapman\u0131za olanak tan\u0131r. Telefonunuzu g\u00fcvenle sabitleyerek g\u00f6r\u00fcnt\u00fcdeki titremeyi en aza indirir, net ve sabit kareler elde etmenizi sa\u011flar.Dahili LED \u0131\u015f\u0131k, lo\u015f ortamlarda bile \u00e7ekim kalitenizi koruman\u0131z i\u00e7in idealdir. Y\u00fcz\u00fcn\u00fcz\u00fc ve \u00e7evrenizi dengeli bir \u015fekilde ayd\u0131nlatarak profesyonel bir g\u00f6r\u00fcn\u00fcm sunar. I\u015f\u0131\u011f\u0131n seviyesi ayarlanabilir oldu\u011fundan, ortama uygun bir ayd\u0131nlatma seviyesi se\u00e7ebilir ve istedi\u011finiz atmosferi kolayl\u0131kla yaratabilirsiniz.Kumandal\u0131 mikrofon, net ve y\u00fcksek kaliteli ses kay\u0131tlar\u0131 alman\u0131z\u0131 sa\u011flar. Bu \u00f6zellik sayesinde hem i\u00e7 hem d\u0131\u015f mek\u00e2n \u00e7ekimlerinde sesiniz arka plan g\u00fcr\u00fclt\u00fcs\u00fcnden etkilenmeden net \u015fekilde kaydedilir. Ayr\u0131ca kitte yer alan uzaktan kumanda ile video kay\u0131tlar\u0131n\u0131z\u0131 tripoddan ayr\u0131lmadan ba\u015flatabilir veya durdurabilirsiniz.K\u00fc\u00e7\u00fck boyutuna ra\u011fmen sundu\u011fu i\u015flevsellikle bu kit, \u00f6zellikle bireysel i\u00e7erik \u00fcreticileri, YouTuber&#8217;lar, TikTok kullan\u0131c\u0131lar\u0131 ve canl\u0131 yay\u0131n yapanlar i\u00e7in ideal bir yard\u0131mc\u0131d\u0131r. Hem ta\u015f\u0131nabilir hem de kullan\u0131c\u0131 dostu olan bu set, i\u00e7erik \u00fcretim s\u00fcrecinizi zahmetsiz ve keyifli hale getirir.&nbsp;&nbsp;&nbsp;<\/p>\n","protected":false},"excerpt":{"rendered":"<p>\u0130\u00e7erik \u00fcreticilerinin ve mobil video tutkunlar\u0131n\u0131n ihtiya\u00e7lar\u0131na \u00f6zel olarak tasarlanm\u0131\u015f bu video making kit, g\u00fcnl\u00fck \u00e7ekimlerde pratik kullan\u0131m sunarken kaliteli i\u00e7erikler \u00fcretmenizi destekler. Kompakt yap\u0131s\u0131 ve \u00e7ok y\u00f6nl\u00fc ekipmanlar\u0131yla video, vlog ve sosyal medya i\u00e7eriklerinizi profesyonel seviyeye ta\u015f\u0131r.Kitin i\u00e7erisinde yer alan mini tripod, hafif ve ergonomik tasar\u0131m\u0131yla her yerde rahatl\u0131kla kullan\u0131labilir. Farkl\u0131 a\u00e7\u0131larda ayarlanabilir yap\u0131s\u0131&#8230;<\/p>\n","protected":false},"featured_media":111119,"comment_status":"open","ping_status":"closed","template":"","meta":{"_kad_post_transparent":"","_kad_post_title":"","_kad_post_layout":"","_kad_post_sidebar_id":"","_kad_post_content_style":"","_kad_post_vertical_padding":"","_kad_post_feature":"","_kad_post_feature_position":"","_kad_post_header":false,"_kad_post_footer":false,"_kad_post_classname":""},"product_brand":[],"product_cat":[15025],"product_tag":[],"class_list":{"0":"post-111120","1":"product","2":"type-product","3":"status-publish","4":"has-post-thumbnail","6":"product_cat-foto-ve-kamera-aksesuari-foto-ve-kamera-aksesuari","8":"first","9":"instock","10":"purchasable","11":"product-type-simple","12":"entry","13":"content-bg","14":"loop-entry"},"_links":{"self":[{"href":"https:\/\/www.hediyepazar.com\/index.php?rest_route=\/wp\/v2\/product\/111120","targetHints":{"allow":["GET"]}}],"collection":[{"href":"https:\/\/www.hediyepazar.com\/index.php?rest_route=\/wp\/v2\/product"}],"about":[{"href":"https:\/\/www.hediyepazar.com\/index.php?rest_route=\/wp\/v2\/types\/product"}],"replies":[{"embeddable":true,"href":"https:\/\/www.hediyepazar.com\/index.php?rest_route=%2Fwp%2Fv2%2Fcomments&post=111120"}],"wp:featuredmedia":[{"embeddable":true,"href":"https:\/\/www.hediyepazar.com\/index.php?rest_route=\/wp\/v2\/media\/111119"}],"wp:attachment":[{"href":"https:\/\/www.hediyepazar.com\/index.php?rest_route=%2Fwp%2Fv2%2Fmedia&parent=111120"}],"wp:term":[{"taxonomy":"product_brand","embeddable":true,"href":"https:\/\/www.hediyepazar.com\/index.php?rest_route=%2Fwp%2Fv2%2Fproduct_brand&post=111120"},{"taxonomy":"product_cat","embeddable":true,"href":"https:\/\/www.hediyepazar.com\/index.php?rest_route=%2Fwp%2Fv2%2Fproduct_cat&post=111120"},{"taxonomy":"product_tag","embeddable":true,"href":"https:\/\/www.hediyepazar.com\/index.php?rest_route=%2Fwp%2Fv2%2Fproduct_tag&post=111120"}],"curies":[{"name":"wp","href":"https:\/\/api.w.org\/{rel}","templated":true}]}}