{"id":111122,"date":"2026-05-05T06:29:15","date_gmt":"2026-05-05T09:29:15","guid":{"rendered":"https:\/\/www.hediyepazar.com\/?product=telefon-tutucu-mikrofonlu-isikli-youtuber-video-kayit"},"modified":"2026-05-05T06:29:15","modified_gmt":"2026-05-05T09:29:15","slug":"telefon-tutucu-mikrofonlu-isikli-youtuber-video-kayit","status":"publish","type":"product","link":"https:\/\/www.hediyepazar.com\/?product=telefon-tutucu-mikrofonlu-isikli-youtuber-video-kayit","title":{"rendered":"Telefon Tutucu Mikrofonlu I\u015f\u0131kl\u0131 Youtuber Video Kay\u0131t"},"content":{"rendered":"<p>Videolar\u0131n\u0131z\u0131 profesyonel bir dokunu\u015fla \u00e7ekmek isteyenler i\u00e7in tasarlanm\u0131\u015f bu video making kit, kompakt yap\u0131s\u0131 ve \u00e7ok y\u00f6nl\u00fc \u00f6zellikleri ile dikkat \u00e7eker. Kumandal\u0131 mikrofon, LED \u0131\u015f\u0131k ve mini tripod i\u00e7eren set, mobil cihazlarla yap\u0131lan \u00e7ekimlerde sabitlik ve y\u00fcksek kalite sunar.Mini tripod, hafifli\u011fi ve ta\u015f\u0131nabilirli\u011fi sayesinde seyahatlerde veya g\u00fcnl\u00fck kullan\u0131mda kolayca yan\u0131n\u0131zda ta\u015f\u0131yabilece\u011finiz bir \u00e7\u00f6z\u00fcmd\u00fcr. Telefonunuzu g\u00fcvenli bir \u015fekilde sabitleyerek, titremeyen ve net videolar \u00e7ekmenizi sa\u011flar. Tripodun farkl\u0131 a\u00e7\u0131larda ayarlanabilmesi, her t\u00fcrl\u00fc \u00e7ekim i\u00e7in esneklik sunar.Dahili LED \u0131\u015f\u0131k, d\u00fc\u015f\u00fck \u0131\u015f\u0131k ko\u015fullar\u0131nda bile ayd\u0131nlatma sa\u011flar ve g\u00f6r\u00fcnt\u00fclerinizin her zaman net ve profesyonel olmas\u0131na yard\u0131mc\u0131 olur. I\u015f\u0131\u011f\u0131n yo\u011funlu\u011funu ayarlayarak istedi\u011finiz atmosferi yaratabilirsiniz. Ayr\u0131ca, kumandal\u0131 mikrofon, ses kayd\u0131n\u0131z\u0131 net ve kaliteli hale getirir, g\u00fcr\u00fclt\u00fcleri en aza indirir.Kumanda \u00f6zelli\u011fi ile \u00e7ekimlerinizi uzaktan kontrol edebilir ve istedi\u011finiz a\u00e7\u0131larda video kayd\u0131 yapabilirsiniz. \u00d6zellikle tek ba\u015f\u0131n\u0131za \u00e7ekim yaparken b\u00fcy\u00fck kolayl\u0131k sa\u011flar.\u0130\u00e7erik \u00fcreticileri, vlog \u00e7ekimleri yapanlar, sosyal medya payla\u015f\u0131mlar\u0131 olu\u015fturanlar veya amat\u00f6r video merakl\u0131lar\u0131 i\u00e7in m\u00fckemmel bir se\u00e7enek sunan bu kit, ta\u015f\u0131nabilirlik, kullan\u0131m kolayl\u0131\u011f\u0131 ve y\u00fcksek kaliteyi bir araya getirir.&nbsp;&nbsp;&nbsp;<\/p>\n","protected":false},"excerpt":{"rendered":"<p>Videolar\u0131n\u0131z\u0131 profesyonel bir dokunu\u015fla \u00e7ekmek isteyenler i\u00e7in tasarlanm\u0131\u015f bu video making kit, kompakt yap\u0131s\u0131 ve \u00e7ok y\u00f6nl\u00fc \u00f6zellikleri ile dikkat \u00e7eker. Kumandal\u0131 mikrofon, LED \u0131\u015f\u0131k ve mini tripod i\u00e7eren set, mobil cihazlarla yap\u0131lan \u00e7ekimlerde sabitlik ve y\u00fcksek kalite sunar.Mini tripod, hafifli\u011fi ve ta\u015f\u0131nabilirli\u011fi sayesinde seyahatlerde veya g\u00fcnl\u00fck kullan\u0131mda kolayca yan\u0131n\u0131zda ta\u015f\u0131yabilece\u011finiz bir \u00e7\u00f6z\u00fcmd\u00fcr. Telefonunuzu g\u00fcvenli&#8230;<\/p>\n","protected":false},"featured_media":111121,"comment_status":"open","ping_status":"closed","template":"","meta":{"_kad_post_transparent":"","_kad_post_title":"","_kad_post_layout":"","_kad_post_sidebar_id":"","_kad_post_content_style":"","_kad_post_vertical_padding":"","_kad_post_feature":"","_kad_post_feature_position":"","_kad_post_header":false,"_kad_post_footer":false,"_kad_post_classname":""},"product_brand":[],"product_cat":[15025],"product_tag":[],"class_list":{"0":"post-111122","1":"product","2":"type-product","3":"status-publish","4":"has-post-thumbnail","6":"product_cat-foto-ve-kamera-aksesuari-foto-ve-kamera-aksesuari","8":"first","9":"instock","10":"purchasable","11":"product-type-simple","12":"entry","13":"content-bg","14":"loop-entry"},"_links":{"self":[{"href":"https:\/\/www.hediyepazar.com\/index.php?rest_route=\/wp\/v2\/product\/111122","targetHints":{"allow":["GET"]}}],"collection":[{"href":"https:\/\/www.hediyepazar.com\/index.php?rest_route=\/wp\/v2\/product"}],"about":[{"href":"https:\/\/www.hediyepazar.com\/index.php?rest_route=\/wp\/v2\/types\/product"}],"replies":[{"embeddable":true,"href":"https:\/\/www.hediyepazar.com\/index.php?rest_route=%2Fwp%2Fv2%2Fcomments&post=111122"}],"wp:featuredmedia":[{"embeddable":true,"href":"https:\/\/www.hediyepazar.com\/index.php?rest_route=\/wp\/v2\/media\/111121"}],"wp:attachment":[{"href":"https:\/\/www.hediyepazar.com\/index.php?rest_route=%2Fwp%2Fv2%2Fmedia&parent=111122"}],"wp:term":[{"taxonomy":"product_brand","embeddable":true,"href":"https:\/\/www.hediyepazar.com\/index.php?rest_route=%2Fwp%2Fv2%2Fproduct_brand&post=111122"},{"taxonomy":"product_cat","embeddable":true,"href":"https:\/\/www.hediyepazar.com\/index.php?rest_route=%2Fwp%2Fv2%2Fproduct_cat&post=111122"},{"taxonomy":"product_tag","embeddable":true,"href":"https:\/\/www.hediyepazar.com\/index.php?rest_route=%2Fwp%2Fv2%2Fproduct_tag&post=111122"}],"curies":[{"name":"wp","href":"https:\/\/api.w.org\/{rel}","templated":true}]}}