{"id":111128,"date":"2026-05-05T06:31:18","date_gmt":"2026-05-05T09:31:18","guid":{"rendered":"https:\/\/www.hediyepazar.com\/?product=2200w-seramik-kaplama-estetik-tasarimi-360-derece-donebilir-kablosu"},"modified":"2026-05-05T06:31:18","modified_gmt":"2026-05-05T09:31:18","slug":"2200w-seramik-kaplama-estetik-tasarimi-360-derece-donebilir-kablosu","status":"publish","type":"product","link":"https:\/\/www.hediyepazar.com\/?product=2200w-seramik-kaplama-estetik-tasarimi-360-derece-donebilir-kablosu","title":{"rendered":"2200W Seramik Kaplama Estetik Tasar\u0131m\u0131 360 Derece D\u00f6nebilir Kablosu"},"content":{"rendered":"<p>Estetik tasar\u0131m\u0131 ve y\u00fcksek performans\u0131 ile \u00f6ne \u00e7\u0131kan bu mor seramik tabanl\u0131 buharl\u0131 \u00fct\u00fc, \u00fct\u00fc yapmay\u0131 hem h\u0131zl\u0131 hem de verimli hale getiriyor. 2200W g\u00fcc\u00fc sayesinde k\u0131sa s\u00fcrede \u0131s\u0131narak g\u00fc\u00e7l\u00fc buhar \u00e7\u0131k\u0131\u015f\u0131 sa\u011flar. 177 gr\/dk \u015fok buhar performans\u0131, kal\u0131n kuma\u015flar ve zorlu k\u0131r\u0131\u015f\u0131kl\u0131klarla ba\u015fa \u00e7\u0131kmak i\u00e7in ideal olup, her t\u00fcrl\u00fc giysiyi kolayca d\u00fczle\u015ftirir. Bu y\u00fcksek buhar g\u00fcc\u00fc, zamandan tasarruf sa\u011flar ve \u00fct\u00fc i\u015flemini daha k\u0131sa s\u00fcrede tamamlaman\u0131za yard\u0131mc\u0131 olur.Seramik taban, m\u00fckemmel kayma sa\u011flar ve kuma\u015f y\u00fczeylerinde p\u00fcr\u00fczs\u00fcz bir ge\u00e7i\u015f sunarak \u00fct\u00fcleme i\u015flemini zahmetsiz hale getirir. Dikey \u00fct\u00fcleme fonksiyonu, perde ve ask\u0131daki k\u0131yafetler gibi zorlu alanlarda bile rahat kullan\u0131m imk\u00e2n\u0131 tan\u0131r. \u00dct\u00fc s\u0131ras\u0131nda su damlamas\u0131n\u0131 engelleyen damlama \u00f6nleme sistemi sayesinde lekelerden ka\u00e7\u0131narak daha temiz ve d\u00fczg\u00fcn bir \u00fct\u00fcleme elde edebilirsiniz. Kire\u00e7lenmeyi \u00f6nleyen sistem, \u00f6zellikle kire\u00e7li su kullan\u0131lan b\u00f6lgelerde cihaz\u0131n \u00f6mr\u00fcn\u00fc uzatarak daha verimli \u00e7al\u0131\u015fmas\u0131n\u0131 sa\u011flar.Kendi kendini temizleme \u00f6zelli\u011fi, \u00fct\u00fc bak\u0131m\u0131n\u0131 olduk\u00e7a kolayla\u015ft\u0131r\u0131r. B\u00f6ylece d\u00fczenli temizlik ve bak\u0131m i\u015flemleri ile \u00fct\u00fcn\u00fcz her zaman maksimum performansla \u00e7al\u0131\u015f\u0131r. 360 derece d\u00f6nebilir kablosu ise rahat bir kullan\u0131m sa\u011flar ve \u00fct\u00fcleme i\u015flemi s\u0131ras\u0131nda daha fazla manevra kabiliyeti sunar. Modern tasar\u0131m\u0131 ve i\u015flevsel \u00f6zellikleri ile bu buharl\u0131 \u00fct\u00fc, hem \u015f\u0131kl\u0131\u011f\u0131 hem de pratikli\u011fi bir arada sunar.Geli\u015fmi\u015f teknolojisi ve kullan\u0131c\u0131 dostu \u00f6zellikleri ile bu \u00fct\u00fc, g\u00fcnl\u00fck \u00fct\u00fc ihtiya\u00e7lar\u0131n\u0131z\u0131 h\u0131zl\u0131, verimli ve keyifli bir hale getirir. Hem estetik hem de i\u015flevsel bir se\u00e7enek arayanlar i\u00e7in ideal bir \u00fcr\u00fcnd\u00fcr.&nbsp;&nbsp;&nbsp;&nbsp;&nbsp;&nbsp;&nbsp;<\/p>\n","protected":false},"excerpt":{"rendered":"<p>Estetik tasar\u0131m\u0131 ve y\u00fcksek performans\u0131 ile \u00f6ne \u00e7\u0131kan bu mor seramik tabanl\u0131 buharl\u0131 \u00fct\u00fc, \u00fct\u00fc yapmay\u0131 hem h\u0131zl\u0131 hem de verimli hale getiriyor. 2200W g\u00fcc\u00fc sayesinde k\u0131sa s\u00fcrede \u0131s\u0131narak g\u00fc\u00e7l\u00fc buhar \u00e7\u0131k\u0131\u015f\u0131 sa\u011flar. 177 gr\/dk \u015fok buhar performans\u0131, kal\u0131n kuma\u015flar ve zorlu k\u0131r\u0131\u015f\u0131kl\u0131klarla ba\u015fa \u00e7\u0131kmak i\u00e7in ideal olup, her t\u00fcrl\u00fc giysiyi kolayca d\u00fczle\u015ftirir. Bu y\u00fcksek&#8230;<\/p>\n","protected":false},"featured_media":111127,"comment_status":"open","ping_status":"closed","template":"","meta":{"_kad_post_transparent":"","_kad_post_title":"","_kad_post_layout":"","_kad_post_sidebar_id":"","_kad_post_content_style":"","_kad_post_vertical_padding":"","_kad_post_feature":"","_kad_post_feature_position":"","_kad_post_header":false,"_kad_post_footer":false,"_kad_post_classname":""},"product_brand":[],"product_cat":[15035],"product_tag":[],"class_list":{"0":"post-111128","1":"product","2":"type-product","3":"status-publish","4":"has-post-thumbnail","6":"product_cat-buharli-utu-buharli-utu","8":"first","9":"instock","10":"purchasable","11":"product-type-simple","12":"entry","13":"content-bg","14":"loop-entry"},"_links":{"self":[{"href":"https:\/\/www.hediyepazar.com\/index.php?rest_route=\/wp\/v2\/product\/111128","targetHints":{"allow":["GET"]}}],"collection":[{"href":"https:\/\/www.hediyepazar.com\/index.php?rest_route=\/wp\/v2\/product"}],"about":[{"href":"https:\/\/www.hediyepazar.com\/index.php?rest_route=\/wp\/v2\/types\/product"}],"replies":[{"embeddable":true,"href":"https:\/\/www.hediyepazar.com\/index.php?rest_route=%2Fwp%2Fv2%2Fcomments&post=111128"}],"wp:featuredmedia":[{"embeddable":true,"href":"https:\/\/www.hediyepazar.com\/index.php?rest_route=\/wp\/v2\/media\/111127"}],"wp:attachment":[{"href":"https:\/\/www.hediyepazar.com\/index.php?rest_route=%2Fwp%2Fv2%2Fmedia&parent=111128"}],"wp:term":[{"taxonomy":"product_brand","embeddable":true,"href":"https:\/\/www.hediyepazar.com\/index.php?rest_route=%2Fwp%2Fv2%2Fproduct_brand&post=111128"},{"taxonomy":"product_cat","embeddable":true,"href":"https:\/\/www.hediyepazar.com\/index.php?rest_route=%2Fwp%2Fv2%2Fproduct_cat&post=111128"},{"taxonomy":"product_tag","embeddable":true,"href":"https:\/\/www.hediyepazar.com\/index.php?rest_route=%2Fwp%2Fv2%2Fproduct_tag&post=111128"}],"curies":[{"name":"wp","href":"https:\/\/api.w.org\/{rel}","templated":true}]}}