{"id":111134,"date":"2026-05-05T06:33:13","date_gmt":"2026-05-05T09:33:13","guid":{"rendered":"https:\/\/www.hediyepazar.com\/?product=buharli-utu-2200-watt-seramik-tabanli-tasinabilir-kablolu-utu"},"modified":"2026-05-05T06:33:13","modified_gmt":"2026-05-05T09:33:13","slug":"buharli-utu-2200-watt-seramik-tabanli-tasinabilir-kablolu-utu","status":"publish","type":"product","link":"https:\/\/www.hediyepazar.com\/?product=buharli-utu-2200-watt-seramik-tabanli-tasinabilir-kablolu-utu","title":{"rendered":"Buharl\u0131 \u00dct\u00fc 2200 Watt Seramik Tabanl\u0131 Ta\u015f\u0131nabilir Kablolu \u00dct\u00fc"},"content":{"rendered":"<p>Y\u00fcksek performans\u0131 ve kullan\u0131c\u0131 dostu detaylar\u0131yla \u00f6ne \u00e7\u0131kan bu mor renkli seramik tabanl\u0131 buharl\u0131 \u00fct\u00fc, g\u00fcnl\u00fck \u00fct\u00fcleme i\u015flemlerini zahmetsiz ve etkili hale getiriyor. 2200W g\u00fcc\u00fcndeki motoru sayesinde kuma\u015flar\u0131n derinliklerine h\u0131zl\u0131ca n\u00fcfuz eden 177 gr\/dk \u015fok buhar performans\u0131, en inat\u00e7\u0131 k\u0131r\u0131\u015f\u0131kl\u0131klarla bile kolayca ba\u015fa \u00e7\u0131kman\u0131za yard\u0131mc\u0131 olur. Dikey \u00fct\u00fcleme \u00f6zelli\u011fi sayesinde perdelerden ask\u0131daki giysilere kadar pek \u00e7ok tekstil \u00fcr\u00fcn\u00fcn\u00fc zahmetsizce \u00fct\u00fcleyebilir, zamandan tasarruf edebilirsiniz.Seramik taban\u0131, kuma\u015f y\u00fczeylerinde kolayca kayarak p\u00fcr\u00fczs\u00fcz ve hassas bir \u00fct\u00fcleme deneyimi sunarken ayn\u0131 zamanda uzun \u00f6m\u00fcrl\u00fc kullan\u0131m avantaj\u0131 sa\u011flar. Damlama \u00f6nleyici sistemi sayesinde d\u00fc\u015f\u00fck s\u0131cakl\u0131klarda bile \u00fct\u00fcleme esnas\u0131nda su lekesi olu\u015fmaz, bu da daha temiz ve profesyonel sonu\u00e7lar alman\u0131z\u0131 m\u00fcmk\u00fcn k\u0131lar. Kire\u00e7lenmeyi \u00f6nleyen \u00f6zel sistemi, \u00f6zellikle kire\u00e7li su kullan\u0131lan b\u00f6lgelerde \u00fct\u00fcn\u00fcn performans\u0131n\u0131 ve \u00f6mr\u00fcn\u00fc korumaya yard\u0131mc\u0131 olurken, kendi kendini temizleme \u00f6zelli\u011fi de bak\u0131m ihtiyac\u0131n\u0131 minimuma indirir.360 derece d\u00f6nebilen hareketli kablosu, kullan\u0131m s\u0131ras\u0131nda maksimum manevra kabiliyeti sunarak konforu art\u0131r\u0131r. Gerek yo\u011fun g\u00fcnl\u00fck kullan\u0131m gerekse daha hassas \u00fct\u00fcleme i\u015flemleri i\u00e7in ideal olan bu buharl\u0131 \u00fct\u00fc, hem fonksiyonelli\u011fi hem de modern tasar\u0131m\u0131yla \u00fct\u00fc deneyiminizi yepyeni bir seviyeye ta\u015f\u0131yor.&nbsp;&nbsp;&nbsp;&nbsp;&nbsp;&nbsp;&nbsp;&nbsp;&nbsp;<\/p>\n","protected":false},"excerpt":{"rendered":"<p>Y\u00fcksek performans\u0131 ve kullan\u0131c\u0131 dostu detaylar\u0131yla \u00f6ne \u00e7\u0131kan bu mor renkli seramik tabanl\u0131 buharl\u0131 \u00fct\u00fc, g\u00fcnl\u00fck \u00fct\u00fcleme i\u015flemlerini zahmetsiz ve etkili hale getiriyor. 2200W g\u00fcc\u00fcndeki motoru sayesinde kuma\u015flar\u0131n derinliklerine h\u0131zl\u0131ca n\u00fcfuz eden 177 gr\/dk \u015fok buhar performans\u0131, en inat\u00e7\u0131 k\u0131r\u0131\u015f\u0131kl\u0131klarla bile kolayca ba\u015fa \u00e7\u0131kman\u0131za yard\u0131mc\u0131 olur. Dikey \u00fct\u00fcleme \u00f6zelli\u011fi sayesinde perdelerden ask\u0131daki giysilere kadar pek&#8230;<\/p>\n","protected":false},"featured_media":111133,"comment_status":"open","ping_status":"closed","template":"","meta":{"_kad_post_transparent":"","_kad_post_title":"","_kad_post_layout":"","_kad_post_sidebar_id":"","_kad_post_content_style":"","_kad_post_vertical_padding":"","_kad_post_feature":"","_kad_post_feature_position":"","_kad_post_header":false,"_kad_post_footer":false,"_kad_post_classname":""},"product_brand":[],"product_cat":[15035],"product_tag":[],"class_list":{"0":"post-111134","1":"product","2":"type-product","3":"status-publish","4":"has-post-thumbnail","6":"product_cat-buharli-utu-buharli-utu","8":"first","9":"instock","10":"purchasable","11":"product-type-simple","12":"entry","13":"content-bg","14":"loop-entry"},"_links":{"self":[{"href":"https:\/\/www.hediyepazar.com\/index.php?rest_route=\/wp\/v2\/product\/111134","targetHints":{"allow":["GET"]}}],"collection":[{"href":"https:\/\/www.hediyepazar.com\/index.php?rest_route=\/wp\/v2\/product"}],"about":[{"href":"https:\/\/www.hediyepazar.com\/index.php?rest_route=\/wp\/v2\/types\/product"}],"replies":[{"embeddable":true,"href":"https:\/\/www.hediyepazar.com\/index.php?rest_route=%2Fwp%2Fv2%2Fcomments&post=111134"}],"wp:featuredmedia":[{"embeddable":true,"href":"https:\/\/www.hediyepazar.com\/index.php?rest_route=\/wp\/v2\/media\/111133"}],"wp:attachment":[{"href":"https:\/\/www.hediyepazar.com\/index.php?rest_route=%2Fwp%2Fv2%2Fmedia&parent=111134"}],"wp:term":[{"taxonomy":"product_brand","embeddable":true,"href":"https:\/\/www.hediyepazar.com\/index.php?rest_route=%2Fwp%2Fv2%2Fproduct_brand&post=111134"},{"taxonomy":"product_cat","embeddable":true,"href":"https:\/\/www.hediyepazar.com\/index.php?rest_route=%2Fwp%2Fv2%2Fproduct_cat&post=111134"},{"taxonomy":"product_tag","embeddable":true,"href":"https:\/\/www.hediyepazar.com\/index.php?rest_route=%2Fwp%2Fv2%2Fproduct_tag&post=111134"}],"curies":[{"name":"wp","href":"https:\/\/api.w.org\/{rel}","templated":true}]}}