{"id":111148,"date":"2026-05-05T06:36:50","date_gmt":"2026-05-05T09:36:50","guid":{"rendered":"https:\/\/www.hediyepazar.com\/?product=celik-su-isitici-kettle-dayanikli-paslanmaz-celik-uzun-omurlu"},"modified":"2026-05-05T06:36:50","modified_gmt":"2026-05-05T09:36:50","slug":"celik-su-isitici-kettle-dayanikli-paslanmaz-celik-uzun-omurlu","status":"publish","type":"product","link":"https:\/\/www.hediyepazar.com\/?product=celik-su-isitici-kettle-dayanikli-paslanmaz-celik-uzun-omurlu","title":{"rendered":"\u00c7elik Su Is\u0131t\u0131c\u0131 Kettle Dayan\u0131kl\u0131 Paslanmaz \u00c7elik Uzun \u00d6m\u00fcrl\u00fc"},"content":{"rendered":"<p>Y\u00fcksek performans ve estetik tasar\u0131m\u0131 bir araya getiren bu elektrikli su \u0131s\u0131t\u0131c\u0131s\u0131, g\u00fcnl\u00fck kullan\u0131m i\u00e7in i\u015flevsel ve g\u00fcvenli bir \u00e7\u00f6z\u00fcm sunar. Otomatik kapanma \u00f6zelli\u011fi, kullan\u0131m s\u0131ras\u0131nda maksimum g\u00fcvenli\u011fi sa\u011flarken ayn\u0131 zamanda enerji tasarrufuna da katk\u0131 sunar. Maksimum 2000 watt g\u00fc\u00e7 t\u00fcketimiyle enerji verimlili\u011fi konusunda kullan\u0131c\u0131 dostu bir profil \u00e7izer. 220 &#8211; 240 V standart voltaj aral\u0131\u011f\u0131nda sorunsuz \u00e7al\u0131\u015farak ev tipi elektrik sistemleriyle tam uyumluluk sa\u011flar. Ayr\u0131ca C veya F tipi prizlerle uyumlu yap\u0131s\u0131 sayesinde farkl\u0131 \u00fclkelerde de rahatl\u0131kla kullan\u0131labilir.1.8 litrelik geni\u015f su haznesi, kalabal\u0131k aileler veya misafirli zamanlar i\u00e7in tek seferde bol miktarda s\u0131cak su haz\u0131rlama imk\u00e2n\u0131 sunar. Gizli rezistans teknolojisi ise hem temizlik i\u015flemlerini b\u00fcy\u00fck \u00f6l\u00e7\u00fcde kolayla\u015ft\u0131r\u0131r hem de uzun \u00f6m\u00fcrl\u00fc ve istikrarl\u0131 \u0131s\u0131tma performans\u0131n\u0131 garanti eder. Frekans deste\u011fi olarak 50 Hz ve 60 Hz se\u00e7eneklerine sahip olmas\u0131, cihaz\u0131n d\u00fcnya genelinde yayg\u0131n elektrik sistemleriyle uyumlu \u00e7al\u0131\u015fmas\u0131n\u0131 m\u00fcmk\u00fcn k\u0131lar. Paslanmaz \u00e7elik g\u00f6vde, sadece cihaz\u0131n dayan\u0131kl\u0131l\u0131\u011f\u0131n\u0131 art\u0131rmakla kalmaz; ayn\u0131 zamanda modern mutfaklara \u015f\u0131kl\u0131k katan bir detay olarak \u00f6ne \u00e7\u0131kar.\u0130nox rengi, zaman\u0131n \u00f6tesinde bir estetik anlay\u0131\u015f\u0131 sunarken, web color gri tonlar\u0131ndaki se\u00e7ene\u011fi ise \u00f6zellikle sade, modern ve minimalist mutfak tasar\u0131mlar\u0131n\u0131 tercih eden kullan\u0131c\u0131lar i\u00e7in ideal bir tercih sunar. T\u00fcrkiye men\u015feli \u00fcretimi sayesinde yerel standartlara uygunluk ve g\u00fcvenilir kalite kontrol s\u00fcre\u00e7lerinden ge\u00e7erek kullan\u0131c\u0131lara sunulur. \u00dcstelik 2 y\u0131l s\u00fcreyle resmi distrib\u00fct\u00f6r garantisi alt\u0131nda olmas\u0131, uzun vadeli kullan\u0131m g\u00fcvencesi arayanlar i\u00e7in ek bir g\u00fcven kayna\u011f\u0131d\u0131r. Hem g\u00f6rsel hem de i\u015flevsel y\u00f6nleriyle dikkat \u00e7eken bu elektrikli \u0131s\u0131t\u0131c\u0131, ya\u015fam alanlar\u0131n\u0131za pratiklik ve zarafet kazand\u0131r\u0131r.&nbsp;&nbsp;&nbsp;&nbsp;&nbsp;&nbsp;&nbsp;<\/p>\n","protected":false},"excerpt":{"rendered":"<p>Y\u00fcksek performans ve estetik tasar\u0131m\u0131 bir araya getiren bu elektrikli su \u0131s\u0131t\u0131c\u0131s\u0131, g\u00fcnl\u00fck kullan\u0131m i\u00e7in i\u015flevsel ve g\u00fcvenli bir \u00e7\u00f6z\u00fcm sunar. Otomatik kapanma \u00f6zelli\u011fi, kullan\u0131m s\u0131ras\u0131nda maksimum g\u00fcvenli\u011fi sa\u011flarken ayn\u0131 zamanda enerji tasarrufuna da katk\u0131 sunar. Maksimum 2000 watt g\u00fc\u00e7 t\u00fcketimiyle enerji verimlili\u011fi konusunda kullan\u0131c\u0131 dostu bir profil \u00e7izer. 220 &#8211; 240 V standart voltaj&#8230;<\/p>\n","protected":false},"featured_media":111147,"comment_status":"open","ping_status":"closed","template":"","meta":{"_kad_post_transparent":"","_kad_post_title":"","_kad_post_layout":"","_kad_post_sidebar_id":"","_kad_post_content_style":"","_kad_post_vertical_padding":"","_kad_post_feature":"","_kad_post_feature_position":"","_kad_post_header":false,"_kad_post_footer":false,"_kad_post_classname":""},"product_brand":[],"product_cat":[15037],"product_tag":[],"class_list":{"0":"post-111148","1":"product","2":"type-product","3":"status-publish","4":"has-post-thumbnail","6":"product_cat-su-isitici-ve-kettle-su-isitici-ve-kettle","8":"first","9":"instock","10":"purchasable","11":"product-type-simple","12":"entry","13":"content-bg","14":"loop-entry"},"_links":{"self":[{"href":"https:\/\/www.hediyepazar.com\/index.php?rest_route=\/wp\/v2\/product\/111148","targetHints":{"allow":["GET"]}}],"collection":[{"href":"https:\/\/www.hediyepazar.com\/index.php?rest_route=\/wp\/v2\/product"}],"about":[{"href":"https:\/\/www.hediyepazar.com\/index.php?rest_route=\/wp\/v2\/types\/product"}],"replies":[{"embeddable":true,"href":"https:\/\/www.hediyepazar.com\/index.php?rest_route=%2Fwp%2Fv2%2Fcomments&post=111148"}],"wp:featuredmedia":[{"embeddable":true,"href":"https:\/\/www.hediyepazar.com\/index.php?rest_route=\/wp\/v2\/media\/111147"}],"wp:attachment":[{"href":"https:\/\/www.hediyepazar.com\/index.php?rest_route=%2Fwp%2Fv2%2Fmedia&parent=111148"}],"wp:term":[{"taxonomy":"product_brand","embeddable":true,"href":"https:\/\/www.hediyepazar.com\/index.php?rest_route=%2Fwp%2Fv2%2Fproduct_brand&post=111148"},{"taxonomy":"product_cat","embeddable":true,"href":"https:\/\/www.hediyepazar.com\/index.php?rest_route=%2Fwp%2Fv2%2Fproduct_cat&post=111148"},{"taxonomy":"product_tag","embeddable":true,"href":"https:\/\/www.hediyepazar.com\/index.php?rest_route=%2Fwp%2Fv2%2Fproduct_tag&post=111148"}],"curies":[{"name":"wp","href":"https:\/\/api.w.org\/{rel}","templated":true}]}}