{"id":111162,"date":"2026-05-05T06:37:57","date_gmt":"2026-05-05T09:37:57","guid":{"rendered":"https:\/\/www.hediyepazar.com\/?product=rgb-isikli-yuksek-ses-kaliteli-kablosuz-kulak-ustu-bluetooth-kulaklik"},"modified":"2026-05-05T06:37:57","modified_gmt":"2026-05-05T09:37:57","slug":"rgb-isikli-yuksek-ses-kaliteli-kablosuz-kulak-ustu-bluetooth-kulaklik","status":"publish","type":"product","link":"https:\/\/www.hediyepazar.com\/?product=rgb-isikli-yuksek-ses-kaliteli-kablosuz-kulak-ustu-bluetooth-kulaklik","title":{"rendered":"RGB I\u015f\u0131kl\u0131 Y\u00fcksek Ses Kaliteli Kablosuz Kulak \u00dcst\u00fc Bluetooth Kulakl\u0131k"},"content":{"rendered":"<p>RGB \u0131\u015f\u0131kl\u0131 bu kablosuz kulakl\u0131k, oyun tutkunlar\u0131 i\u00e7in \u00f6zel olarak tasarlanm\u0131\u015f profesyonel bir e-spor ekipman\u0131d\u0131r. G\u00f6z kama\u015ft\u0131r\u0131c\u0131 RGB \u0131\u015f\u0131k efektleriyle oyun atmosferini destekleyerek, sadece i\u015fitsel de\u011fil ayn\u0131 zamanda g\u00f6rsel bir \u015f\u00f6len sunar. Hafif ve dayan\u0131kl\u0131 ABS malzemeden \u00fcretilmi\u015f olan kulakl\u0131k, sadece 280 gram a\u011f\u0131rl\u0131\u011f\u0131ndad\u0131r ve uzun s\u00fcreli kullan\u0131mlarda dahi rahats\u0131zl\u0131k vermez. 40mm\u2019lik b\u00fcy\u00fck dinamik bobin \u00fcnitesi sayesinde y\u00fcksek perdelerde net ve \u015feffaf ses sunarken, g\u00fc\u00e7l\u00fc bas dalgalar\u0131 ile geni\u015f bir ses alan\u0131 olu\u015fturur. Bu sayede kullan\u0131c\u0131ya y\u00fcksek kaliteli, etkileyici bir dinleme deneyimi sa\u011flar.Bluetooth 5.3 teknolojisiyle donat\u0131lan cihaz, 10 metreye kadar kesintisiz ba\u011flant\u0131 imkan\u0131 tan\u0131rken, 800mAh kapasiteli pili ile uzun s\u00fcreli kullan\u0131m sunar. Kulakl\u0131kta pil g\u00f6stergesi de bulunmakta olup, kablosuz gecikme s\u00fcresi 30 ms\u2019nin alt\u0131ndad\u0131r; bu da \u00f6zellikle rekabet\u00e7i oyunlar i\u00e7in son derece \u00f6nemlidir. IPX-4 su ge\u00e7irmezlik standard\u0131na sahip olan \u00fcr\u00fcn, g\u00fcnl\u00fck kullan\u0131mda ter ve hafif su s\u0131\u00e7ramalar\u0131na kar\u015f\u0131 dayan\u0131kl\u0131d\u0131r. Type-C \u015farj aray\u00fcz\u00fc ile h\u0131zl\u0131 ve kolay \u015farj imkan\u0131 sa\u011flar. Ayr\u0131ca kutu i\u00e7eri\u011finde \u015farj kablosu, aux kablo ve kullan\u0131m k\u0131lavuzu da yer almaktad\u0131r.Cilt dostu, nefes alabilir kulakl\u0131k pedleriyle donat\u0131lan bu \u00fcr\u00fcn, kula\u011f\u0131 saran \u00f6zel \u00fc\u00e7 boyutlu tasar\u0131m\u0131yla d\u0131\u015f sesleri b\u00fcy\u00fck \u00f6l\u00e7\u00fcde izole eder. Bu da kullan\u0131c\u0131y\u0131 d\u0131\u015f etkenlerden uzakla\u015ft\u0131rarak oyun, m\u00fczik veya video deneyiminde daha fazla odaklanma ve s\u00fcr\u00fckleyicilik sa\u011flar. Arka arkaya iki kez \u0131\u015f\u0131k d\u00fc\u011fmesine basarak RGB \u0131\u015f\u0131klar kolayca a\u00e7\u0131l\u0131p kapat\u0131labilir. Her y\u00f6n\u00fcyle oyun keyfini art\u0131rmaya y\u00f6nelik geli\u015ftirilen bu kulakl\u0131k, hem performans hem de konfor arayan kullan\u0131c\u0131lar i\u00e7in ideal bir tercihtir.&nbsp;&nbsp;&nbsp;&nbsp;&nbsp;&nbsp;&nbsp;<\/p>\n","protected":false},"excerpt":{"rendered":"<p>RGB \u0131\u015f\u0131kl\u0131 bu kablosuz kulakl\u0131k, oyun tutkunlar\u0131 i\u00e7in \u00f6zel olarak tasarlanm\u0131\u015f profesyonel bir e-spor ekipman\u0131d\u0131r. G\u00f6z kama\u015ft\u0131r\u0131c\u0131 RGB \u0131\u015f\u0131k efektleriyle oyun atmosferini destekleyerek, sadece i\u015fitsel de\u011fil ayn\u0131 zamanda g\u00f6rsel bir \u015f\u00f6len sunar. Hafif ve dayan\u0131kl\u0131 ABS malzemeden \u00fcretilmi\u015f olan kulakl\u0131k, sadece 280 gram a\u011f\u0131rl\u0131\u011f\u0131ndad\u0131r ve uzun s\u00fcreli kullan\u0131mlarda dahi rahats\u0131zl\u0131k vermez. 40mm\u2019lik b\u00fcy\u00fck dinamik bobin&#8230;<\/p>\n","protected":false},"featured_media":111161,"comment_status":"open","ping_status":"closed","template":"","meta":{"_kad_post_transparent":"","_kad_post_title":"","_kad_post_layout":"","_kad_post_sidebar_id":"","_kad_post_content_style":"","_kad_post_vertical_padding":"","_kad_post_feature":"","_kad_post_feature_position":"","_kad_post_header":false,"_kad_post_footer":false,"_kad_post_classname":""},"product_brand":[],"product_cat":[14957],"product_tag":[],"class_list":{"0":"post-111162","1":"product","2":"type-product","3":"status-publish","4":"has-post-thumbnail","6":"product_cat-kablosuz-kulaklik-kablosuz-kulaklik","8":"first","9":"instock","10":"purchasable","11":"product-type-simple","12":"entry","13":"content-bg","14":"loop-entry"},"_links":{"self":[{"href":"https:\/\/www.hediyepazar.com\/index.php?rest_route=\/wp\/v2\/product\/111162","targetHints":{"allow":["GET"]}}],"collection":[{"href":"https:\/\/www.hediyepazar.com\/index.php?rest_route=\/wp\/v2\/product"}],"about":[{"href":"https:\/\/www.hediyepazar.com\/index.php?rest_route=\/wp\/v2\/types\/product"}],"replies":[{"embeddable":true,"href":"https:\/\/www.hediyepazar.com\/index.php?rest_route=%2Fwp%2Fv2%2Fcomments&post=111162"}],"wp:featuredmedia":[{"embeddable":true,"href":"https:\/\/www.hediyepazar.com\/index.php?rest_route=\/wp\/v2\/media\/111161"}],"wp:attachment":[{"href":"https:\/\/www.hediyepazar.com\/index.php?rest_route=%2Fwp%2Fv2%2Fmedia&parent=111162"}],"wp:term":[{"taxonomy":"product_brand","embeddable":true,"href":"https:\/\/www.hediyepazar.com\/index.php?rest_route=%2Fwp%2Fv2%2Fproduct_brand&post=111162"},{"taxonomy":"product_cat","embeddable":true,"href":"https:\/\/www.hediyepazar.com\/index.php?rest_route=%2Fwp%2Fv2%2Fproduct_cat&post=111162"},{"taxonomy":"product_tag","embeddable":true,"href":"https:\/\/www.hediyepazar.com\/index.php?rest_route=%2Fwp%2Fv2%2Fproduct_tag&post=111162"}],"curies":[{"name":"wp","href":"https:\/\/api.w.org\/{rel}","templated":true}]}}