{"id":111170,"date":"2026-05-05T06:38:16","date_gmt":"2026-05-05T09:38:16","guid":{"rendered":"https:\/\/www.hediyepazar.com\/?product=dijital-masa-saati-termometreli-takvim-calar-saat-led-ekran-pilli"},"modified":"2026-05-05T06:38:16","modified_gmt":"2026-05-05T09:38:16","slug":"dijital-masa-saati-termometreli-takvim-calar-saat-led-ekran-pilli","status":"publish","type":"product","link":"https:\/\/www.hediyepazar.com\/?product=dijital-masa-saati-termometreli-takvim-calar-saat-led-ekran-pilli","title":{"rendered":"Dijital Masa Saati Termometreli Takvim \u00c7alar Saat Led Ekran Pilli"},"content":{"rendered":"<p>\u015e\u0131k ve kullan\u0131\u015fl\u0131 tasar\u0131m\u0131yla \u00f6ne \u00e7\u0131kan bu dijital masa saati, modern ya\u015fam alanlar\u0131 i\u00e7in hem dekoratif hem de i\u015flevsel bir \u00e7\u00f6z\u00fcm sunar. Geni\u015f dijital ekran\u0131 sayesinde saati, tarihi ve ortam s\u0131cakl\u0131\u011f\u0131n\u0131 kolayl\u0131kla g\u00f6rebilir; \u00f6zellikle d\u00fc\u015f\u00fck \u0131\u015f\u0131kl\u0131 ortamlarda dahi ekran\u0131 net bir \u015fekilde takip edebilirsiniz. Otomatik \u0131\u015f\u0131k sens\u00f6r\u00fc sayesinde karanl\u0131kta ekran kendili\u011finden ayd\u0131nlan\u0131r ve bu \u00f6zellik gerekti\u011finde manuel olarak da aktive edilebilir. Ayd\u0131nlatma sistemi, k\u0131sa s\u00fcreli yanarak gereksiz enerji t\u00fcketiminin \u00f6n\u00fcne ge\u00e7er ve g\u00f6z yormayan bir kullan\u0131m sa\u011flar.Alarml\u0131 yap\u0131s\u0131yla sabahlar\u0131 zaman\u0131nda uyanman\u0131za yard\u0131mc\u0131 olan bu saat, ayn\u0131 zamanda tarih ve derece g\u00f6stergeleriyle de g\u00fcn boyu ihtiyac\u0131n\u0131z olan temel bilgileri sunar. Kompakt \u00f6l\u00e7\u00fcleri sayesinde \u00e7al\u0131\u015fma masan\u0131zda, ba\u015f ucunuzda ya da ofis ortam\u0131nda rahatl\u0131kla yer bulabilir. Ayr\u0131ca sessiz \u00e7al\u0131\u015fmas\u0131yla gece boyunca rahats\u0131zl\u0131k vermez.\u00dcr\u00fcn 4,3 x 15,1 x 7,7 cm boyutlar\u0131ndad\u0131r ve 3 adet AA pil ile \u00e7al\u0131\u015f\u0131r (piller dahil de\u011fildir). Kutusunda 1 adet fotoselli dijital masa saati bulunmaktad\u0131r. Pratikli\u011fi ve modern g\u00f6r\u00fcn\u00fcm\u00fcyle hem ev hem ofis kullan\u0131m\u0131 i\u00e7in ideal bir yard\u0131mc\u0131d\u0131r.&nbsp;&nbsp;<\/p>\n","protected":false},"excerpt":{"rendered":"<p>\u015e\u0131k ve kullan\u0131\u015fl\u0131 tasar\u0131m\u0131yla \u00f6ne \u00e7\u0131kan bu dijital masa saati, modern ya\u015fam alanlar\u0131 i\u00e7in hem dekoratif hem de i\u015flevsel bir \u00e7\u00f6z\u00fcm sunar. Geni\u015f dijital ekran\u0131 sayesinde saati, tarihi ve ortam s\u0131cakl\u0131\u011f\u0131n\u0131 kolayl\u0131kla g\u00f6rebilir; \u00f6zellikle d\u00fc\u015f\u00fck \u0131\u015f\u0131kl\u0131 ortamlarda dahi ekran\u0131 net bir \u015fekilde takip edebilirsiniz. Otomatik \u0131\u015f\u0131k sens\u00f6r\u00fc sayesinde karanl\u0131kta ekran kendili\u011finden ayd\u0131nlan\u0131r ve bu \u00f6zellik&#8230;<\/p>\n","protected":false},"featured_media":111169,"comment_status":"open","ping_status":"closed","template":"","meta":{"_kad_post_transparent":"","_kad_post_title":"","_kad_post_layout":"","_kad_post_sidebar_id":"","_kad_post_content_style":"","_kad_post_vertical_padding":"","_kad_post_feature":"","_kad_post_feature_position":"","_kad_post_header":false,"_kad_post_footer":false,"_kad_post_classname":""},"product_brand":[],"product_cat":[15038],"product_tag":[],"class_list":{"0":"post-111170","1":"product","2":"type-product","3":"status-publish","4":"has-post-thumbnail","6":"product_cat-masa-saati-masa-saati","8":"first","9":"instock","10":"purchasable","11":"product-type-simple","12":"entry","13":"content-bg","14":"loop-entry"},"_links":{"self":[{"href":"https:\/\/www.hediyepazar.com\/index.php?rest_route=\/wp\/v2\/product\/111170","targetHints":{"allow":["GET"]}}],"collection":[{"href":"https:\/\/www.hediyepazar.com\/index.php?rest_route=\/wp\/v2\/product"}],"about":[{"href":"https:\/\/www.hediyepazar.com\/index.php?rest_route=\/wp\/v2\/types\/product"}],"replies":[{"embeddable":true,"href":"https:\/\/www.hediyepazar.com\/index.php?rest_route=%2Fwp%2Fv2%2Fcomments&post=111170"}],"wp:featuredmedia":[{"embeddable":true,"href":"https:\/\/www.hediyepazar.com\/index.php?rest_route=\/wp\/v2\/media\/111169"}],"wp:attachment":[{"href":"https:\/\/www.hediyepazar.com\/index.php?rest_route=%2Fwp%2Fv2%2Fmedia&parent=111170"}],"wp:term":[{"taxonomy":"product_brand","embeddable":true,"href":"https:\/\/www.hediyepazar.com\/index.php?rest_route=%2Fwp%2Fv2%2Fproduct_brand&post=111170"},{"taxonomy":"product_cat","embeddable":true,"href":"https:\/\/www.hediyepazar.com\/index.php?rest_route=%2Fwp%2Fv2%2Fproduct_cat&post=111170"},{"taxonomy":"product_tag","embeddable":true,"href":"https:\/\/www.hediyepazar.com\/index.php?rest_route=%2Fwp%2Fv2%2Fproduct_tag&post=111170"}],"curies":[{"name":"wp","href":"https:\/\/api.w.org\/{rel}","templated":true}]}}