{"id":111198,"date":"2026-05-05T06:42:20","date_gmt":"2026-05-05T09:42:20","guid":{"rendered":"https:\/\/www.hediyepazar.com\/?product=ultrapods-kulaklik"},"modified":"2026-05-05T06:42:20","modified_gmt":"2026-05-05T09:42:20","slug":"ultrapods-kulaklik","status":"publish","type":"product","link":"https:\/\/www.hediyepazar.com\/?product=ultrapods-kulaklik","title":{"rendered":"ULTRAPODS KULAKLIK"},"content":{"rendered":"<p>Bu kablosuz kulakl\u0131k, geli\u015fmi\u015f teknolojisi ve \u015f\u0131k tasar\u0131m\u0131yla hem g\u00fcnl\u00fck kullan\u0131mda hem de oyun deneyimlerinde \u00fcst\u00fcn performans sunmak i\u00e7in tasarland\u0131. ENC (Environmental Noise Cancellation) \u00f6zelli\u011fi sayesinde d\u0131\u015f sesleri minimuma indirirken, \u00fc\u00e7l\u00fc mikrofon sistemiyle net ve kesintisiz \u00e7a\u011fr\u0131lar yapabilmenize olanak tan\u0131r. Ekstra bass teknolojisi ise m\u00fczik dinlerken derin ve g\u00fc\u00e7l\u00fc ses deneyimi ya\u015fat\u0131r.Bluetooth 5.3 teknolojisi sayesinde t\u00fcm Bluetooth \u00f6zellikli ak\u0131ll\u0131 cihazlarla y\u00fcksek uyum sa\u011flayarak, kararl\u0131 ve h\u0131zl\u0131 ba\u011flant\u0131 sunar. Dokunmatik y\u00fczeyi sayesinde m\u00fczi\u011fi duraklatma, \u00e7a\u011fr\u0131 yan\u0131tlama gibi i\u015flemleri kolayca ger\u00e7ekle\u015ftirebilir; ellerinizi kullanmadan her \u015feyi kulakl\u0131k \u00fczerinden kontrol edebilirsiniz.Dijital LED ekran\u0131 ile \u015farj seviyesini anl\u0131k olarak takip edebilir, kulakl\u0131klar\u0131n\u0131z\u0131n ne zaman \u015farja ihtiya\u00e7 duydu\u011funu rahat\u00e7a g\u00f6rebilirsiniz. Yedek kulak i\u00e7i silikonlar\u0131 ile her kula\u011fa uygun alternatifler sunulurken, ergonomik tasar\u0131m\u0131 sayesinde uzun s\u00fcreli kullan\u0131mlarda bile konfor sa\u011flar.Ta\u015f\u0131nabilir yap\u0131s\u0131, cebinizde veya \u00e7antan\u0131zda kolayca yer bulmas\u0131n\u0131 sa\u011flar. Bu kulakl\u0131k, kaliteli ses performans\u0131n\u0131n yan\u0131nda, pratik ve modern bir kullan\u0131m sunarak m\u00fczi\u011fi, oyunlar\u0131 ve ileti\u015fimi her an yan\u0131n\u0131zda ta\u015f\u0131man\u0131z\u0131 sa\u011flar.&nbsp;&nbsp;&nbsp;<\/p>\n","protected":false},"excerpt":{"rendered":"<p>Bu kablosuz kulakl\u0131k, geli\u015fmi\u015f teknolojisi ve \u015f\u0131k tasar\u0131m\u0131yla hem g\u00fcnl\u00fck kullan\u0131mda hem de oyun deneyimlerinde \u00fcst\u00fcn performans sunmak i\u00e7in tasarland\u0131. ENC (Environmental Noise Cancellation) \u00f6zelli\u011fi sayesinde d\u0131\u015f sesleri minimuma indirirken, \u00fc\u00e7l\u00fc mikrofon sistemiyle net ve kesintisiz \u00e7a\u011fr\u0131lar yapabilmenize olanak tan\u0131r. Ekstra bass teknolojisi ise m\u00fczik dinlerken derin ve g\u00fc\u00e7l\u00fc ses deneyimi ya\u015fat\u0131r.Bluetooth 5.3 teknolojisi sayesinde&#8230;<\/p>\n","protected":false},"featured_media":111197,"comment_status":"open","ping_status":"closed","template":"","meta":{"_kad_post_transparent":"","_kad_post_title":"","_kad_post_layout":"","_kad_post_sidebar_id":"","_kad_post_content_style":"","_kad_post_vertical_padding":"","_kad_post_feature":"","_kad_post_feature_position":"","_kad_post_header":false,"_kad_post_footer":false,"_kad_post_classname":""},"product_brand":[],"product_cat":[14957],"product_tag":[],"class_list":{"0":"post-111198","1":"product","2":"type-product","3":"status-publish","4":"has-post-thumbnail","6":"product_cat-kablosuz-kulaklik-kablosuz-kulaklik","8":"first","9":"instock","10":"purchasable","11":"product-type-simple","12":"entry","13":"content-bg","14":"loop-entry"},"_links":{"self":[{"href":"https:\/\/www.hediyepazar.com\/index.php?rest_route=\/wp\/v2\/product\/111198","targetHints":{"allow":["GET"]}}],"collection":[{"href":"https:\/\/www.hediyepazar.com\/index.php?rest_route=\/wp\/v2\/product"}],"about":[{"href":"https:\/\/www.hediyepazar.com\/index.php?rest_route=\/wp\/v2\/types\/product"}],"replies":[{"embeddable":true,"href":"https:\/\/www.hediyepazar.com\/index.php?rest_route=%2Fwp%2Fv2%2Fcomments&post=111198"}],"wp:featuredmedia":[{"embeddable":true,"href":"https:\/\/www.hediyepazar.com\/index.php?rest_route=\/wp\/v2\/media\/111197"}],"wp:attachment":[{"href":"https:\/\/www.hediyepazar.com\/index.php?rest_route=%2Fwp%2Fv2%2Fmedia&parent=111198"}],"wp:term":[{"taxonomy":"product_brand","embeddable":true,"href":"https:\/\/www.hediyepazar.com\/index.php?rest_route=%2Fwp%2Fv2%2Fproduct_brand&post=111198"},{"taxonomy":"product_cat","embeddable":true,"href":"https:\/\/www.hediyepazar.com\/index.php?rest_route=%2Fwp%2Fv2%2Fproduct_cat&post=111198"},{"taxonomy":"product_tag","embeddable":true,"href":"https:\/\/www.hediyepazar.com\/index.php?rest_route=%2Fwp%2Fv2%2Fproduct_tag&post=111198"}],"curies":[{"name":"wp","href":"https:\/\/api.w.org\/{rel}","templated":true}]}}